{"id":119524,"date":"2025-01-15T14:10:52","date_gmt":"2025-01-15T14:10:52","guid":{"rendered":"https:\/\/www.klassmark.com\/?page_id=119524"},"modified":"2026-03-19T10:53:31","modified_gmt":"2026-03-19T10:53:31","slug":"perfect-kit-merrell","status":"publish","type":"page","link":"https:\/\/www.klassmark.com\/es\/perfect-kit-merrell\/","title":{"rendered":"Perfect kit &#8211; Merrell"},"content":{"rendered":"<div class=\"wpb-content-wrapper\"><p>[vc_row row_height_percent=&#8221;0&#8243; back_color=&#8221;color-jevc&#8221; overlay_color=&#8221;color-jevc&#8221; overlay_alpha=&#8221;100&#8243; gutter_size=&#8221;3&#8243; column_width_percent=&#8221;100&#8243; shift_y=&#8221;0&#8243; z_index=&#8221;1&#8243; enable_bottom_divider=&#8221;default&#8221; bottom_divider=&#8221;gradient&#8221; shape_bottom_h_use_pixel=&#8221;true&#8221; shape_bottom_height_percent=&#8221;100&#8243; shape_bottom_color=&#8221;color-jevc&#8221; shape_bottom_opacity=&#8221;50&#8243; shape_bottom_index=&#8221;0&#8243; sticky=&#8221;yes&#8221; changer_back_color=&#8221;yes&#8221; uncode_shortcode_id=&#8221;870747&#8243; back_color_type=&#8221;uncode-palette&#8221; overlay_color_type=&#8221;uncode-palette&#8221; shape_bottom_color_type=&#8221;uncode-palette&#8221; el_class=&#8221;sticky-trigger&#8221;][vc_column column_width_percent=&#8221;100&#8243; position_vertical=&#8221;middle&#8221; align_horizontal=&#8221;align_center&#8221; gutter_size=&#8221;3&#8243; style=&#8221;dark&#8221; overlay_alpha=&#8221;50&#8243; shift_x=&#8221;0&#8243; shift_y=&#8221;0&#8243; shift_y_down=&#8221;0&#8243; z_index=&#8221;0&#8243; medium_width=&#8221;0&#8243; align_mobile=&#8221;align_center_mobile&#8221; mobile_width=&#8221;0&#8243; css_animation=&#8221;alpha-anim&#8221; animation_speed=&#8221;1000&#8243; animation_delay=&#8221;400&#8243; width=&#8221;1\/1&#8243; uncode_shortcode_id=&#8221;200831&#8243;][vc_row_inner row_inner_height_percent=&#8221;0&#8243; overlay_alpha=&#8221;50&#8243; gutter_size=&#8221;3&#8243; shift_y=&#8221;0&#8243; z_index=&#8221;0&#8243; uncode_shortcode_id=&#8221;201786&#8243; limit_content=&#8221;&#8221;][vc_column_inner column_width_percent=&#8221;100&#8243; align_horizontal=&#8221;align_center&#8221; gutter_size=&#8221;3&#8243; style=&#8221;dark&#8221; overlay_alpha=&#8221;50&#8243; shift_x=&#8221;0&#8243; shift_y=&#8221;0&#8243; shift_y_down=&#8221;0&#8243; z_index=&#8221;0&#8243; medium_width=&#8221;0&#8243; mobile_width=&#8221;0&#8243; width=&#8221;1\/1&#8243; uncode_shortcode_id=&#8221;606002&#8243;][vc_wp_custommenu nav_menu=&#8221;175&#8243; nav_menu_horizontal=&#8221;1&#8243; use_widget_style=&#8221;yes&#8221; widget_collapse=&#8221;yes&#8221;][\/vc_column_inner][\/vc_row_inner][\/vc_column][\/vc_row][vc_row row_height_percent=&#8221;0&#8243; override_padding=&#8221;yes&#8221; h_padding=&#8221;2&#8243; top_padding=&#8221;5&#8243; bottom_padding=&#8221;3&#8243; back_color=&#8221;color-xsdn&#8221; overlay_alpha=&#8221;50&#8243; gutter_size=&#8221;4&#8243; column_width_percent=&#8221;100&#8243; shift_y=&#8221;0&#8243; z_index=&#8221;0&#8243; uncode_shortcode_id=&#8221;266542&#8243; back_color_type=&#8221;uncode-palette&#8221; row_name=&#8221;info&#8221;][vc_column column_width_percent=&#8221;100&#8243; gutter_size=&#8221;3&#8243; overlay_alpha=&#8221;50&#8243; shift_x=&#8221;0&#8243; shift_y=&#8221;0&#8243; shift_y_down=&#8221;0&#8243; z_index=&#8221;0&#8243; medium_width=&#8221;4&#8243; mobile_width=&#8221;0&#8243; width=&#8221;1\/1&#8243; el_class=&#8221;image-card image-card-triple&#8221; uncode_shortcode_id=&#8221;386809&#8243;][vc_row_inner row_inner_height_percent=&#8221;0&#8243; overlay_alpha=&#8221;50&#8243; gutter_size=&#8221;2&#8243; shift_y=&#8221;0&#8243; z_index=&#8221;0&#8243; uncode_shortcode_id=&#8221;111324&#8243;][vc_column_inner column_width_percent=&#8221;100&#8243; align_horizontal=&#8221;align_center&#8221; gutter_size=&#8221;0&#8243; overlay_alpha=&#8221;50&#8243; shift_x=&#8221;-2&#8243; shift_y=&#8221;0&#8243; shift_y_down=&#8221;0&#8243; z_index=&#8221;0&#8243; medium_width=&#8221;0&#8243; mobile_width=&#8221;0&#8243; width=&#8221;1\/2&#8243; uncode_shortcode_id=&#8221;144492&#8243;][vc_gallery el_id=&#8221;gallery-171701&#8243; medias=&#8221;122573,122570&#8243; gutter_size=&#8221;3&#8243; screen_lg=&#8221;1000&#8243; screen_md=&#8221;600&#8243; screen_sm=&#8221;480&#8243; single_overlay_opacity=&#8221;50&#8243; single_padding=&#8221;2&#8243; uncode_shortcode_id=&#8221;326807&#8243;][\/vc_column_inner][vc_column_inner column_width_percent=&#8221;100&#8243; gutter_size=&#8221;2&#8243; overlay_alpha=&#8221;50&#8243; shift_x=&#8221;0&#8243; shift_y=&#8221;0&#8243; shift_y_down=&#8221;0&#8243; z_index=&#8221;0&#8243; medium_width=&#8221;0&#8243; mobile_width=&#8221;0&#8243; width=&#8221;1\/2&#8243; uncode_shortcode_id=&#8221;164049&#8243;][vc_column_text uncode_shortcode_id=&#8221;124553&#8243;]<\/p>\n<h4><strong>MERRELL<\/strong><\/h4>\n<p>Reconocida mundialmente como marca l\u00edder en la fabricaci\u00f3n de calzado outdor, comprende diferentes categor\u00edas, desde calzado de senderismo y trail running hasta opciones de entrenamiento barefoot y lifestyle. Merrell, destaca por su combinaci\u00f3n excepcional de funcionalidad y estilo. La marca, presente en m\u00e1s de 190 pa\u00edses, se compromete no solo a cumplir los rigurosos est\u00e1ndares de rendimiento, sino tambi\u00e9n a fomentar la inclusividad y sostenibilidad al disfrutar del aire libre.[\/vc_column_text][\/vc_column_inner][\/vc_row_inner][vc_separator sep_color=&#8221;color-uydo&#8221; uncode_shortcode_id=&#8221;132005&#8243; sep_color_type=&#8221;uncode-palette&#8221;][vc_row_inner limit_content=&#8221;&#8221;][vc_column_inner column_width_percent=&#8221;100&#8243; position_vertical=&#8221;middle&#8221; align_horizontal=&#8221;align_center&#8221; gutter_size=&#8221;0&#8243; overlay_alpha=&#8221;50&#8243; shift_x=&#8221;0&#8243; shift_y=&#8221;0&#8243; shift_y_down=&#8221;0&#8243; z_index=&#8221;0&#8243; medium_width=&#8221;0&#8243; mobile_width=&#8221;0&#8243; width=&#8221;1\/3&#8243; uncode_shortcode_id=&#8221;188251&#8243;][vc_single_image media=&#8221;122557&#8243; media_lightbox=&#8221;yes&#8221; media_width_percent=&#8221;100&#8243; media_ratio=&#8221;one-one&#8221; alignment=&#8221;center&#8221; lbox_actual_size=&#8221;yes&#8221; uncode_shortcode_id=&#8221;528129&#8243; media_link=&#8221;url:https%3A%2F%2Fwww.merrell.com%2FES%2Fes_ES%2Fsearch%3Fq%3Dmtl%2520adapt|target:_blank&#8221;][vc_column_text uncode_shortcode_id=&#8221;238670&#8243;]<b>Agility Peak 6<\/b><\/p>\n<p><strong data-start=\"53\" data-end=\"92\">M\u00e1s lejos, con m\u00e1s confianza<\/strong><br data-start=\"92\" data-end=\"95\" \/>Dise\u00f1ada para largas distancias y terrenos exigentes, la nueva Agility Peak 6 eleva su rendimiento en cada detalle. Combina una malla m\u00e1s resistente y transpirable, una amortiguaci\u00f3n duradera, una flexibilidad mejorada y una tracci\u00f3n superior gracias a la suela Vibram\u00ae Megagrip optimizada. Hecha para quien quiere ir m\u00e1s lejos, sin concesiones.[\/vc_column_text][vc_button button_color=&#8221;color-jevc&#8221; size=&#8221;btn-sm&#8221; outline=&#8221;yes&#8221; text_skin=&#8221;yes&#8221; border_width=&#8221;0&#8243; display=&#8221;inline&#8221; link=&#8221;url:https%3A%2F%2Fwww.merrell.com%2FES%2Fes_ES%2Fmens-featured-agility%2F|target:_blank&#8221; uncode_shortcode_id=&#8221;200197&#8243; button_color_type=&#8221;uncode-palette&#8221;]Desc\u00fabrelas[\/vc_button][\/vc_column_inner][vc_column_inner column_width_percent=&#8221;100&#8243; position_vertical=&#8221;middle&#8221; align_horizontal=&#8221;align_center&#8221; gutter_size=&#8221;0&#8243; overlay_alpha=&#8221;50&#8243; shift_x=&#8221;0&#8243; shift_y=&#8221;0&#8243; shift_y_down=&#8221;0&#8243; z_index=&#8221;0&#8243; medium_width=&#8221;0&#8243; mobile_width=&#8221;0&#8243; width=&#8221;1\/3&#8243; uncode_shortcode_id=&#8221;994961&#8243;][vc_single_image media=&#8221;122560&#8243; media_lightbox=&#8221;yes&#8221; media_width_percent=&#8221;100&#8243; media_ratio=&#8221;one-one&#8221; alignment=&#8221;center&#8221; lbox_actual_size=&#8221;yes&#8221; uncode_shortcode_id=&#8221;472082&#8243; media_link=&#8221;url:https%3A%2F%2Fwww.merrell.com%2FES%2Fes_ES%2Fmerrell-mtl-long-sky%2F%3Frst%3Dmtl%2520long%2520sky%25202|target:_blank&#8221;][vc_column_text uncode_shortcode_id=&#8221;132739&#8243;]<b>MTL Long Sky 2 Matryx<\/b><\/p>\n<p><strong data-start=\"53\" data-end=\"102\">Domina el terreno sin renunciar al confort.<\/strong><br data-start=\"102\" data-end=\"105\" \/>Dise\u00f1ada para carreras t\u00e9cnicas de larga distancia, esta zapatilla combina amortiguaci\u00f3n y precisi\u00f3n. Su <em data-start=\"216\" data-end=\"223\">upper <\/em>de malla Matryx\u00ae reforzada con Kevlar\u00ae ofrece un ajuste seguro y duradero, mientras que la suela Vibram\u00ae Megagrip garantiza una tracci\u00f3n imbatible en condiciones extremas. Hecha para quienes desaf\u00edan los l\u00edmites, kil\u00f3metro a kil\u00f3metro.[\/vc_column_text][vc_button button_color=&#8221;color-jevc&#8221; size=&#8221;btn-sm&#8221; outline=&#8221;yes&#8221; text_skin=&#8221;yes&#8221; border_width=&#8221;0&#8243; display=&#8221;inline&#8221; link=&#8221;url:https%3A%2F%2Fwww.merrell.com%2FES%2Fes_ES%2Fmerrell-mtl-long-sky%2F%3Frst%3Dmtl%2520long%2520sky%25202|target:_blank|&#8221; uncode_shortcode_id=&#8221;137987&#8243; button_color_type=&#8221;uncode-palette&#8221;]Desc\u00fabrelas[\/vc_button][\/vc_column_inner][vc_column_inner column_width_percent=&#8221;100&#8243; position_vertical=&#8221;middle&#8221; align_horizontal=&#8221;align_center&#8221; gutter_size=&#8221;0&#8243; overlay_alpha=&#8221;50&#8243; shift_x=&#8221;0&#8243; shift_y=&#8221;0&#8243; shift_y_down=&#8221;0&#8243; z_index=&#8221;0&#8243; medium_width=&#8221;0&#8243; mobile_width=&#8221;0&#8243; width=&#8221;1\/3&#8243; uncode_shortcode_id=&#8221;363097&#8243;][vc_single_image media=&#8221;122563&#8243; media_lightbox=&#8221;yes&#8221; media_width_percent=&#8221;100&#8243; media_ratio=&#8221;one-one&#8221; alignment=&#8221;center&#8221; lbox_actual_size=&#8221;yes&#8221; uncode_shortcode_id=&#8221;449735&#8243; media_link=&#8221;url:https%3A%2F%2Fwww.merrell.com%2FES%2Fes_ES%2Fsearch%3Fq%3Dpromorph|target:_blank&#8221;][vc_column_text uncode_shortcode_id=&#8221;136176&#8243;]<b>Promorph<\/b><\/p>\n<p><strong data-start=\"62\" data-end=\"112\">Corre sin l\u00edmites, del asfalto a la monta\u00f1a.<\/strong><br data-start=\"112\" data-end=\"115\" \/>Zapatilla de <em data-start=\"128\" data-end=\"144\">Gravel Running<\/em> dise\u00f1ada para ofrecer un rendimiento excepcional tanto en entornos urbanos como en terrenos monta\u00f1osos. Su dise\u00f1o combina ligereza, tracci\u00f3n y una comodidad superior gracias a la innovadora espuma FloatPro+, que proporciona una pisada suave y din\u00e1mica en cada paso.[\/vc_column_text][vc_button button_color=&#8221;color-jevc&#8221; size=&#8221;btn-sm&#8221; outline=&#8221;yes&#8221; text_skin=&#8221;yes&#8221; border_width=&#8221;0&#8243; display=&#8221;inline&#8221; link=&#8221;url:https%3A%2F%2Fwww.merrell.com%2FES%2Fes_ES%2Fsearch%3Fq%3Dpromorph|target:_blank|&#8221; uncode_shortcode_id=&#8221;134012&#8243; button_color_type=&#8221;uncode-palette&#8221;]Desc\u00fabrelas[\/vc_button][\/vc_column_inner][\/vc_row_inner][vc_separator sep_color=&#8221;color-gyho&#8221; uncode_shortcode_id=&#8221;193674&#8243; sep_color_type=&#8221;uncode-palette&#8221;][\/vc_column][\/vc_row]<\/p>\n<\/div>","protected":false},"excerpt":{"rendered":"<p>[vc_row row_height_percent=&#8221;0&#8243; back_color=&#8221;color-jevc&#8221; overlay_color=&#8221;color-jevc&#8221; overlay_alpha=&#8221;100&#8243; gutter_size=&#8221;3&#8243; column_width_percent=&#8221;100&#8243; shift_y=&#8221;0&#8243; z_index=&#8221;1&#8243; enable_bottom_divider=&#8221;default&#8221; bottom_divider=&#8221;gradient&#8221; shape_bottom_h_use_pixel=&#8221;true&#8221; shape_bottom_height_percent=&#8221;100&#8243; shape_bottom_color=&#8221;color-jevc&#8221; shape_bottom_opacity=&#8221;50&#8243; shape_bottom_index=&#8221;0&#8243; sticky=&#8221;yes&#8221; changer_back_color=&#8221;yes&#8221; uncode_shortcode_id=&#8221;870747&#8243; back_color_type=&#8221;uncode-palette&#8221; [&hellip;]<\/p>\n","protected":false},"author":5,"featured_media":0,"parent":0,"menu_order":0,"comment_status":"closed","ping_status":"closed","template":"","meta":{"footnotes":""},"class_list":["post-119524","page","type-page","status-publish","hentry"],"yoast_head":"<!-- This site is optimized with the Yoast SEO plugin v27.1.1 - https:\/\/yoast.com\/product\/yoast-seo-wordpress\/ -->\n<title>Perfect kit - Merrell - KLASSMARK<\/title>\n<meta name=\"robots\" content=\"index, follow, max-snippet:-1, max-image-preview:large, max-video-preview:-1\" \/>\n<link rel=\"canonical\" href=\"https:\/\/www.klassmark.com\/es\/perfect-kit-merrell\/\" \/>\n<meta property=\"og:locale\" content=\"es_ES\" \/>\n<meta property=\"og:type\" content=\"article\" \/>\n<meta property=\"og:title\" content=\"Perfect kit - Merrell - KLASSMARK\" \/>\n<meta property=\"og:description\" content=\"[vc_row row_height_percent=&#8221;0&#8243; back_color=&#8221;color-jevc&#8221; overlay_color=&#8221;color-jevc&#8221; overlay_alpha=&#8221;100&#8243; gutter_size=&#8221;3&#8243; column_width_percent=&#8221;100&#8243; shift_y=&#8221;0&#8243; z_index=&#8221;1&#8243; enable_bottom_divider=&#8221;default&#8221; bottom_divider=&#8221;gradient&#8221; shape_bottom_h_use_pixel=&#8221;true&#8221; shape_bottom_height_percent=&#8221;100&#8243; shape_bottom_color=&#8221;color-jevc&#8221; shape_bottom_opacity=&#8221;50&#8243; shape_bottom_index=&#8221;0&#8243; sticky=&#8221;yes&#8221; changer_back_color=&#8221;yes&#8221; uncode_shortcode_id=&#8221;870747&#8243; back_color_type=&#8221;uncode-palette&#8221; [&hellip;]\" \/>\n<meta property=\"og:url\" content=\"https:\/\/www.klassmark.com\/es\/perfect-kit-merrell\/\" \/>\n<meta property=\"og:site_name\" content=\"KLASSMARK\" \/>\n<meta property=\"article:modified_time\" content=\"2026-03-19T10:53:31+00:00\" \/>\n<meta name=\"twitter:card\" content=\"summary_large_image\" \/>\n<meta name=\"twitter:label1\" content=\"Est. reading time\" \/>\n\t<meta name=\"twitter:data1\" content=\"3 minutes\" \/>\n<script type=\"application\/ld+json\" class=\"yoast-schema-graph\">{\"@context\":\"https:\/\/schema.org\",\"@graph\":[{\"@type\":\"WebPage\",\"@id\":\"https:\/\/www.klassmark.com\/es\/perfect-kit-merrell\/\",\"url\":\"https:\/\/www.klassmark.com\/es\/perfect-kit-merrell\/\",\"name\":\"Perfect kit - Merrell - KLASSMARK\",\"isPartOf\":{\"@id\":\"https:\/\/www.klassmark.com\/es\/#website\"},\"datePublished\":\"2025-01-15T14:10:52+00:00\",\"dateModified\":\"2026-03-19T10:53:31+00:00\",\"breadcrumb\":{\"@id\":\"https:\/\/www.klassmark.com\/es\/perfect-kit-merrell\/#breadcrumb\"},\"inLanguage\":\"es\",\"potentialAction\":[{\"@type\":\"ReadAction\",\"target\":[\"https:\/\/www.klassmark.com\/es\/perfect-kit-merrell\/\"]}]},{\"@type\":\"BreadcrumbList\",\"@id\":\"https:\/\/www.klassmark.com\/es\/perfect-kit-merrell\/#breadcrumb\",\"itemListElement\":[{\"@type\":\"ListItem\",\"position\":1,\"name\":\"Portada\",\"item\":\"https:\/\/www.klassmark.com\/es\/klassmark-carreras-de-trail-mtb-y-gravel\/\"},{\"@type\":\"ListItem\",\"position\":2,\"name\":\"Perfect kit &#8211; Merrell\"}]},{\"@type\":\"WebSite\",\"@id\":\"https:\/\/www.klassmark.com\/es\/#website\",\"url\":\"https:\/\/www.klassmark.com\/es\/\",\"name\":\"KLASSMARK\",\"description\":\"Curses de Trail, Mtb i Gravel\",\"publisher\":{\"@id\":\"https:\/\/www.klassmark.com\/es\/#organization\"},\"potentialAction\":[{\"@type\":\"SearchAction\",\"target\":{\"@type\":\"EntryPoint\",\"urlTemplate\":\"https:\/\/www.klassmark.com\/es\/?s={search_term_string}\"},\"query-input\":{\"@type\":\"PropertyValueSpecification\",\"valueRequired\":true,\"valueName\":\"search_term_string\"}}],\"inLanguage\":\"es\"},{\"@type\":\"Organization\",\"@id\":\"https:\/\/www.klassmark.com\/es\/#organization\",\"name\":\"KLASSMARK\",\"url\":\"https:\/\/www.klassmark.com\/es\/\",\"logo\":{\"@type\":\"ImageObject\",\"inLanguage\":\"es\",\"@id\":\"https:\/\/www.klassmark.com\/es\/#\/schema\/logo\/image\/\",\"url\":\"https:\/\/www.klassmark.com\/wp-content\/uploads\/2022\/09\/KLASSMARK-quadrat-white_Mesa-de-trabajo-1.png\",\"contentUrl\":\"https:\/\/www.klassmark.com\/wp-content\/uploads\/2022\/09\/KLASSMARK-quadrat-white_Mesa-de-trabajo-1.png\",\"width\":659,\"height\":667,\"caption\":\"KLASSMARK\"},\"image\":{\"@id\":\"https:\/\/www.klassmark.com\/es\/#\/schema\/logo\/image\/\"}}]}<\/script>\n<!-- \/ Yoast SEO plugin. -->","yoast_head_json":{"title":"Perfect kit - Merrell - KLASSMARK","robots":{"index":"index","follow":"follow","max-snippet":"max-snippet:-1","max-image-preview":"max-image-preview:large","max-video-preview":"max-video-preview:-1"},"canonical":"https:\/\/www.klassmark.com\/es\/perfect-kit-merrell\/","og_locale":"es_ES","og_type":"article","og_title":"Perfect kit - Merrell - KLASSMARK","og_description":"[vc_row row_height_percent=&#8221;0&#8243; back_color=&#8221;color-jevc&#8221; overlay_color=&#8221;color-jevc&#8221; overlay_alpha=&#8221;100&#8243; gutter_size=&#8221;3&#8243; column_width_percent=&#8221;100&#8243; shift_y=&#8221;0&#8243; z_index=&#8221;1&#8243; enable_bottom_divider=&#8221;default&#8221; bottom_divider=&#8221;gradient&#8221; shape_bottom_h_use_pixel=&#8221;true&#8221; shape_bottom_height_percent=&#8221;100&#8243; shape_bottom_color=&#8221;color-jevc&#8221; shape_bottom_opacity=&#8221;50&#8243; shape_bottom_index=&#8221;0&#8243; sticky=&#8221;yes&#8221; changer_back_color=&#8221;yes&#8221; uncode_shortcode_id=&#8221;870747&#8243; back_color_type=&#8221;uncode-palette&#8221; [&hellip;]","og_url":"https:\/\/www.klassmark.com\/es\/perfect-kit-merrell\/","og_site_name":"KLASSMARK","article_modified_time":"2026-03-19T10:53:31+00:00","twitter_card":"summary_large_image","twitter_misc":{"Est. reading time":"3 minutes"},"schema":{"@context":"https:\/\/schema.org","@graph":[{"@type":"WebPage","@id":"https:\/\/www.klassmark.com\/es\/perfect-kit-merrell\/","url":"https:\/\/www.klassmark.com\/es\/perfect-kit-merrell\/","name":"Perfect kit - Merrell - KLASSMARK","isPartOf":{"@id":"https:\/\/www.klassmark.com\/es\/#website"},"datePublished":"2025-01-15T14:10:52+00:00","dateModified":"2026-03-19T10:53:31+00:00","breadcrumb":{"@id":"https:\/\/www.klassmark.com\/es\/perfect-kit-merrell\/#breadcrumb"},"inLanguage":"es","potentialAction":[{"@type":"ReadAction","target":["https:\/\/www.klassmark.com\/es\/perfect-kit-merrell\/"]}]},{"@type":"BreadcrumbList","@id":"https:\/\/www.klassmark.com\/es\/perfect-kit-merrell\/#breadcrumb","itemListElement":[{"@type":"ListItem","position":1,"name":"Portada","item":"https:\/\/www.klassmark.com\/es\/klassmark-carreras-de-trail-mtb-y-gravel\/"},{"@type":"ListItem","position":2,"name":"Perfect kit &#8211; Merrell"}]},{"@type":"WebSite","@id":"https:\/\/www.klassmark.com\/es\/#website","url":"https:\/\/www.klassmark.com\/es\/","name":"KLASSMARK","description":"Curses de Trail, Mtb i Gravel","publisher":{"@id":"https:\/\/www.klassmark.com\/es\/#organization"},"potentialAction":[{"@type":"SearchAction","target":{"@type":"EntryPoint","urlTemplate":"https:\/\/www.klassmark.com\/es\/?s={search_term_string}"},"query-input":{"@type":"PropertyValueSpecification","valueRequired":true,"valueName":"search_term_string"}}],"inLanguage":"es"},{"@type":"Organization","@id":"https:\/\/www.klassmark.com\/es\/#organization","name":"KLASSMARK","url":"https:\/\/www.klassmark.com\/es\/","logo":{"@type":"ImageObject","inLanguage":"es","@id":"https:\/\/www.klassmark.com\/es\/#\/schema\/logo\/image\/","url":"https:\/\/www.klassmark.com\/wp-content\/uploads\/2022\/09\/KLASSMARK-quadrat-white_Mesa-de-trabajo-1.png","contentUrl":"https:\/\/www.klassmark.com\/wp-content\/uploads\/2022\/09\/KLASSMARK-quadrat-white_Mesa-de-trabajo-1.png","width":659,"height":667,"caption":"KLASSMARK"},"image":{"@id":"https:\/\/www.klassmark.com\/es\/#\/schema\/logo\/image\/"}}]}},"_links":{"self":[{"href":"https:\/\/www.klassmark.com\/es\/wp-json\/wp\/v2\/pages\/119524","targetHints":{"allow":["GET"]}}],"collection":[{"href":"https:\/\/www.klassmark.com\/es\/wp-json\/wp\/v2\/pages"}],"about":[{"href":"https:\/\/www.klassmark.com\/es\/wp-json\/wp\/v2\/types\/page"}],"author":[{"embeddable":true,"href":"https:\/\/www.klassmark.com\/es\/wp-json\/wp\/v2\/users\/5"}],"replies":[{"embeddable":true,"href":"https:\/\/www.klassmark.com\/es\/wp-json\/wp\/v2\/comments?post=119524"}],"version-history":[{"count":20,"href":"https:\/\/www.klassmark.com\/es\/wp-json\/wp\/v2\/pages\/119524\/revisions"}],"predecessor-version":[{"id":122812,"href":"https:\/\/www.klassmark.com\/es\/wp-json\/wp\/v2\/pages\/119524\/revisions\/122812"}],"wp:attachment":[{"href":"https:\/\/www.klassmark.com\/es\/wp-json\/wp\/v2\/media?parent=119524"}],"curies":[{"name":"wp","href":"https:\/\/api.w.org\/{rel}","templated":true}]}}