{"id":114358,"date":"2023-10-05T10:01:16","date_gmt":"2023-10-05T10:01:16","guid":{"rendered":"https:\/\/www.klassmark.com\/?page_id=114358"},"modified":"2026-03-09T19:09:37","modified_gmt":"2026-03-09T19:09:37","slug":"trail-costa-brava-alojamiento","status":"publish","type":"page","link":"https:\/\/www.klassmark.com\/es\/trail-costa-brava-alojamiento\/","title":{"rendered":"Trail Costa Brava alojamiento"},"content":{"rendered":"<div class=\"wpb-content-wrapper\"><p>[vc_row row_height_percent=&#8221;0&#8243; back_color=&#8221;color-jevc&#8221; overlay_color=&#8221;color-jevc&#8221; overlay_alpha=&#8221;100&#8243; gutter_size=&#8221;3&#8243; column_width_percent=&#8221;100&#8243; shift_y=&#8221;0&#8243; z_index=&#8221;1&#8243; enable_bottom_divider=&#8221;default&#8221; bottom_divider=&#8221;gradient&#8221; shape_bottom_h_use_pixel=&#8221;true&#8221; shape_bottom_height_percent=&#8221;100&#8243; shape_bottom_color=&#8221;color-jevc&#8221; shape_bottom_opacity=&#8221;50&#8243; shape_bottom_index=&#8221;0&#8243; sticky=&#8221;yes&#8221; changer_back_color=&#8221;yes&#8221; uncode_shortcode_id=&#8221;559065&#8243; back_color_type=&#8221;uncode-palette&#8221; overlay_color_type=&#8221;uncode-palette&#8221; shape_bottom_color_type=&#8221;uncode-palette&#8221; el_class=&#8221;sticky-trigger menu&#8221;][vc_column column_width_percent=&#8221;100&#8243; position_vertical=&#8221;middle&#8221; align_horizontal=&#8221;align_center&#8221; gutter_size=&#8221;3&#8243; style=&#8221;dark&#8221; overlay_alpha=&#8221;50&#8243; shift_x=&#8221;0&#8243; shift_y=&#8221;0&#8243; shift_y_down=&#8221;0&#8243; z_index=&#8221;0&#8243; medium_width=&#8221;0&#8243; align_mobile=&#8221;align_center_mobile&#8221; mobile_width=&#8221;0&#8243; css_animation=&#8221;alpha-anim&#8221; animation_speed=&#8221;1000&#8243; animation_delay=&#8221;400&#8243; width=&#8221;1\/1&#8243; uncode_shortcode_id=&#8221;174301&#8243;][vc_row_inner row_inner_height_percent=&#8221;0&#8243; overlay_alpha=&#8221;50&#8243; gutter_size=&#8221;3&#8243; shift_y=&#8221;0&#8243; z_index=&#8221;0&#8243; uncode_shortcode_id=&#8221;184968&#8243;][vc_column_inner column_width_percent=&#8221;100&#8243; align_horizontal=&#8221;align_right&#8221; gutter_size=&#8221;3&#8243; style=&#8221;dark&#8221; overlay_alpha=&#8221;50&#8243; shift_x=&#8221;0&#8243; shift_y=&#8221;0&#8243; shift_y_down=&#8221;0&#8243; z_index=&#8221;0&#8243; medium_width=&#8221;0&#8243; mobile_width=&#8221;0&#8243; width=&#8221;1\/1&#8243; uncode_shortcode_id=&#8221;122227&#8243;][vc_wp_custommenu nav_menu=&#8221;175&#8243; nav_menu_horizontal=&#8221;1&#8243; use_widget_style=&#8221;yes&#8221; widget_collapse=&#8221;yes&#8221;][\/vc_column_inner][\/vc_row_inner][\/vc_column][\/vc_row][vc_row row_height_percent=&#8221;0&#8243; back_color=&#8221;color-xsdn&#8221; overlay_alpha=&#8221;50&#8243; gutter_size=&#8221;3&#8243; column_width_percent=&#8221;100&#8243; shift_y=&#8221;0&#8243; z_index=&#8221;0&#8243; uncode_shortcode_id=&#8221;236328&#8243; back_color_type=&#8221;uncode-palette&#8221;][vc_column width=&#8221;1\/1&#8243;][vc_empty_space empty_h=&#8221;1&#8243;][vc_column_text uncode_shortcode_id=&#8221;195114&#8243;]<strong>HOTEL TRIAS PALAM\u00d3S<\/strong>[\/vc_column_text][vc_gallery el_id=&#8221;gallery-465763&#8243; medias=&#8221;118651,118654,118648,118657&#8243; gutter_size=&#8221;3&#8243; screen_lg=&#8221;1000&#8243; screen_md=&#8221;600&#8243; screen_sm=&#8221;480&#8243; single_width=&#8221;3&#8243; single_overlay_opacity=&#8221;50&#8243; single_padding=&#8221;2&#8243; uncode_shortcode_id=&#8221;993578&#8243;][vc_column_text uncode_shortcode_id=&#8221;577783&#8243;]<\/p>\n<section class=\"av_textblock_section \">\n<div class=\"avia_textblock \">\n<p class=\"font_8\"><span style=\"font-family: -apple-system, BlinkMacSystemFont, 'Segoe UI', Roboto, Oxygen-Sans, Ubuntu, Cantarell, 'Helvetica Neue', sans-serif;\">Se encuentra ante el mar, con unas inmejorables vistas de la bah\u00eda de Palam\u00f3s y a 5 minutos andando de la salida y llegada de la carrera.<\/span><\/p>\n<p class=\"font_8\"><span style=\"font-family: -apple-system, BlinkMacSystemFont, 'Segoe UI', Roboto, Oxygen-Sans, Ubuntu, Cantarell, 'Helvetica Neue', sans-serif;\">Tarifas validas pera las noches del 20 al 22 de marzo, m\u00ednimo dos noches:<\/span><\/p>\n<\/div>\n<\/section>\n<section class=\"av_textblock_section \">\n<div class=\"avia_textblock \">\n<p class=\"font_8\">\u2013 15% dto sobre el precio de la web (<a href=\"https:\/\/www.hoteltrias.com\/ca\/\" target=\"_blank\" rel=\"noopener\" data-content=\"https:\/\/www.hoteltrias.com\/ca\/\" data-type=\"external\">https:\/\/www.hoteltrias.com\/<\/a>).<\/p>\n<p class=\"font_8\"><strong>CODIGO RESERVA \u2013 KLASSMARK<\/strong><\/p>\n<p class=\"font_8\">* Importando mencionar el c\u00f3digo de reserva para poder disfrutar del precio especial.<\/p>\n<p class=\"font_8\">Para m\u00e1s informaci\u00f3n o reservas 972 601 800 \/ <a href=\"mailto:infotrias@andilanahotels.com\" target=\"_self\" rel=\"noopener\" data-content=\"infotrias@andilanahotels.com\" data-type=\"mail\">infotrias@andilanahotels.com<\/a><\/p>\n<\/div>\n<\/section>\n<p>[\/vc_column_text][vc_column_text uncode_shortcode_id=&#8221;613254&#8243;]<a href=\"http:\/\/ca.palbeach.com\/apartaments-a-la-costa-brava\/apartaments-palamos\/apartaments-pal-beach-palamos_1002.aspx\"><strong>APARTAMENTOS PAL BEACH PALAM\u00d3S<\/strong><\/a>[\/vc_column_text][vc_gallery el_id=&#8221;gallery-465763&#8243; medias=&#8221;118632,118635,118638,118641&#8243; gutter_size=&#8221;3&#8243; screen_lg=&#8221;1000&#8243; screen_md=&#8221;600&#8243; screen_sm=&#8221;480&#8243; single_width=&#8221;3&#8243; single_overlay_opacity=&#8221;50&#8243; single_padding=&#8221;2&#8243; uncode_shortcode_id=&#8221;486271&#8243;][vc_column_text uncode_shortcode_id=&#8221;605702&#8243;]<\/p>\n<p class=\"font_8\">Los apartamentos <a href=\"http:\/\/ca.palbeach.com\/apartaments-a-la-costa-brava\/apartaments-palamos\/apartaments-pal-beach-palamos_1002.aspx\" target=\"_blank\" rel=\"noopener\" data-content=\"http:\/\/ca.palbeach.com\/apartaments-a-la-costa-brava\/apartaments-palamos\/apartaments-pal-beach-palamos_1002.aspx\" data-type=\"external\">Pal Beach de Palam\u00f3s<\/a>, se encuentran en el mismo centro de la poblaci\u00f3n, a tocar de la Calle Mayor y a 10 minutos andando de la salida y llegada de la carrera.<\/p>\n<p class=\"font_8\">Tarifas validas para las noches del <span style=\"font-family: -apple-system, BlinkMacSystemFont, 'Segoe UI', Roboto, Oxygen-Sans, Ubuntu, Cantarell, 'Helvetica Neue', sans-serif;\">20 al 22 de marzo<\/span>, m\u00ednimo dos noches:<\/p>\n<ul style=\"font-weight: 400;\">\n<li><u>Apartamento por 2\/4 personas<\/u>: 1 habitaci\u00f3n doble (1 cama doble o 2 camas individuales sujeto a disponibilidad), 1 sof\u00e1 cama doble en el sal\u00f3n-comedor, cocina equipada excepto de horno, ba\u00f1o, balc\u00f3n.<\/li>\n<li><u>Apartamento por 4\/6 personas<\/u>: 1 habitaci\u00f3n con 1 cama doble, 1 habitaci\u00f3n con 2 camas individuales, 1 sof\u00e1 cama doble en el sal\u00f3n-comedor, cocina equipada excepto de horno, ba\u00f1o, balc\u00f3n.<\/li>\n<\/ul>\n<p><em>*IVA incluido.<\/em><\/p>\n<p style=\"font-weight: 400;\"><em>*Tasas tur\u00edsticas no incluidas: 0,66\u20ac por persona y noche, excepto ni\u00f1os hasta 16 a\u00f1os.<\/em><\/p>\n<p style=\"font-weight: 400;\"><em>*Necesaria fianza de 150\u20ac por apartamento.<\/em><\/p>\n<p style=\"font-weight: 400;\"><em>* Condiciones de pago: Una semana antes de la llegada enviaremos por correo electr\u00f3nico un enlace para hacer el pago en l\u00ednea del importe total de la reserva.<\/em><\/p>\n<p style=\"font-weight: 400;\"><em>* Politica de anulaci\u00f3n: Anulaci\u00f3n gratuita hasta 7 d\u00edas antes de la llegada.<\/em><\/p>\n<p class=\"font_8\">CONSIGUE UN <strong>10% DE DESCUENTO<\/strong> CON EL C\u00d3DIGO DE RESERVA<strong> \u2013 KLASSMARK<\/strong><\/p>\n<p class=\"font_8\">* Importando mencionar el c\u00f3digo de reserva para poder disfrutar del precio especial<\/p>\n<p class=\"font_8\">Para m\u00e1s informaci\u00f3n o reservas (+34) 872 200 140<\/p>\n<p>[\/vc_column_text][\/vc_column][\/vc_row]<\/p>\n<\/div>","protected":false},"excerpt":{"rendered":"<p>[vc_row row_height_percent=&#8221;0&#8243; back_color=&#8221;color-jevc&#8221; overlay_color=&#8221;color-jevc&#8221; overlay_alpha=&#8221;100&#8243; gutter_size=&#8221;3&#8243; column_width_percent=&#8221;100&#8243; shift_y=&#8221;0&#8243; z_index=&#8221;1&#8243; enable_bottom_divider=&#8221;default&#8221; bottom_divider=&#8221;gradient&#8221; shape_bottom_h_use_pixel=&#8221;true&#8221; shape_bottom_height_percent=&#8221;100&#8243; shape_bottom_color=&#8221;color-jevc&#8221; shape_bottom_opacity=&#8221;50&#8243; shape_bottom_index=&#8221;0&#8243; sticky=&#8221;yes&#8221; changer_back_color=&#8221;yes&#8221; uncode_shortcode_id=&#8221;559065&#8243; back_color_type=&#8221;uncode-palette&#8221; [&hellip;]<\/p>\n","protected":false},"author":3,"featured_media":0,"parent":0,"menu_order":0,"comment_status":"closed","ping_status":"closed","template":"","meta":{"footnotes":""},"class_list":["post-114358","page","type-page","status-publish","hentry"],"yoast_head":"<!-- This site is optimized with the Yoast SEO plugin v27.1.1 - https:\/\/yoast.com\/product\/yoast-seo-wordpress\/ -->\n<title>Trail Costa Brava alojamiento - KLASSMARK<\/title>\n<meta name=\"robots\" content=\"index, follow, max-snippet:-1, max-image-preview:large, max-video-preview:-1\" \/>\n<link rel=\"canonical\" href=\"https:\/\/www.klassmark.com\/es\/trail-costa-brava-alojamiento\/\" \/>\n<meta property=\"og:locale\" content=\"es_ES\" \/>\n<meta property=\"og:type\" content=\"article\" \/>\n<meta property=\"og:title\" content=\"Trail Costa Brava alojamiento - KLASSMARK\" \/>\n<meta property=\"og:description\" content=\"[vc_row row_height_percent=&#8221;0&#8243; back_color=&#8221;color-jevc&#8221; overlay_color=&#8221;color-jevc&#8221; overlay_alpha=&#8221;100&#8243; gutter_size=&#8221;3&#8243; column_width_percent=&#8221;100&#8243; shift_y=&#8221;0&#8243; z_index=&#8221;1&#8243; enable_bottom_divider=&#8221;default&#8221; bottom_divider=&#8221;gradient&#8221; shape_bottom_h_use_pixel=&#8221;true&#8221; shape_bottom_height_percent=&#8221;100&#8243; shape_bottom_color=&#8221;color-jevc&#8221; shape_bottom_opacity=&#8221;50&#8243; shape_bottom_index=&#8221;0&#8243; sticky=&#8221;yes&#8221; changer_back_color=&#8221;yes&#8221; uncode_shortcode_id=&#8221;559065&#8243; back_color_type=&#8221;uncode-palette&#8221; [&hellip;]\" \/>\n<meta property=\"og:url\" content=\"https:\/\/www.klassmark.com\/es\/trail-costa-brava-alojamiento\/\" \/>\n<meta property=\"og:site_name\" content=\"KLASSMARK\" \/>\n<meta property=\"article:modified_time\" content=\"2026-03-09T19:09:37+00:00\" \/>\n<meta name=\"twitter:card\" content=\"summary_large_image\" \/>\n<meta name=\"twitter:label1\" content=\"Est. reading time\" \/>\n\t<meta name=\"twitter:data1\" content=\"3 minutes\" \/>\n<script type=\"application\/ld+json\" class=\"yoast-schema-graph\">{\"@context\":\"https:\/\/schema.org\",\"@graph\":[{\"@type\":\"WebPage\",\"@id\":\"https:\/\/www.klassmark.com\/es\/trail-costa-brava-alojamiento\/\",\"url\":\"https:\/\/www.klassmark.com\/es\/trail-costa-brava-alojamiento\/\",\"name\":\"Trail Costa Brava alojamiento - KLASSMARK\",\"isPartOf\":{\"@id\":\"https:\/\/www.klassmark.com\/es\/#website\"},\"datePublished\":\"2023-10-05T10:01:16+00:00\",\"dateModified\":\"2026-03-09T19:09:37+00:00\",\"breadcrumb\":{\"@id\":\"https:\/\/www.klassmark.com\/es\/trail-costa-brava-alojamiento\/#breadcrumb\"},\"inLanguage\":\"es\",\"potentialAction\":[{\"@type\":\"ReadAction\",\"target\":[\"https:\/\/www.klassmark.com\/es\/trail-costa-brava-alojamiento\/\"]}]},{\"@type\":\"BreadcrumbList\",\"@id\":\"https:\/\/www.klassmark.com\/es\/trail-costa-brava-alojamiento\/#breadcrumb\",\"itemListElement\":[{\"@type\":\"ListItem\",\"position\":1,\"name\":\"Portada\",\"item\":\"https:\/\/www.klassmark.com\/es\/klassmark-carreras-de-trail-mtb-y-gravel\/\"},{\"@type\":\"ListItem\",\"position\":2,\"name\":\"Trail Costa Brava alojamiento\"}]},{\"@type\":\"WebSite\",\"@id\":\"https:\/\/www.klassmark.com\/es\/#website\",\"url\":\"https:\/\/www.klassmark.com\/es\/\",\"name\":\"KLASSMARK\",\"description\":\"Curses de Trail, Mtb i Gravel\",\"publisher\":{\"@id\":\"https:\/\/www.klassmark.com\/es\/#organization\"},\"potentialAction\":[{\"@type\":\"SearchAction\",\"target\":{\"@type\":\"EntryPoint\",\"urlTemplate\":\"https:\/\/www.klassmark.com\/es\/?s={search_term_string}\"},\"query-input\":{\"@type\":\"PropertyValueSpecification\",\"valueRequired\":true,\"valueName\":\"search_term_string\"}}],\"inLanguage\":\"es\"},{\"@type\":\"Organization\",\"@id\":\"https:\/\/www.klassmark.com\/es\/#organization\",\"name\":\"KLASSMARK\",\"url\":\"https:\/\/www.klassmark.com\/es\/\",\"logo\":{\"@type\":\"ImageObject\",\"inLanguage\":\"es\",\"@id\":\"https:\/\/www.klassmark.com\/es\/#\/schema\/logo\/image\/\",\"url\":\"https:\/\/www.klassmark.com\/wp-content\/uploads\/2022\/09\/KLASSMARK-quadrat-white_Mesa-de-trabajo-1.png\",\"contentUrl\":\"https:\/\/www.klassmark.com\/wp-content\/uploads\/2022\/09\/KLASSMARK-quadrat-white_Mesa-de-trabajo-1.png\",\"width\":659,\"height\":667,\"caption\":\"KLASSMARK\"},\"image\":{\"@id\":\"https:\/\/www.klassmark.com\/es\/#\/schema\/logo\/image\/\"}}]}<\/script>\n<!-- \/ Yoast SEO plugin. -->","yoast_head_json":{"title":"Trail Costa Brava alojamiento - KLASSMARK","robots":{"index":"index","follow":"follow","max-snippet":"max-snippet:-1","max-image-preview":"max-image-preview:large","max-video-preview":"max-video-preview:-1"},"canonical":"https:\/\/www.klassmark.com\/es\/trail-costa-brava-alojamiento\/","og_locale":"es_ES","og_type":"article","og_title":"Trail Costa Brava alojamiento - KLASSMARK","og_description":"[vc_row row_height_percent=&#8221;0&#8243; back_color=&#8221;color-jevc&#8221; overlay_color=&#8221;color-jevc&#8221; overlay_alpha=&#8221;100&#8243; gutter_size=&#8221;3&#8243; column_width_percent=&#8221;100&#8243; shift_y=&#8221;0&#8243; z_index=&#8221;1&#8243; enable_bottom_divider=&#8221;default&#8221; bottom_divider=&#8221;gradient&#8221; shape_bottom_h_use_pixel=&#8221;true&#8221; shape_bottom_height_percent=&#8221;100&#8243; shape_bottom_color=&#8221;color-jevc&#8221; shape_bottom_opacity=&#8221;50&#8243; shape_bottom_index=&#8221;0&#8243; sticky=&#8221;yes&#8221; changer_back_color=&#8221;yes&#8221; uncode_shortcode_id=&#8221;559065&#8243; back_color_type=&#8221;uncode-palette&#8221; [&hellip;]","og_url":"https:\/\/www.klassmark.com\/es\/trail-costa-brava-alojamiento\/","og_site_name":"KLASSMARK","article_modified_time":"2026-03-09T19:09:37+00:00","twitter_card":"summary_large_image","twitter_misc":{"Est. reading time":"3 minutes"},"schema":{"@context":"https:\/\/schema.org","@graph":[{"@type":"WebPage","@id":"https:\/\/www.klassmark.com\/es\/trail-costa-brava-alojamiento\/","url":"https:\/\/www.klassmark.com\/es\/trail-costa-brava-alojamiento\/","name":"Trail Costa Brava alojamiento - KLASSMARK","isPartOf":{"@id":"https:\/\/www.klassmark.com\/es\/#website"},"datePublished":"2023-10-05T10:01:16+00:00","dateModified":"2026-03-09T19:09:37+00:00","breadcrumb":{"@id":"https:\/\/www.klassmark.com\/es\/trail-costa-brava-alojamiento\/#breadcrumb"},"inLanguage":"es","potentialAction":[{"@type":"ReadAction","target":["https:\/\/www.klassmark.com\/es\/trail-costa-brava-alojamiento\/"]}]},{"@type":"BreadcrumbList","@id":"https:\/\/www.klassmark.com\/es\/trail-costa-brava-alojamiento\/#breadcrumb","itemListElement":[{"@type":"ListItem","position":1,"name":"Portada","item":"https:\/\/www.klassmark.com\/es\/klassmark-carreras-de-trail-mtb-y-gravel\/"},{"@type":"ListItem","position":2,"name":"Trail Costa Brava alojamiento"}]},{"@type":"WebSite","@id":"https:\/\/www.klassmark.com\/es\/#website","url":"https:\/\/www.klassmark.com\/es\/","name":"KLASSMARK","description":"Curses de Trail, Mtb i Gravel","publisher":{"@id":"https:\/\/www.klassmark.com\/es\/#organization"},"potentialAction":[{"@type":"SearchAction","target":{"@type":"EntryPoint","urlTemplate":"https:\/\/www.klassmark.com\/es\/?s={search_term_string}"},"query-input":{"@type":"PropertyValueSpecification","valueRequired":true,"valueName":"search_term_string"}}],"inLanguage":"es"},{"@type":"Organization","@id":"https:\/\/www.klassmark.com\/es\/#organization","name":"KLASSMARK","url":"https:\/\/www.klassmark.com\/es\/","logo":{"@type":"ImageObject","inLanguage":"es","@id":"https:\/\/www.klassmark.com\/es\/#\/schema\/logo\/image\/","url":"https:\/\/www.klassmark.com\/wp-content\/uploads\/2022\/09\/KLASSMARK-quadrat-white_Mesa-de-trabajo-1.png","contentUrl":"https:\/\/www.klassmark.com\/wp-content\/uploads\/2022\/09\/KLASSMARK-quadrat-white_Mesa-de-trabajo-1.png","width":659,"height":667,"caption":"KLASSMARK"},"image":{"@id":"https:\/\/www.klassmark.com\/es\/#\/schema\/logo\/image\/"}}]}},"_links":{"self":[{"href":"https:\/\/www.klassmark.com\/es\/wp-json\/wp\/v2\/pages\/114358","targetHints":{"allow":["GET"]}}],"collection":[{"href":"https:\/\/www.klassmark.com\/es\/wp-json\/wp\/v2\/pages"}],"about":[{"href":"https:\/\/www.klassmark.com\/es\/wp-json\/wp\/v2\/types\/page"}],"author":[{"embeddable":true,"href":"https:\/\/www.klassmark.com\/es\/wp-json\/wp\/v2\/users\/3"}],"replies":[{"embeddable":true,"href":"https:\/\/www.klassmark.com\/es\/wp-json\/wp\/v2\/comments?post=114358"}],"version-history":[{"count":21,"href":"https:\/\/www.klassmark.com\/es\/wp-json\/wp\/v2\/pages\/114358\/revisions"}],"predecessor-version":[{"id":122696,"href":"https:\/\/www.klassmark.com\/es\/wp-json\/wp\/v2\/pages\/114358\/revisions\/122696"}],"wp:attachment":[{"href":"https:\/\/www.klassmark.com\/es\/wp-json\/wp\/v2\/media?parent=114358"}],"curies":[{"name":"wp","href":"https:\/\/api.w.org\/{rel}","templated":true}]}}