{"id":114351,"date":"2023-10-05T10:01:03","date_gmt":"2023-10-05T10:01:03","guid":{"rendered":"https:\/\/www.klassmark.com\/?page_id=114351"},"modified":"2026-03-11T11:47:35","modified_gmt":"2026-03-11T11:47:35","slug":"trail-costa-brava-trail","status":"publish","type":"page","link":"https:\/\/www.klassmark.com\/es\/trail-costa-brava-trail\/","title":{"rendered":"Trail Costa Brava &#8211; Trail"},"content":{"rendered":"<div class=\"wpb-content-wrapper\"><p>[vc_row row_height_percent=&#8221;0&#8243; back_color=&#8221;color-jevc&#8221; overlay_color=&#8221;color-jevc&#8221; overlay_alpha=&#8221;100&#8243; gutter_size=&#8221;3&#8243; column_width_percent=&#8221;100&#8243; shift_y=&#8221;0&#8243; z_index=&#8221;1&#8243; enable_bottom_divider=&#8221;default&#8221; bottom_divider=&#8221;gradient&#8221; shape_bottom_h_use_pixel=&#8221;true&#8221; shape_bottom_height_percent=&#8221;100&#8243; shape_bottom_color=&#8221;color-jevc&#8221; shape_bottom_opacity=&#8221;50&#8243; shape_bottom_index=&#8221;0&#8243; sticky=&#8221;yes&#8221; changer_back_color=&#8221;yes&#8221; uncode_shortcode_id=&#8221;559065&#8243; back_color_type=&#8221;uncode-palette&#8221; overlay_color_type=&#8221;uncode-palette&#8221; shape_bottom_color_type=&#8221;uncode-palette&#8221; el_class=&#8221;sticky-trigger menu&#8221;][vc_column column_width_percent=&#8221;100&#8243; position_vertical=&#8221;middle&#8221; align_horizontal=&#8221;align_center&#8221; gutter_size=&#8221;3&#8243; style=&#8221;dark&#8221; overlay_alpha=&#8221;50&#8243; shift_x=&#8221;0&#8243; shift_y=&#8221;0&#8243; shift_y_down=&#8221;0&#8243; z_index=&#8221;0&#8243; medium_width=&#8221;0&#8243; align_mobile=&#8221;align_center_mobile&#8221; mobile_width=&#8221;0&#8243; css_animation=&#8221;alpha-anim&#8221; animation_speed=&#8221;1000&#8243; animation_delay=&#8221;400&#8243; width=&#8221;1\/1&#8243; uncode_shortcode_id=&#8221;174301&#8243;][vc_row_inner row_inner_height_percent=&#8221;0&#8243; overlay_alpha=&#8221;50&#8243; gutter_size=&#8221;3&#8243; shift_y=&#8221;0&#8243; z_index=&#8221;0&#8243; uncode_shortcode_id=&#8221;184968&#8243; limit_content=&#8221;&#8221;][vc_column_inner column_width_percent=&#8221;100&#8243; align_horizontal=&#8221;align_center&#8221; gutter_size=&#8221;3&#8243; style=&#8221;dark&#8221; overlay_alpha=&#8221;50&#8243; shift_x=&#8221;0&#8243; shift_y=&#8221;0&#8243; shift_y_down=&#8221;0&#8243; z_index=&#8221;0&#8243; medium_width=&#8221;0&#8243; mobile_width=&#8221;0&#8243; width=&#8221;1\/1&#8243; uncode_shortcode_id=&#8221;312154&#8243;][vc_wp_custommenu nav_menu=&#8221;175&#8243; nav_menu_horizontal=&#8221;1&#8243; use_widget_style=&#8221;yes&#8221; widget_collapse=&#8221;yes&#8221;][\/vc_column_inner][\/vc_row_inner][\/vc_column][\/vc_row][vc_row row_height_percent=&#8221;0&#8243; back_color=&#8221;color-xsdn&#8221; overlay_alpha=&#8221;50&#8243; gutter_size=&#8221;3&#8243; column_width_percent=&#8221;100&#8243; shift_y=&#8221;0&#8243; z_index=&#8221;0&#8243; uncode_shortcode_id=&#8221;587546&#8243; back_color_type=&#8221;uncode-palette&#8221;][vc_column width=&#8221;1\/1&#8243;][vc_row_inner row_inner_height_percent=&#8221;0&#8243; overlay_alpha=&#8221;50&#8243; gutter_size=&#8221;3&#8243; shift_y=&#8221;0&#8243; z_index=&#8221;0&#8243; uncode_shortcode_id=&#8221;198498&#8243; css=&#8221;.vc_custom_1664230696070{padding-top: 30px !important;padding-bottom: 50px !important;}&#8221; limit_content=&#8221;&#8221;][vc_column_inner column_width_percent=&#8221;100&#8243; align_horizontal=&#8221;align_right&#8221; gutter_size=&#8221;3&#8243; overlay_alpha=&#8221;50&#8243; shift_x=&#8221;0&#8243; shift_y=&#8221;0&#8243; shift_y_down=&#8221;0&#8243; z_index=&#8221;0&#8243; medium_width=&#8221;0&#8243; mobile_width=&#8221;0&#8243; width=&#8221;1\/2&#8243; uncode_shortcode_id=&#8221;162984&#8243;][vc_custom_heading text_color=&#8221;accent&#8221; heading_semantic=&#8221;h1&#8243; text_font=&#8221;font-156658&#8243; text_size=&#8221;h1&#8243; text_italic=&#8221;yes&#8221; uncode_shortcode_id=&#8221;153607&#8243; text_color_type=&#8221;uncode-palette&#8221; el_class=&#8221;no-margin&#8221;]TRAIL[\/vc_custom_heading][vc_custom_heading heading_semantic=&#8221;h3&#8243; text_size=&#8221;h1&#8243; separator=&#8221;yes&#8221; separator_color=&#8221;yes&#8221; sub_lead=&#8221;yes&#8221; uncode_shortcode_id=&#8221;123560&#8243; el_class=&#8221;no-margin&#8221;]21,7K +600M[\/vc_custom_heading][\/vc_column_inner][vc_column_inner column_width_percent=&#8221;100&#8243; position_horizontal=&#8221;left&#8221; gutter_size=&#8221;3&#8243; overlay_alpha=&#8221;50&#8243; shift_x=&#8221;0&#8243; shift_y=&#8221;0&#8243; shift_y_down=&#8221;0&#8243; z_index=&#8221;0&#8243; medium_width=&#8221;0&#8243; mobile_width=&#8221;0&#8243; width=&#8221;1\/2&#8243; uncode_shortcode_id=&#8221;197328&#8243;][vc_icon position=&#8221;left&#8221; space_reduced=&#8221;yes&#8221; title_aligned_icon=&#8221;yes&#8221; display=&#8221;inline&#8221; icon=&#8221;fa fa-calendar&#8221; icon_color=&#8221;color-jevc&#8221; heading_semantic=&#8221;h5&#8243; text_size=&#8221;h5&#8243; uncode_shortcode_id=&#8221;931754&#8243; icon_color_type=&#8221;uncode-palette&#8221; title=&#8221;21\/03\/2026&#8243;][\/vc_icon][vc_icon position=&#8221;left&#8221; space_reduced=&#8221;yes&#8221; title_aligned_icon=&#8221;yes&#8221; display=&#8221;inline&#8221; icon=&#8221;fa fa-clock&#8221; icon_color=&#8221;color-jevc&#8221; heading_semantic=&#8221;h5&#8243; text_size=&#8221;h5&#8243; uncode_shortcode_id=&#8221;120126&#8243; icon_color_type=&#8221;uncode-palette&#8221; title=&#8221;Hora de salida: 9h&#8221;][\/vc_icon][vc_icon position=&#8221;left&#8221; space_reduced=&#8221;yes&#8221; title_aligned_icon=&#8221;yes&#8221; display=&#8221;inline&#8221; icon=&#8221;fa fa-map-marker&#8221; icon_color=&#8221;color-jevc&#8221; heading_semantic=&#8221;h5&#8243; text_size=&#8221;h5&#8243; uncode_shortcode_id=&#8221;174696&#8243; icon_color_type=&#8221;uncode-palette&#8221; title=&#8221;Palam\u00f3s&#8221;][\/vc_icon][vc_icon position=&#8221;left&#8221; space_reduced=&#8221;yes&#8221; title_aligned_icon=&#8221;yes&#8221; display=&#8221;inline&#8221; icon=&#8221;fa fa-history2&#8243; icon_color=&#8221;color-jevc&#8221; heading_semantic=&#8221;h5&#8243; text_size=&#8221;h5&#8243; uncode_shortcode_id=&#8221;703213&#8243; icon_color_type=&#8221;uncode-palette&#8221; title=&#8221;Tiempo max. 4h&#8221;][\/vc_icon][vc_single_image media=&#8221;111635&#8243; media_width_percent=&#8221;21&#8243; uncode_shortcode_id=&#8221;102612&#8243;][\/vc_column_inner][\/vc_row_inner][vc_row_inner row_inner_height_percent=&#8221;0&#8243; overlay_alpha=&#8221;50&#8243; gutter_size=&#8221;3&#8243; shift_y=&#8221;0&#8243; z_index=&#8221;0&#8243; uncode_shortcode_id=&#8221;165368&#8243; limit_content=&#8221;&#8221;][vc_column_inner column_width_percent=&#8221;100&#8243; position_vertical=&#8221;middle&#8221; align_horizontal=&#8221;align_center&#8221; gutter_size=&#8221;3&#8243; overlay_alpha=&#8221;50&#8243; shift_x=&#8221;0&#8243; shift_y=&#8221;0&#8243; shift_y_down=&#8221;0&#8243; z_index=&#8221;0&#8243; medium_width=&#8221;0&#8243; mobile_width=&#8221;0&#8243; width=&#8221;1\/1&#8243; uncode_shortcode_id=&#8221;201882&#8243;][vc_button button_color=&#8221;accent&#8221; size=&#8221;btn-sm&#8221; italic=&#8221;yes&#8221; border_width=&#8221;0&#8243; display=&#8221;inline&#8221; link=&#8221;url:https%3A%2F%2Fwww.klassmark.com%2Fes%2Ftrail-costa-brava-inscripciones%2F|&#8221; icon=&#8221;fa fa-chevron-right&#8221; uncode_shortcode_id=&#8221;213001&#8243; el_class=&#8221;small-btn&#8221; button_color_type=&#8221;uncode-palette&#8221;]Inscripciones[\/vc_button][vc_button size=&#8221;btn-sm&#8221; italic=&#8221;yes&#8221; border_width=&#8221;0&#8243; display=&#8221;inline&#8221; link=&#8221;url:https%3A%2F%2Fwww.google.com%2Fmaps%2Fd%2Fu%2F1%2Fviewer%3Fhl%3Dca%26ll%3D41.91490614365871%252C3.14357399467188%26z%3D12%26mid%3D1lZCM8HcKLN74zO-BpPK_c2Dr6dVRI4sy|target:_blank|&#8221; icon=&#8221;fa fa-map3&#8243; uncode_shortcode_id=&#8221;120327&#8243; el_class=&#8221;small-btn&#8221;]Localizaciones[\/vc_button][vc_button size=&#8221;btn-sm&#8221; italic=&#8221;yes&#8221; border_width=&#8221;0&#8243; display=&#8221;inline&#8221; link=&#8221;url:https%3A%2F%2Fwww.klassmark.com%2Fwp-content%2Fuploads%2F2026%2F03%2FTCB-trail-226ERS-.png|target:_blank&#8221; icon=&#8221;fa fa-map3&#8243; uncode_shortcode_id=&#8221;131898&#8243; el_class=&#8221;small-btn&#8221;]Perfil[\/vc_button][vc_button size=&#8221;btn-sm&#8221; border_width=&#8221;0&#8243; display=&#8221;inline&#8221; link=&#8221;url:https%3A%2F%2Fwww.komoot.com%2Fes-es%2Fcollection%2F1134806%2F-trail-costa-brava%3Fref%3Dcollection|target:_blank&#8221; icon=&#8221;fa fa-asterisk&#8221; uncode_shortcode_id=&#8221;202560&#8243;]Ruta[\/vc_button][\/vc_column_inner][\/vc_row_inner][vc_raw_html]JTNDaWZyYW1lJTIwc3JjJTNEJTIyaHR0cHMlM0ElMkYlMkZ3d3cua29tb290LmNvbSUyRmVzLWVzJTJGdG91ciUyRjI3MjQ0MzM0NDAlMkZlbWJlZCUzRnNoYXJlX3Rva2VuJTNEYTdiNkpxdFN0bUdrWFhZUW12alpicjJlOHBoa2pCdkVTZFlqRjJHWTV2ZHlTeXFtNXIlMjZwcm9maWxlJTNEMSUyMiUyMHdpZHRoJTNEJTIyMTAwJTI1JTIyJTIwaGVpZ2h0JTNEJTIyNzAwJTIyJTIwZnJhbWVib3JkZXIlM0QlMjIwJTIyJTIwc2Nyb2xsaW5nJTNEJTIybm8lMjIlM0UlM0MlMkZpZnJhbWUlM0U=[\/vc_raw_html][vc_tabs vertical=&#8221;yes&#8221; history=&#8221;yes&#8221; target=&#8221;row&#8221;][vc_tab icon=&#8221;fa fa-map-signs&#8221; gutter_size=&#8221;2&#8243; column_padding=&#8221;0&#8243; title=&#8221;Recorrido&#8221; tab_id=&#8221;1427386120260-0-1&#8243; slug=&#8221;editing&#8221;][vc_column_text uncode_shortcode_id=&#8221;140117&#8243;]<\/p>\n<p class=\"p1\"><strong>DISTANCIA Y ALTIMETRIA<\/strong><\/p>\n<p class=\"p1\">Distancia real: 21,7k<br \/>\nDesnivel positivo: +600 m<br \/>\nAltitud maxima: 140 m<br \/>\nAltitud m\u00ednima: 0 m<\/p>\n<p class=\"p1\"><strong>TERRENO<\/strong><\/p>\n<p class=\"p1\">Sin pavimentar: 77%<\/p>\n<p class=\"p1\">Pavimentado: 23%<\/p>\n<p class=\"p1\"><strong>TIEMPO<\/strong><\/p>\n<p class=\"p1\">1r participante: 1h30<br \/>\nTiempo de corte: 4h<\/p>\n<p class=\"p1\"><span style=\"text-decoration: underline;\">Salida y llegada<\/span>: Palam\u00f3s<\/p>\n<p class=\"p1\"><span style=\"text-decoration: underline;\">Material obligatorio<\/span>: es responsabilidad del participante valorar qu\u00e9 material llevar.<\/p>\n<p class=\"p1\"><span style=\"text-decoration: underline;\">Material recomendado:<\/span> vaso o bid\u00f3n, tel\u00e9fono m\u00f3vil, manta t\u00e9rmica y todo lo necesario para hacer frente a los cambios bruscos de tiempo debido a la emergencia clim\u00e1tica en la que nos encontramos.<\/p>\n<p class=\"p1\"><strong>Itinerario se\u00f1alizado con tela reciclada Klassmark roja y se\u00f1ales indicativos.<\/strong><\/p>\n<p>[\/vc_column_text][\/vc_tab][vc_tab icon=&#8221;fa fa-thumbs-up3&#8243; gutter_size=&#8221;2&#8243; column_padding=&#8221;0&#8243; title=&#8221;Servicios&#8221; tab_id=&#8221;1427386120778-0-5&#8243; slug=&#8221;Serveis&#8221;][vc_column_text uncode_shortcode_id=&#8221;580162&#8243;]<\/p>\n<ul>\n<li>Obsequio oficial<\/li>\n<li>Tasa ambiental<\/li>\n<li>Dorsales personalitzados con imperdibles<\/li>\n<li>Cronometrage y chip<\/li>\n<li>Tiempo online<\/li>\n<li>Fotografias online<\/li>\n<li>Avituallamento pre carrrera (almuerzo)<\/li>\n<li>Avituallamento en ruta<\/li>\n<li>Avituallamento de llegada<\/li>\n<li>Servicio de guarda-ropa<\/li>\n<li>Asistencia en ruta<\/li>\n<li>Punto medico<\/li>\n<li>Duchas y aseos<\/li>\n<li>Parking turismos<\/li>\n<li>Parking autocaravanas y furgonetas<\/li>\n<\/ul>\n<p>[\/vc_column_text][\/vc_tab][vc_tab icon=&#8221;fa fa-dinner&#8221; gutter_size=&#8221;2&#8243; column_padding=&#8221;0&#8243; title=&#8221;Avituallamientos&#8221; tab_id=&#8221;1664230864618-3-1&#8243; slug=&#8221;Avituallaments&#8221;][vc_column_text uncode_shortcode_id=&#8221;315306&#8243;]<span class=\"color_11\">* Recuerda que en los avituallamientos no damos ning\u00fan envase de un solo uso<\/span><\/p>\n<ul>\n<li class=\"font_8\"><span class=\"color_11\"><strong>Avituallamentos<\/strong> (en carrera): 2<\/span><\/li>\n<li class=\"font_8\">AV1 Pista Pineda interior 7,1K &#8211; Tiempo de corte: 10h\n<p class=\"p1\">AV2 Pista Cala Estreta 15,4K &#8211; Tiempo de corte: 11:30h<\/p>\n<\/li>\n<li class=\"font_8\"><span class=\"color_11\"><strong>Avituallamiento llegada<\/strong><br \/>\nSitio: <a href=\"https:\/\/goo.gl\/maps\/vKaYFSbg9wc9TgsT9\">ESTENEDOR DE XARXES<\/a><br \/>\nTiempo de cortel: 13h<\/span><\/li>\n<li class=\"font_8\"><strong><span class=\"color_11\">Producto avituallamientos<\/span><\/strong><span class=\"color_11\"><br \/>\n<\/span>AV1: agua, Coca-cola, bebida isot\u00f3nica, gominolas.<br \/>\nAV2: agua,\u00a0<span class=\"color_11\">Coca-cola, producto 226ers<\/span>, pl\u00e1tano, naranja, frutos secos, gominolas, aceitunas, tortilla de patatas (todo sin gluten).<br \/>\nMeta: agua, Coca-<span class=\"color_11\">cola, bebida isot\u00f3nica<\/span>, pl\u00e1tano, naranja, frutos secos, fuet, membrillo, golosinas, aceitunas, tortilla de patates (todo sin gluten), <span class=\"color_11\">pasta y arr\u00f3z.<\/span><\/li>\n<\/ul>\n<p>[\/vc_column_text][\/vc_tab][vc_tab icon=&#8221;fa fa-user2&#8243; gutter_size=&#8221;2&#8243; column_padding=&#8221;0&#8243; title=&#8221;Formato y categor\u00edas&#8221; tab_id=&#8221;1664230914355-4-2&#8243;][vc_column_text uncode_shortcode_id=&#8221;679883&#8243;]<span class=\"color_11\"><strong>Categorias Individuales<\/strong><\/span><\/p>\n<ul>\n<li><span class=\"color_11\"><strong>Absoluta<\/strong><br \/>\n<\/span><span class=\"color_11\">Femenina<br \/>\nMasculina<br \/>\nNo binaria<br \/>\n<\/span><\/li>\n<li><span class=\"color_11\"><strong>Sub23<\/strong><br \/>\nFemenina hasta 23 a\u00f1os<br \/>\nMasculina hasta 23 a\u00f1os<\/span><\/li>\n<li><span class=\"color_11\"><strong>Master 40<\/strong><br \/>\nFemenina a partir de 40 a\u00f1os<br \/>\nMasculina a partir de 40 a\u00f1os<\/span><\/li>\n<li><span class=\"color_11\"><strong>Master 50<\/strong><br \/>\nFemenina a partir de 50 a\u00f1os<br \/>\nMasculina a partir de 50 a\u00f1os<\/span><\/li>\n<\/ul>\n<p>* Se tendr\u00e1 en cuenta la edad del participante a 31 de diciembre del a\u00f1o en curso.<br \/>\n* Los premios son acumulativos.<br \/>\n* Ser\u00e1 imprescindible estar presente en la entrega de premios para recibir el trofeo, medalla o obsequio.[\/vc_column_text][\/vc_tab][vc_tab icon=&#8221;fa fa-document-text&#8221; gutter_size=&#8221;2&#8243; column_padding=&#8221;0&#8243; title=&#8221;Documentos&#8221; tab_id=&#8221;1664230960164-5-8&#8243; slug=&#8221;Reglament&#8221;][vc_column_text uncode_shortcode_id=&#8221;178251&#8243;]Reglamento <strong><a href=\"https:\/\/www.klassmark.com\/wp-content\/uploads\/2025\/09\/REGLAMENT-TRAIL-KLASSMARK_CAT_JULIOL25.pdf\">CAT<\/a><\/strong> \/\/ <strong><a href=\"https:\/\/www.klassmark.com\/wp-content\/uploads\/2025\/09\/REGLAMENT-TRAIL-KLASSMARK_ESP_JULIOL25.pdf\">ESP<\/a><\/strong> \/\/ <strong><a href=\"https:\/\/www.klassmark.com\/wp-content\/uploads\/2025\/09\/REGLAMENT-TRAIL-KLASSMARK_ENG_JULIOL25.pdf\">ENG<\/a><\/strong><\/p>\n<p>Autorizaci\u00f3n de menores <a href=\"https:\/\/www.klassmark.com\/wp-content\/uploads\/2024\/07\/AUTORITZACIO-MENORS-KLASSMARK.pdf\">CAT<\/a> \/\/ <a href=\"https:\/\/www.klassmark.com\/wp-content\/uploads\/2024\/07\/AUTORIZACION-MENORES-KLASSMARK-ES.pdf\">ESP<\/a> \/\/ <a href=\"https:\/\/www.klassmark.com\/wp-content\/uploads\/2024\/07\/AUTHORIZATION-FOR-MINORS-KLASSMARK-EN.pdf\">ENG<\/a> \/\/ <a href=\"https:\/\/www.klassmark.com\/wp-content\/uploads\/2024\/07\/AUTORISATION-POUR-MINEURS-FR.pdf\">FR<\/a><\/p>\n<p>Descargo de responsabilidad <a href=\"https:\/\/www.klassmark.com\/wp-content\/uploads\/2024\/08\/Descarrega-CAT.pdf\">CAT<\/a> \/\/ <a href=\"https:\/\/www.klassmark.com\/wp-content\/uploads\/2024\/08\/DESCA-RESPON-ESP.pdf\">ESP<\/a> \/\/ <a href=\"https:\/\/www.klassmark.com\/wp-content\/uploads\/2024\/08\/DISCLAIMER-ENG.pdf\">ENG<\/a> \/\/ <a href=\"https:\/\/www.klassmark.com\/wp-content\/uploads\/2024\/08\/Disclarimer-FRA.pdf\">FR<\/a>[\/vc_column_text][\/vc_tab][vc_tab icon=&#8221;fa fa-info-circle&#8221; gutter_size=&#8221;2&#8243; column_padding=&#8221;2&#8243; title=&#8221;Cajones de salida&#8221; tab_id=&#8221;1773229508743-5-0&#8243;][vc_column_text text_lead=&#8221;small&#8221; uncode_shortcode_id=&#8221;199122&#8243;]Para garantizar una <strong data-start=\"216\" data-end=\"256\">salida m\u00e1s fluida, segura y ordenada<\/strong>, los participantes de la distancia Trail podr\u00e1n <strong data-start=\"305\" data-end=\"391\">escoger libremente su caj\u00f3n de salida seg\u00fan el tiempo estimado que prev\u00e9n realizar<\/strong>.<\/p>\n<p>La elecci\u00f3n se har\u00e1 <strong data-start=\"414\" data-end=\"475\">directamente en el momento de acceder a la zona de salida<\/strong>, coloc\u00e1ndose en el caj\u00f3n correspondiente. <strong data-start=\"518\" data-end=\"588\">No es necesario comunicar ni seleccionar previamente ning\u00fan caj\u00f3n.<\/strong><\/p>\n<p><strong data-start=\"590\" data-end=\"618\">Distribuci\u00f3n de cajones:<\/strong><\/p>\n<ul data-start=\"620\" data-end=\"774\">\n<li data-section-id=\"1lvq756\" data-start=\"620\" data-end=\"650\"><strong data-start=\"622\" data-end=\"632\">BOX 1:<\/strong> 1:30 h \u2013 1:59 h<\/li>\n<li data-section-id=\"oqsaz1\" data-start=\"651\" data-end=\"681\"><strong data-start=\"653\" data-end=\"663\">BOX 2:<\/strong> 2:00 h \u2013 2:29 h<\/li>\n<li data-section-id=\"dkbx1k\" data-start=\"682\" data-end=\"712\"><strong data-start=\"684\" data-end=\"694\">BOX 3:<\/strong> 2:30 h \u2013 2:59 h<\/li>\n<li data-section-id=\"7wnw17\" data-start=\"713\" data-end=\"743\"><strong data-start=\"715\" data-end=\"725\">BOX 4:<\/strong> 3:00 h \u2013 3:29 h<\/li>\n<li data-section-id=\"6zpd0l\" data-start=\"744\" data-end=\"774\"><strong data-start=\"746\" data-end=\"756\">BOX 5:<\/strong> 3:30 h \u2013 4:00 h<\/li>\n<\/ul>\n<p>Os pedimos elegir el caj\u00f3n que mejor se adapte a vuestro ritmo previsto para facilitar una salida c\u00f3moda y ordenada para todos.[\/vc_column_text][\/vc_tab][\/vc_tabs][vc_empty_space empty_h=&#8221;4&#8243;][\/vc_column][\/vc_row]<\/p>\n<\/div>","protected":false},"excerpt":{"rendered":"<p>[vc_row row_height_percent=&#8221;0&#8243; back_color=&#8221;color-jevc&#8221; overlay_color=&#8221;color-jevc&#8221; overlay_alpha=&#8221;100&#8243; gutter_size=&#8221;3&#8243; column_width_percent=&#8221;100&#8243; shift_y=&#8221;0&#8243; z_index=&#8221;1&#8243; enable_bottom_divider=&#8221;default&#8221; bottom_divider=&#8221;gradient&#8221; shape_bottom_h_use_pixel=&#8221;true&#8221; shape_bottom_height_percent=&#8221;100&#8243; shape_bottom_color=&#8221;color-jevc&#8221; shape_bottom_opacity=&#8221;50&#8243; shape_bottom_index=&#8221;0&#8243; sticky=&#8221;yes&#8221; changer_back_color=&#8221;yes&#8221; uncode_shortcode_id=&#8221;559065&#8243; back_color_type=&#8221;uncode-palette&#8221; [&hellip;]<\/p>\n","protected":false},"author":3,"featured_media":0,"parent":0,"menu_order":0,"comment_status":"closed","ping_status":"closed","template":"","meta":{"footnotes":""},"class_list":["post-114351","page","type-page","status-publish","hentry"],"yoast_head":"<!-- This site is optimized with the Yoast SEO plugin v27.1.1 - https:\/\/yoast.com\/product\/yoast-seo-wordpress\/ -->\n<title>Trail Costa Brava - Trail - KLASSMARK<\/title>\n<meta name=\"robots\" content=\"index, follow, max-snippet:-1, max-image-preview:large, max-video-preview:-1\" \/>\n<link rel=\"canonical\" href=\"https:\/\/www.klassmark.com\/es\/trail-costa-brava-trail\/\" \/>\n<meta property=\"og:locale\" content=\"es_ES\" \/>\n<meta property=\"og:type\" content=\"article\" \/>\n<meta property=\"og:title\" content=\"Trail Costa Brava - Trail - KLASSMARK\" \/>\n<meta property=\"og:description\" content=\"[vc_row row_height_percent=&#8221;0&#8243; back_color=&#8221;color-jevc&#8221; overlay_color=&#8221;color-jevc&#8221; overlay_alpha=&#8221;100&#8243; gutter_size=&#8221;3&#8243; column_width_percent=&#8221;100&#8243; shift_y=&#8221;0&#8243; z_index=&#8221;1&#8243; enable_bottom_divider=&#8221;default&#8221; bottom_divider=&#8221;gradient&#8221; shape_bottom_h_use_pixel=&#8221;true&#8221; shape_bottom_height_percent=&#8221;100&#8243; shape_bottom_color=&#8221;color-jevc&#8221; shape_bottom_opacity=&#8221;50&#8243; shape_bottom_index=&#8221;0&#8243; sticky=&#8221;yes&#8221; changer_back_color=&#8221;yes&#8221; uncode_shortcode_id=&#8221;559065&#8243; back_color_type=&#8221;uncode-palette&#8221; [&hellip;]\" \/>\n<meta property=\"og:url\" content=\"https:\/\/www.klassmark.com\/es\/trail-costa-brava-trail\/\" \/>\n<meta property=\"og:site_name\" content=\"KLASSMARK\" \/>\n<meta property=\"article:modified_time\" content=\"2026-03-11T11:47:35+00:00\" \/>\n<meta name=\"twitter:card\" content=\"summary_large_image\" \/>\n<meta name=\"twitter:label1\" content=\"Est. reading time\" \/>\n\t<meta name=\"twitter:data1\" content=\"5 minutes\" \/>\n<script type=\"application\/ld+json\" class=\"yoast-schema-graph\">{\"@context\":\"https:\/\/schema.org\",\"@graph\":[{\"@type\":\"WebPage\",\"@id\":\"https:\/\/www.klassmark.com\/es\/trail-costa-brava-trail\/\",\"url\":\"https:\/\/www.klassmark.com\/es\/trail-costa-brava-trail\/\",\"name\":\"Trail Costa Brava - Trail - KLASSMARK\",\"isPartOf\":{\"@id\":\"https:\/\/www.klassmark.com\/es\/#website\"},\"datePublished\":\"2023-10-05T10:01:03+00:00\",\"dateModified\":\"2026-03-11T11:47:35+00:00\",\"breadcrumb\":{\"@id\":\"https:\/\/www.klassmark.com\/es\/trail-costa-brava-trail\/#breadcrumb\"},\"inLanguage\":\"es\",\"potentialAction\":[{\"@type\":\"ReadAction\",\"target\":[\"https:\/\/www.klassmark.com\/es\/trail-costa-brava-trail\/\"]}]},{\"@type\":\"BreadcrumbList\",\"@id\":\"https:\/\/www.klassmark.com\/es\/trail-costa-brava-trail\/#breadcrumb\",\"itemListElement\":[{\"@type\":\"ListItem\",\"position\":1,\"name\":\"Portada\",\"item\":\"https:\/\/www.klassmark.com\/es\/klassmark-carreras-de-trail-mtb-y-gravel\/\"},{\"@type\":\"ListItem\",\"position\":2,\"name\":\"Trail Costa Brava &#8211; Trail\"}]},{\"@type\":\"WebSite\",\"@id\":\"https:\/\/www.klassmark.com\/es\/#website\",\"url\":\"https:\/\/www.klassmark.com\/es\/\",\"name\":\"KLASSMARK\",\"description\":\"Curses de Trail, Mtb i Gravel\",\"publisher\":{\"@id\":\"https:\/\/www.klassmark.com\/es\/#organization\"},\"potentialAction\":[{\"@type\":\"SearchAction\",\"target\":{\"@type\":\"EntryPoint\",\"urlTemplate\":\"https:\/\/www.klassmark.com\/es\/?s={search_term_string}\"},\"query-input\":{\"@type\":\"PropertyValueSpecification\",\"valueRequired\":true,\"valueName\":\"search_term_string\"}}],\"inLanguage\":\"es\"},{\"@type\":\"Organization\",\"@id\":\"https:\/\/www.klassmark.com\/es\/#organization\",\"name\":\"KLASSMARK\",\"url\":\"https:\/\/www.klassmark.com\/es\/\",\"logo\":{\"@type\":\"ImageObject\",\"inLanguage\":\"es\",\"@id\":\"https:\/\/www.klassmark.com\/es\/#\/schema\/logo\/image\/\",\"url\":\"https:\/\/www.klassmark.com\/wp-content\/uploads\/2022\/09\/KLASSMARK-quadrat-white_Mesa-de-trabajo-1.png\",\"contentUrl\":\"https:\/\/www.klassmark.com\/wp-content\/uploads\/2022\/09\/KLASSMARK-quadrat-white_Mesa-de-trabajo-1.png\",\"width\":659,\"height\":667,\"caption\":\"KLASSMARK\"},\"image\":{\"@id\":\"https:\/\/www.klassmark.com\/es\/#\/schema\/logo\/image\/\"}}]}<\/script>\n<!-- \/ Yoast SEO plugin. -->","yoast_head_json":{"title":"Trail Costa Brava - Trail - KLASSMARK","robots":{"index":"index","follow":"follow","max-snippet":"max-snippet:-1","max-image-preview":"max-image-preview:large","max-video-preview":"max-video-preview:-1"},"canonical":"https:\/\/www.klassmark.com\/es\/trail-costa-brava-trail\/","og_locale":"es_ES","og_type":"article","og_title":"Trail Costa Brava - Trail - KLASSMARK","og_description":"[vc_row row_height_percent=&#8221;0&#8243; back_color=&#8221;color-jevc&#8221; overlay_color=&#8221;color-jevc&#8221; overlay_alpha=&#8221;100&#8243; gutter_size=&#8221;3&#8243; column_width_percent=&#8221;100&#8243; shift_y=&#8221;0&#8243; z_index=&#8221;1&#8243; enable_bottom_divider=&#8221;default&#8221; bottom_divider=&#8221;gradient&#8221; shape_bottom_h_use_pixel=&#8221;true&#8221; shape_bottom_height_percent=&#8221;100&#8243; shape_bottom_color=&#8221;color-jevc&#8221; shape_bottom_opacity=&#8221;50&#8243; shape_bottom_index=&#8221;0&#8243; sticky=&#8221;yes&#8221; changer_back_color=&#8221;yes&#8221; uncode_shortcode_id=&#8221;559065&#8243; back_color_type=&#8221;uncode-palette&#8221; [&hellip;]","og_url":"https:\/\/www.klassmark.com\/es\/trail-costa-brava-trail\/","og_site_name":"KLASSMARK","article_modified_time":"2026-03-11T11:47:35+00:00","twitter_card":"summary_large_image","twitter_misc":{"Est. reading time":"5 minutes"},"schema":{"@context":"https:\/\/schema.org","@graph":[{"@type":"WebPage","@id":"https:\/\/www.klassmark.com\/es\/trail-costa-brava-trail\/","url":"https:\/\/www.klassmark.com\/es\/trail-costa-brava-trail\/","name":"Trail Costa Brava - Trail - KLASSMARK","isPartOf":{"@id":"https:\/\/www.klassmark.com\/es\/#website"},"datePublished":"2023-10-05T10:01:03+00:00","dateModified":"2026-03-11T11:47:35+00:00","breadcrumb":{"@id":"https:\/\/www.klassmark.com\/es\/trail-costa-brava-trail\/#breadcrumb"},"inLanguage":"es","potentialAction":[{"@type":"ReadAction","target":["https:\/\/www.klassmark.com\/es\/trail-costa-brava-trail\/"]}]},{"@type":"BreadcrumbList","@id":"https:\/\/www.klassmark.com\/es\/trail-costa-brava-trail\/#breadcrumb","itemListElement":[{"@type":"ListItem","position":1,"name":"Portada","item":"https:\/\/www.klassmark.com\/es\/klassmark-carreras-de-trail-mtb-y-gravel\/"},{"@type":"ListItem","position":2,"name":"Trail Costa Brava &#8211; Trail"}]},{"@type":"WebSite","@id":"https:\/\/www.klassmark.com\/es\/#website","url":"https:\/\/www.klassmark.com\/es\/","name":"KLASSMARK","description":"Curses de Trail, Mtb i Gravel","publisher":{"@id":"https:\/\/www.klassmark.com\/es\/#organization"},"potentialAction":[{"@type":"SearchAction","target":{"@type":"EntryPoint","urlTemplate":"https:\/\/www.klassmark.com\/es\/?s={search_term_string}"},"query-input":{"@type":"PropertyValueSpecification","valueRequired":true,"valueName":"search_term_string"}}],"inLanguage":"es"},{"@type":"Organization","@id":"https:\/\/www.klassmark.com\/es\/#organization","name":"KLASSMARK","url":"https:\/\/www.klassmark.com\/es\/","logo":{"@type":"ImageObject","inLanguage":"es","@id":"https:\/\/www.klassmark.com\/es\/#\/schema\/logo\/image\/","url":"https:\/\/www.klassmark.com\/wp-content\/uploads\/2022\/09\/KLASSMARK-quadrat-white_Mesa-de-trabajo-1.png","contentUrl":"https:\/\/www.klassmark.com\/wp-content\/uploads\/2022\/09\/KLASSMARK-quadrat-white_Mesa-de-trabajo-1.png","width":659,"height":667,"caption":"KLASSMARK"},"image":{"@id":"https:\/\/www.klassmark.com\/es\/#\/schema\/logo\/image\/"}}]}},"_links":{"self":[{"href":"https:\/\/www.klassmark.com\/es\/wp-json\/wp\/v2\/pages\/114351","targetHints":{"allow":["GET"]}}],"collection":[{"href":"https:\/\/www.klassmark.com\/es\/wp-json\/wp\/v2\/pages"}],"about":[{"href":"https:\/\/www.klassmark.com\/es\/wp-json\/wp\/v2\/types\/page"}],"author":[{"embeddable":true,"href":"https:\/\/www.klassmark.com\/es\/wp-json\/wp\/v2\/users\/3"}],"replies":[{"embeddable":true,"href":"https:\/\/www.klassmark.com\/es\/wp-json\/wp\/v2\/comments?post=114351"}],"version-history":[{"count":45,"href":"https:\/\/www.klassmark.com\/es\/wp-json\/wp\/v2\/pages\/114351\/revisions"}],"predecessor-version":[{"id":122779,"href":"https:\/\/www.klassmark.com\/es\/wp-json\/wp\/v2\/pages\/114351\/revisions\/122779"}],"wp:attachment":[{"href":"https:\/\/www.klassmark.com\/es\/wp-json\/wp\/v2\/media?parent=114351"}],"curies":[{"name":"wp","href":"https:\/\/api.w.org\/{rel}","templated":true}]}}