{"id":114325,"date":"2023-10-05T10:02:57","date_gmt":"2023-10-05T10:02:57","guid":{"rendered":"https:\/\/www.klassmark.com\/?page_id=114325"},"modified":"2025-12-03T11:39:51","modified_gmt":"2025-12-03T11:39:51","slug":"cmg-kids","status":"publish","type":"page","link":"https:\/\/www.klassmark.com\/es\/cmg-kids\/","title":{"rendered":"CMG &#8211; Kids"},"content":{"rendered":"<div class=\"wpb-content-wrapper\"><p>[vc_row row_height_percent=&#8221;0&#8243; back_color=&#8221;color-jevc&#8221; overlay_color=&#8221;color-jevc&#8221; overlay_alpha=&#8221;100&#8243; gutter_size=&#8221;3&#8243; column_width_percent=&#8221;100&#8243; shift_y=&#8221;0&#8243; z_index=&#8221;1&#8243; enable_bottom_divider=&#8221;default&#8221; bottom_divider=&#8221;gradient&#8221; shape_bottom_h_use_pixel=&#8221;true&#8221; shape_bottom_height_percent=&#8221;100&#8243; shape_bottom_color=&#8221;color-jevc&#8221; shape_bottom_opacity=&#8221;50&#8243; shape_bottom_index=&#8221;0&#8243; sticky=&#8221;yes&#8221; changer_back_color=&#8221;yes&#8221; uncode_shortcode_id=&#8221;559065&#8243; back_color_type=&#8221;uncode-palette&#8221; overlay_color_type=&#8221;uncode-palette&#8221; shape_bottom_color_type=&#8221;uncode-palette&#8221; el_class=&#8221;sticky-trigger menu&#8221;][vc_column column_width_percent=&#8221;100&#8243; position_vertical=&#8221;middle&#8221; align_horizontal=&#8221;align_center&#8221; gutter_size=&#8221;3&#8243; style=&#8221;dark&#8221; overlay_alpha=&#8221;50&#8243; shift_x=&#8221;0&#8243; shift_y=&#8221;0&#8243; shift_y_down=&#8221;0&#8243; z_index=&#8221;0&#8243; medium_width=&#8221;0&#8243; align_mobile=&#8221;align_center_mobile&#8221; mobile_width=&#8221;0&#8243; css_animation=&#8221;alpha-anim&#8221; animation_speed=&#8221;1000&#8243; animation_delay=&#8221;400&#8243; width=&#8221;1\/1&#8243; uncode_shortcode_id=&#8221;174301&#8243;][vc_row_inner row_inner_height_percent=&#8221;0&#8243; overlay_alpha=&#8221;50&#8243; gutter_size=&#8221;3&#8243; shift_y=&#8221;0&#8243; z_index=&#8221;0&#8243; uncode_shortcode_id=&#8221;184968&#8243; limit_content=&#8221;&#8221;][vc_column_inner column_width_percent=&#8221;100&#8243; align_horizontal=&#8221;align_right&#8221; gutter_size=&#8221;3&#8243; style=&#8221;dark&#8221; overlay_alpha=&#8221;50&#8243; shift_x=&#8221;0&#8243; shift_y=&#8221;0&#8243; shift_y_down=&#8221;0&#8243; z_index=&#8221;0&#8243; medium_width=&#8221;0&#8243; mobile_width=&#8221;0&#8243; width=&#8221;1\/1&#8243; uncode_shortcode_id=&#8221;605595&#8243;][vc_wp_custommenu nav_menu=&#8221;103&#8243; nav_menu_horizontal=&#8221;1&#8243; use_widget_style=&#8221;yes&#8221; widget_collapse=&#8221;yes&#8221;][\/vc_column_inner][\/vc_row_inner][\/vc_column][\/vc_row][vc_row row_height_percent=&#8221;0&#8243; back_color=&#8221;color-xsdn&#8221; overlay_alpha=&#8221;50&#8243; gutter_size=&#8221;3&#8243; column_width_percent=&#8221;100&#8243; shift_y=&#8221;0&#8243; z_index=&#8221;0&#8243; uncode_shortcode_id=&#8221;587546&#8243; back_color_type=&#8221;uncode-palette&#8221;][vc_column width=&#8221;1\/1&#8243;][vc_row_inner row_inner_height_percent=&#8221;0&#8243; overlay_alpha=&#8221;50&#8243; gutter_size=&#8221;3&#8243; shift_y=&#8221;0&#8243; z_index=&#8221;0&#8243; uncode_shortcode_id=&#8221;198498&#8243; css=&#8221;.vc_custom_1664230696070{padding-top: 30px !important;padding-bottom: 50px !important;}&#8221; limit_content=&#8221;&#8221;][vc_column_inner column_width_percent=&#8221;100&#8243; align_horizontal=&#8221;align_right&#8221; gutter_size=&#8221;3&#8243; overlay_alpha=&#8221;50&#8243; shift_x=&#8221;0&#8243; shift_y=&#8221;0&#8243; shift_y_down=&#8221;0&#8243; z_index=&#8221;0&#8243; medium_width=&#8221;0&#8243; mobile_width=&#8221;0&#8243; width=&#8221;1\/2&#8243; uncode_shortcode_id=&#8221;162984&#8243;][vc_custom_heading text_color=&#8221;accent&#8221; heading_semantic=&#8221;h1&#8243; text_font=&#8221;font-156658&#8243; text_size=&#8221;h1&#8243; text_italic=&#8221;yes&#8221; uncode_shortcode_id=&#8221;949726&#8243; text_color_type=&#8221;uncode-palette&#8221; el_class=&#8221;no-margin&#8221;]KIDS[\/vc_custom_heading][vc_custom_heading heading_semantic=&#8221;h3&#8243; text_size=&#8221;h1&#8243; separator=&#8221;yes&#8221; separator_color=&#8221;yes&#8221; sub_lead=&#8221;yes&#8221; uncode_shortcode_id=&#8221;944346&#8243; el_class=&#8221;no-margin&#8221;]600M +20M[\/vc_custom_heading][\/vc_column_inner][vc_column_inner column_width_percent=&#8221;100&#8243; position_horizontal=&#8221;left&#8221; gutter_size=&#8221;3&#8243; overlay_alpha=&#8221;50&#8243; shift_x=&#8221;0&#8243; shift_y=&#8221;0&#8243; shift_y_down=&#8221;0&#8243; z_index=&#8221;0&#8243; medium_width=&#8221;0&#8243; mobile_width=&#8221;0&#8243; width=&#8221;1\/2&#8243; uncode_shortcode_id=&#8221;197328&#8243;][vc_icon position=&#8221;left&#8221; space_reduced=&#8221;yes&#8221; title_aligned_icon=&#8221;yes&#8221; display=&#8221;inline&#8221; icon=&#8221;fa fa-calendar&#8221; icon_color=&#8221;color-jevc&#8221; heading_semantic=&#8221;h5&#8243; text_size=&#8221;h5&#8243; uncode_shortcode_id=&#8221;371886&#8243; icon_color_type=&#8221;uncode-palette&#8221; title=&#8221;14 noviembre 2026&#8243;][\/vc_icon][vc_icon position=&#8221;left&#8221; space_reduced=&#8221;yes&#8221; title_aligned_icon=&#8221;yes&#8221; display=&#8221;inline&#8221; icon=&#8221;fa fa-clock&#8221; icon_color=&#8221;color-jevc&#8221; heading_semantic=&#8221;h5&#8243; text_size=&#8221;h5&#8243; uncode_shortcode_id=&#8221;113577&#8243; icon_color_type=&#8221;uncode-palette&#8221; title=&#8221;Hora de salida: 16h&#8221;][\/vc_icon][vc_icon position=&#8221;left&#8221; space_reduced=&#8221;yes&#8221; title_aligned_icon=&#8221;yes&#8221; display=&#8221;inline&#8221; icon=&#8221;fa fa-map-marker&#8221; icon_color=&#8221;color-jevc&#8221; heading_semantic=&#8221;h5&#8243; text_size=&#8221;h5&#8243; uncode_shortcode_id=&#8221;980117&#8243; icon_color_type=&#8221;uncode-palette&#8221; title=&#8221;Girona&#8221;][\/vc_icon][\/vc_column_inner][\/vc_row_inner][vc_row_inner row_inner_height_percent=&#8221;0&#8243; overlay_alpha=&#8221;50&#8243; gutter_size=&#8221;3&#8243; shift_y=&#8221;0&#8243; z_index=&#8221;0&#8243; uncode_shortcode_id=&#8221;165368&#8243; limit_content=&#8221;&#8221;][vc_column_inner column_width_percent=&#8221;100&#8243; position_vertical=&#8221;middle&#8221; align_horizontal=&#8221;align_center&#8221; gutter_size=&#8221;3&#8243; overlay_alpha=&#8221;50&#8243; shift_x=&#8221;0&#8243; shift_y=&#8221;0&#8243; shift_y_down=&#8221;0&#8243; z_index=&#8221;0&#8243; medium_width=&#8221;0&#8243; mobile_width=&#8221;0&#8243; width=&#8221;1\/1&#8243; uncode_shortcode_id=&#8221;201882&#8243;][vc_button size=&#8221;btn-sm&#8221; italic=&#8221;yes&#8221; border_width=&#8221;0&#8243; display=&#8221;inline&#8221; link=&#8221;url:https%3A%2F%2Fwww.google.es%2Fmaps%2F%4041.9299014%2C2.8521809%2C11z%2Fdata%3D%213m1%214b1%214m2%216m1%211s1TcKTpWgM2uCtbM2m1-qVpMsCmzk%3Fentry%3Dttu|target:_blank|&#8221; icon=&#8221;fa fa-map3&#8243; uncode_shortcode_id=&#8221;107398&#8243; el_class=&#8221;small-btn&#8221;]Localizaciones[\/vc_button][\/vc_column_inner][\/vc_row_inner][vc_tabs vertical=&#8221;yes&#8221; history=&#8221;yes&#8221; target=&#8221;row&#8221;][vc_tab icon=&#8221;fa fa-document-text&#8221; gutter_size=&#8221;2&#8243; column_padding=&#8221;0&#8243; title=&#8221;Reglamento&#8221; tab_id=&#8221;1664230960164-5-8&#8243; slug=&#8221;Reglament&#8221;][vc_column_text uncode_shortcode_id=&#8221;130219&#8243;]<strong>Reglamento espec\u00edfico<\/strong><\/p>\n<ol>\n<li>La PRUEBA KIDS es una actividad popular NO COMPETITIVA que se desarrolla en un circuito urbano de 600 metros en Gerona. La salida y la llegada est\u00e1 en la Plaza Sant Dom\u00e8nec.<\/li>\n<li>A cada ni\u00f1o y ni\u00f1a se le dar\u00e1 un dorsal que tendr\u00e1 que llevar durante la carrera. Todos los dorsales son iguales con igual n\u00famero.<\/li>\n<li>Existen diferentes categor\u00edas dependiendo del a\u00f1o de nacimiento de los participantes. A cada categor\u00eda se le asignar\u00e1 un n\u00famero determinado de vueltas.<\/li>\n<li>Los ni\u00f1os y ni\u00f1as que lo deseen pueden ir acompa\u00f1ados.<\/li>\n<\/ol>\n<p>[\/vc_column_text][vc_column_text uncode_shortcode_id=&#8221;210982&#8243;]<strong>Reglamentos :\u00a0<\/strong><a href=\"https:\/\/old.klassmark.com\/wp-content\/uploads\/2022\/02\/ReglamentCAT.pdf\">CAT<\/a> \/ <a href=\"https:\/\/old.klassmark.com\/wp-content\/uploads\/2022\/02\/ReglamentoESP_compressed.pdf\">ESP<\/a> \/ <a href=\"https:\/\/old.klassmark.com\/wp-content\/uploads\/2022\/02\/RegulationENG.pdf\">ENG<\/a> \/ <a href=\"https:\/\/old.klassmark.com\/wp-content\/uploads\/2021\/11\/REGLEMENT.pdf\">FR<\/a><\/p>\n<p><strong style=\"font-family: -apple-system, BlinkMacSystemFont, 'Segoe UI', Roboto, Oxygen-Sans, Ubuntu, Cantarell, 'Helvetica Neue', sans-serif;\">Documentos<\/strong><\/p>\n<ul>\n<li>Autorizaci\u00f3n de menores <a href=\"https:\/\/old.klassmark.com\/wp-content\/uploads\/2021\/09\/Autoritzacio-menors.pdf\">CAT<\/a> \/\/ <a href=\"https:\/\/old.klassmark.com\/wp-content\/uploads\/2021\/09\/Autorizacion-menores.pdf\">ESP<\/a> \/\/ <a href=\"https:\/\/old.klassmark.com\/wp-content\/uploads\/2021\/09\/Autoritzation-for-minors.pdf\">ENG<\/a> \/\/ <a href=\"https:\/\/old.klassmark.com\/wp-content\/uploads\/2021\/11\/insc.-CLAUSE-DE-NON-RESPONSABILITE-KLASSMARK.pdf\">FR<\/a><\/li>\n<li>Descargo de responsabilidad <a href=\"https:\/\/old.klassmark.com\/wp-content\/uploads\/2021\/09\/insc.-PLEC-DE-DESCARREC-DE-RESPONSABILITATS-KLASSMARK.pdf\">CAT<\/a> \/\/ <a href=\"https:\/\/old.klassmark.com\/wp-content\/uploads\/2021\/09\/insc.-DECLARACION-RESPONSABLE-COVID19-.pdf\">ESP<\/a> \/\/ <a href=\"https:\/\/old.klassmark.com\/wp-content\/uploads\/2021\/09\/insc.-DISCLAIMER-CERTIFICATE-KLASSMARK.pdf\">ENG<\/a> \/\/ <a href=\"https:\/\/old.klassmark.com\/wp-content\/uploads\/2021\/11\/insc.-CLAUSE-DE-NON-RESPONSABILITE-KLASSMARK.pdf\">FR<\/a><\/li>\n<li style=\"list-style-type: none;\">\n<ul>\n<li style=\"list-style-type: none;\"><\/li>\n<\/ul>\n<\/li>\n<\/ul>\n<p>[\/vc_column_text][\/vc_tab][vc_tab icon=&#8221;fa fa-map-signs&#8221; gutter_size=&#8221;2&#8243; column_padding=&#8221;0&#8243; title=&#8221;Recorrido&#8221; tab_id=&#8221;1427386120260-0-1&#8243; slug=&#8221;editing&#8221;][vc_column_text uncode_shortcode_id=&#8221;877709&#8243;]<\/p>\n<ul>\n<li>Salida y llegada: <strong>Girona \u2013 Pla\u00e7a Sant Dom\u00e8nec<\/strong><\/li>\n<li>Dist\u00e0ncia i altimetria<br \/>\nDist\u00e0ncia real: <strong>600m<br \/>\n<\/strong>Desnivell positiu: <strong>+20m<span class=\"color_11\"><br \/>\n<\/span><\/strong>Desnivell acumulat: <strong>20m<br \/>\n<\/strong>Altitud m\u00e0xima:<span class=\"color_11\"><strong> 110m<br \/>\n<\/strong><\/span>Altitud m\u00ednima:<strong><span class=\"color_11\"> 125m<\/span><\/strong><\/li>\n<li>Terreno: <strong>10% pista, 70% asfalto y 20% corriol<\/strong><\/li>\n<li class=\"font_8\"><span class=\"color_11\"><strong>Itinerario senyalitzado<\/strong> con marcage<\/span> <span class=\"color_11\">Klassmark (rojo y blanco) y se\u00f1ales indicativos<\/span><\/li>\n<\/ul>\n<p>[\/vc_column_text][\/vc_tab][vc_tab icon=&#8221;fa fa-clock&#8221; gutter_size=&#8221;2&#8243; column_padding=&#8221;0&#8243; title=&#8221;Horarios&#8221; tab_id=&#8221;1427386120521-0-1&#8243; slug=&#8221;Horaris&#8221;][vc_column_text uncode_shortcode_id=&#8221;851670&#8243;]S\u00c1BADO 14 NOVIEMBRE<\/p>\n<ul>\n<li><span class=\"color_11\"><strong>Recogida de dorsals<\/strong><br \/>\n<\/span>Lugar: <span class=\"color_11\"><a href=\"https:\/\/www.google.com\/maps\/place\/Pla%C3%A7a+de+Sant+Dom%C3%A8nec,+17004+Girona\/@41.9855492,2.8263702,17z\/data=!4m5!3m4!1s0x12bae6e7db219a9d:0x6cf7c4fa3a48d049!8m2!3d41.9855321!4d2.8274423\" target=\"_blank\" rel=\"noopener\">Pla\u00e7a Sant Dom\u00e8nec \u2013 Girona<\/a><\/span><br \/>\nHora: 15:30h a 16:00h<\/li>\n<\/ul>\n<ul>\n<li><strong><span class=\"color_11\">Salida<br \/>\n<\/span><\/strong>Lugar: <span class=\"color_11\"><a href=\"https:\/\/www.google.com\/maps\/place\/Pla%C3%A7a+de+Sant+Dom%C3%A8nec,+17004+Girona\/@41.9855492,2.8263702,17z\/data=!4m5!3m4!1s0x12bae6e7db219a9d:0x6cf7c4fa3a48d049!8m2!3d41.9855321!4d2.8274423\" target=\"_blank\" rel=\"noopener\">Pla\u00e7a Sant Dom\u00e8nec \u2013 Girona<\/a><\/span><br \/>\nHora: a partir de les<span class=\"color_11\"> 16:00h<\/span><\/li>\n<\/ul>\n<p>[\/vc_column_text][\/vc_tab][vc_tab icon=&#8221;fa fa-user2&#8243; gutter_size=&#8221;2&#8243; column_padding=&#8221;0&#8243; title=&#8221;Formato y categor\u00edas&#8221; tab_id=&#8221;1664230914355-4-2&#8243;][vc_column_text uncode_shortcode_id=&#8221;210405&#8243;]PREBENJAM\u00cdN: nacidos en 2020 y a\u00f1os posteriores (6 a\u00f1os o menos). 1 VUELTA (600m).<br \/>\nBENJAM\u00cdN: nacidos en 2019 y 2018 (7 u 8 a\u00f1os). 1 VUELTA (600m).<br \/>\nALEV\u00cdN: nacidos en 2017 y 2016 (9 o 10 a\u00f1os). 1 VUELTA (600m).<br \/>\nINFANTIL: nacidos en 2015 y 2014 (11 o 12 a\u00f1os). 2 VUELTAS (1200m).<\/p>\n<p>* Se tendr\u00e1 en cuenta la edad del participante el 31 de diciembre del a\u00f1o en curso.[\/vc_column_text][\/vc_tab][\/vc_tabs][vc_empty_space empty_h=&#8221;4&#8243;][\/vc_column][\/vc_row]<\/p>\n<\/div>","protected":false},"excerpt":{"rendered":"<p>[vc_row row_height_percent=&#8221;0&#8243; back_color=&#8221;color-jevc&#8221; overlay_color=&#8221;color-jevc&#8221; overlay_alpha=&#8221;100&#8243; gutter_size=&#8221;3&#8243; column_width_percent=&#8221;100&#8243; shift_y=&#8221;0&#8243; z_index=&#8221;1&#8243; enable_bottom_divider=&#8221;default&#8221; bottom_divider=&#8221;gradient&#8221; shape_bottom_h_use_pixel=&#8221;true&#8221; shape_bottom_height_percent=&#8221;100&#8243; shape_bottom_color=&#8221;color-jevc&#8221; shape_bottom_opacity=&#8221;50&#8243; shape_bottom_index=&#8221;0&#8243; sticky=&#8221;yes&#8221; changer_back_color=&#8221;yes&#8221; uncode_shortcode_id=&#8221;559065&#8243; back_color_type=&#8221;uncode-palette&#8221; [&hellip;]<\/p>\n","protected":false},"author":3,"featured_media":0,"parent":0,"menu_order":0,"comment_status":"closed","ping_status":"closed","template":"","meta":{"footnotes":""},"class_list":["post-114325","page","type-page","status-publish","hentry"],"yoast_head":"<!-- This site is optimized with the Yoast SEO plugin v27.1.1 - https:\/\/yoast.com\/product\/yoast-seo-wordpress\/ -->\n<title>CMG - Kids - KLASSMARK<\/title>\n<meta name=\"robots\" content=\"index, follow, max-snippet:-1, max-image-preview:large, max-video-preview:-1\" \/>\n<link rel=\"canonical\" href=\"https:\/\/www.klassmark.com\/es\/cmg-kids\/\" \/>\n<meta property=\"og:locale\" content=\"es_ES\" \/>\n<meta property=\"og:type\" content=\"article\" \/>\n<meta property=\"og:title\" content=\"CMG - Kids - KLASSMARK\" \/>\n<meta property=\"og:description\" content=\"[vc_row row_height_percent=&#8221;0&#8243; back_color=&#8221;color-jevc&#8221; overlay_color=&#8221;color-jevc&#8221; overlay_alpha=&#8221;100&#8243; gutter_size=&#8221;3&#8243; column_width_percent=&#8221;100&#8243; shift_y=&#8221;0&#8243; z_index=&#8221;1&#8243; enable_bottom_divider=&#8221;default&#8221; bottom_divider=&#8221;gradient&#8221; shape_bottom_h_use_pixel=&#8221;true&#8221; shape_bottom_height_percent=&#8221;100&#8243; shape_bottom_color=&#8221;color-jevc&#8221; shape_bottom_opacity=&#8221;50&#8243; shape_bottom_index=&#8221;0&#8243; sticky=&#8221;yes&#8221; changer_back_color=&#8221;yes&#8221; uncode_shortcode_id=&#8221;559065&#8243; back_color_type=&#8221;uncode-palette&#8221; [&hellip;]\" \/>\n<meta property=\"og:url\" content=\"https:\/\/www.klassmark.com\/es\/cmg-kids\/\" \/>\n<meta property=\"og:site_name\" content=\"KLASSMARK\" \/>\n<meta property=\"article:modified_time\" content=\"2025-12-03T11:39:51+00:00\" \/>\n<meta name=\"twitter:card\" content=\"summary_large_image\" \/>\n<meta name=\"twitter:label1\" content=\"Est. reading time\" \/>\n\t<meta name=\"twitter:data1\" content=\"3 minutes\" \/>\n<script type=\"application\/ld+json\" class=\"yoast-schema-graph\">{\"@context\":\"https:\/\/schema.org\",\"@graph\":[{\"@type\":\"WebPage\",\"@id\":\"https:\/\/www.klassmark.com\/es\/cmg-kids\/\",\"url\":\"https:\/\/www.klassmark.com\/es\/cmg-kids\/\",\"name\":\"CMG - Kids - KLASSMARK\",\"isPartOf\":{\"@id\":\"https:\/\/www.klassmark.com\/es\/#website\"},\"datePublished\":\"2023-10-05T10:02:57+00:00\",\"dateModified\":\"2025-12-03T11:39:51+00:00\",\"breadcrumb\":{\"@id\":\"https:\/\/www.klassmark.com\/es\/cmg-kids\/#breadcrumb\"},\"inLanguage\":\"es\",\"potentialAction\":[{\"@type\":\"ReadAction\",\"target\":[\"https:\/\/www.klassmark.com\/es\/cmg-kids\/\"]}]},{\"@type\":\"BreadcrumbList\",\"@id\":\"https:\/\/www.klassmark.com\/es\/cmg-kids\/#breadcrumb\",\"itemListElement\":[{\"@type\":\"ListItem\",\"position\":1,\"name\":\"Portada\",\"item\":\"https:\/\/www.klassmark.com\/es\/klassmark-carreras-de-trail-mtb-y-gravel\/\"},{\"@type\":\"ListItem\",\"position\":2,\"name\":\"CMG &#8211; Kids\"}]},{\"@type\":\"WebSite\",\"@id\":\"https:\/\/www.klassmark.com\/es\/#website\",\"url\":\"https:\/\/www.klassmark.com\/es\/\",\"name\":\"KLASSMARK\",\"description\":\"Curses de Trail, Mtb i Gravel\",\"publisher\":{\"@id\":\"https:\/\/www.klassmark.com\/es\/#organization\"},\"potentialAction\":[{\"@type\":\"SearchAction\",\"target\":{\"@type\":\"EntryPoint\",\"urlTemplate\":\"https:\/\/www.klassmark.com\/es\/?s={search_term_string}\"},\"query-input\":{\"@type\":\"PropertyValueSpecification\",\"valueRequired\":true,\"valueName\":\"search_term_string\"}}],\"inLanguage\":\"es\"},{\"@type\":\"Organization\",\"@id\":\"https:\/\/www.klassmark.com\/es\/#organization\",\"name\":\"KLASSMARK\",\"url\":\"https:\/\/www.klassmark.com\/es\/\",\"logo\":{\"@type\":\"ImageObject\",\"inLanguage\":\"es\",\"@id\":\"https:\/\/www.klassmark.com\/es\/#\/schema\/logo\/image\/\",\"url\":\"https:\/\/www.klassmark.com\/wp-content\/uploads\/2022\/09\/KLASSMARK-quadrat-white_Mesa-de-trabajo-1.png\",\"contentUrl\":\"https:\/\/www.klassmark.com\/wp-content\/uploads\/2022\/09\/KLASSMARK-quadrat-white_Mesa-de-trabajo-1.png\",\"width\":659,\"height\":667,\"caption\":\"KLASSMARK\"},\"image\":{\"@id\":\"https:\/\/www.klassmark.com\/es\/#\/schema\/logo\/image\/\"}}]}<\/script>\n<!-- \/ Yoast SEO plugin. -->","yoast_head_json":{"title":"CMG - Kids - KLASSMARK","robots":{"index":"index","follow":"follow","max-snippet":"max-snippet:-1","max-image-preview":"max-image-preview:large","max-video-preview":"max-video-preview:-1"},"canonical":"https:\/\/www.klassmark.com\/es\/cmg-kids\/","og_locale":"es_ES","og_type":"article","og_title":"CMG - Kids - KLASSMARK","og_description":"[vc_row row_height_percent=&#8221;0&#8243; back_color=&#8221;color-jevc&#8221; overlay_color=&#8221;color-jevc&#8221; overlay_alpha=&#8221;100&#8243; gutter_size=&#8221;3&#8243; column_width_percent=&#8221;100&#8243; shift_y=&#8221;0&#8243; z_index=&#8221;1&#8243; enable_bottom_divider=&#8221;default&#8221; bottom_divider=&#8221;gradient&#8221; shape_bottom_h_use_pixel=&#8221;true&#8221; shape_bottom_height_percent=&#8221;100&#8243; shape_bottom_color=&#8221;color-jevc&#8221; shape_bottom_opacity=&#8221;50&#8243; shape_bottom_index=&#8221;0&#8243; sticky=&#8221;yes&#8221; changer_back_color=&#8221;yes&#8221; uncode_shortcode_id=&#8221;559065&#8243; back_color_type=&#8221;uncode-palette&#8221; [&hellip;]","og_url":"https:\/\/www.klassmark.com\/es\/cmg-kids\/","og_site_name":"KLASSMARK","article_modified_time":"2025-12-03T11:39:51+00:00","twitter_card":"summary_large_image","twitter_misc":{"Est. reading time":"3 minutes"},"schema":{"@context":"https:\/\/schema.org","@graph":[{"@type":"WebPage","@id":"https:\/\/www.klassmark.com\/es\/cmg-kids\/","url":"https:\/\/www.klassmark.com\/es\/cmg-kids\/","name":"CMG - Kids - KLASSMARK","isPartOf":{"@id":"https:\/\/www.klassmark.com\/es\/#website"},"datePublished":"2023-10-05T10:02:57+00:00","dateModified":"2025-12-03T11:39:51+00:00","breadcrumb":{"@id":"https:\/\/www.klassmark.com\/es\/cmg-kids\/#breadcrumb"},"inLanguage":"es","potentialAction":[{"@type":"ReadAction","target":["https:\/\/www.klassmark.com\/es\/cmg-kids\/"]}]},{"@type":"BreadcrumbList","@id":"https:\/\/www.klassmark.com\/es\/cmg-kids\/#breadcrumb","itemListElement":[{"@type":"ListItem","position":1,"name":"Portada","item":"https:\/\/www.klassmark.com\/es\/klassmark-carreras-de-trail-mtb-y-gravel\/"},{"@type":"ListItem","position":2,"name":"CMG &#8211; Kids"}]},{"@type":"WebSite","@id":"https:\/\/www.klassmark.com\/es\/#website","url":"https:\/\/www.klassmark.com\/es\/","name":"KLASSMARK","description":"Curses de Trail, Mtb i Gravel","publisher":{"@id":"https:\/\/www.klassmark.com\/es\/#organization"},"potentialAction":[{"@type":"SearchAction","target":{"@type":"EntryPoint","urlTemplate":"https:\/\/www.klassmark.com\/es\/?s={search_term_string}"},"query-input":{"@type":"PropertyValueSpecification","valueRequired":true,"valueName":"search_term_string"}}],"inLanguage":"es"},{"@type":"Organization","@id":"https:\/\/www.klassmark.com\/es\/#organization","name":"KLASSMARK","url":"https:\/\/www.klassmark.com\/es\/","logo":{"@type":"ImageObject","inLanguage":"es","@id":"https:\/\/www.klassmark.com\/es\/#\/schema\/logo\/image\/","url":"https:\/\/www.klassmark.com\/wp-content\/uploads\/2022\/09\/KLASSMARK-quadrat-white_Mesa-de-trabajo-1.png","contentUrl":"https:\/\/www.klassmark.com\/wp-content\/uploads\/2022\/09\/KLASSMARK-quadrat-white_Mesa-de-trabajo-1.png","width":659,"height":667,"caption":"KLASSMARK"},"image":{"@id":"https:\/\/www.klassmark.com\/es\/#\/schema\/logo\/image\/"}}]}},"_links":{"self":[{"href":"https:\/\/www.klassmark.com\/es\/wp-json\/wp\/v2\/pages\/114325","targetHints":{"allow":["GET"]}}],"collection":[{"href":"https:\/\/www.klassmark.com\/es\/wp-json\/wp\/v2\/pages"}],"about":[{"href":"https:\/\/www.klassmark.com\/es\/wp-json\/wp\/v2\/types\/page"}],"author":[{"embeddable":true,"href":"https:\/\/www.klassmark.com\/es\/wp-json\/wp\/v2\/users\/3"}],"replies":[{"embeddable":true,"href":"https:\/\/www.klassmark.com\/es\/wp-json\/wp\/v2\/comments?post=114325"}],"version-history":[{"count":14,"href":"https:\/\/www.klassmark.com\/es\/wp-json\/wp\/v2\/pages\/114325\/revisions"}],"predecessor-version":[{"id":122375,"href":"https:\/\/www.klassmark.com\/es\/wp-json\/wp\/v2\/pages\/114325\/revisions\/122375"}],"wp:attachment":[{"href":"https:\/\/www.klassmark.com\/es\/wp-json\/wp\/v2\/media?parent=114325"}],"curies":[{"name":"wp","href":"https:\/\/api.w.org\/{rel}","templated":true}]}}