{"id":114307,"date":"2023-10-05T09:56:03","date_gmt":"2023-10-05T09:56:03","guid":{"rendered":"https:\/\/www.klassmark.com\/?page_id=114307"},"modified":"2026-03-23T11:22:18","modified_gmt":"2026-03-23T11:22:18","slug":"trail-costa-brava","status":"publish","type":"page","link":"https:\/\/www.klassmark.com\/es\/trail-costa-brava\/","title":{"rendered":"Trail Costa Brava"},"content":{"rendered":"<div class=\"wpb-content-wrapper\"><p>[vc_row row_height_percent=&#8221;0&#8243; back_color=&#8221;color-jevc&#8221; overlay_color=&#8221;color-jevc&#8221; overlay_alpha=&#8221;100&#8243; gutter_size=&#8221;3&#8243; column_width_percent=&#8221;100&#8243; shift_y=&#8221;0&#8243; z_index=&#8221;1&#8243; enable_bottom_divider=&#8221;default&#8221; bottom_divider=&#8221;gradient&#8221; shape_bottom_h_use_pixel=&#8221;true&#8221; shape_bottom_height_percent=&#8221;100&#8243; shape_bottom_color=&#8221;color-jevc&#8221; shape_bottom_opacity=&#8221;50&#8243; shape_bottom_index=&#8221;0&#8243; sticky=&#8221;yes&#8221; changer_back_color=&#8221;yes&#8221; uncode_shortcode_id=&#8221;870747&#8243; back_color_type=&#8221;uncode-palette&#8221; overlay_color_type=&#8221;uncode-palette&#8221; shape_bottom_color_type=&#8221;uncode-palette&#8221; el_class=&#8221;sticky-trigger&#8221;][vc_column column_width_percent=&#8221;100&#8243; position_vertical=&#8221;middle&#8221; align_horizontal=&#8221;align_center&#8221; gutter_size=&#8221;3&#8243; style=&#8221;dark&#8221; overlay_alpha=&#8221;50&#8243; shift_x=&#8221;0&#8243; shift_y=&#8221;0&#8243; shift_y_down=&#8221;0&#8243; z_index=&#8221;0&#8243; medium_width=&#8221;0&#8243; align_mobile=&#8221;align_center_mobile&#8221; mobile_width=&#8221;0&#8243; css_animation=&#8221;alpha-anim&#8221; animation_speed=&#8221;1000&#8243; animation_delay=&#8221;400&#8243; width=&#8221;1\/1&#8243; uncode_shortcode_id=&#8221;200831&#8243;][vc_row_inner row_inner_height_percent=&#8221;0&#8243; overlay_alpha=&#8221;50&#8243; gutter_size=&#8221;3&#8243; shift_y=&#8221;0&#8243; z_index=&#8221;0&#8243; uncode_shortcode_id=&#8221;201786&#8243; limit_content=&#8221;&#8221;][vc_column_inner column_width_percent=&#8221;100&#8243; align_horizontal=&#8221;align_center&#8221; gutter_size=&#8221;3&#8243; style=&#8221;dark&#8221; overlay_alpha=&#8221;50&#8243; shift_x=&#8221;0&#8243; shift_y=&#8221;0&#8243; shift_y_down=&#8221;0&#8243; z_index=&#8221;0&#8243; medium_width=&#8221;0&#8243; mobile_width=&#8221;0&#8243; width=&#8221;1\/1&#8243; uncode_shortcode_id=&#8221;606002&#8243;][vc_wp_custommenu nav_menu=&#8221;175&#8243; nav_menu_horizontal=&#8221;1&#8243; use_widget_style=&#8221;yes&#8221; widget_collapse=&#8221;yes&#8221;][\/vc_column_inner][\/vc_row_inner][\/vc_column][\/vc_row][vc_row row_height_percent=&#8221;0&#8243; override_padding=&#8221;yes&#8221; h_padding=&#8221;2&#8243; top_padding=&#8221;5&#8243; bottom_padding=&#8221;3&#8243; back_color=&#8221;color-xsdn&#8221; overlay_alpha=&#8221;50&#8243; gutter_size=&#8221;4&#8243; column_width_percent=&#8221;100&#8243; shift_y=&#8221;0&#8243; z_index=&#8221;0&#8243; uncode_shortcode_id=&#8221;266542&#8243; back_color_type=&#8221;uncode-palette&#8221; row_name=&#8221;info&#8221;][vc_column column_width_percent=&#8221;100&#8243; gutter_size=&#8221;3&#8243; overlay_alpha=&#8221;50&#8243; shift_x=&#8221;0&#8243; shift_y=&#8221;0&#8243; shift_y_down=&#8221;0&#8243; z_index=&#8221;0&#8243; medium_width=&#8221;4&#8243; mobile_width=&#8221;0&#8243; width=&#8221;1\/1&#8243; el_class=&#8221;image-card image-card-triple&#8221; uncode_shortcode_id=&#8221;386809&#8243;][vc_row_inner row_inner_height_percent=&#8221;0&#8243; overlay_alpha=&#8221;50&#8243; gutter_size=&#8221;3&#8243; shift_y=&#8221;0&#8243; z_index=&#8221;0&#8243; uncode_shortcode_id=&#8221;491636&#8243; limit_content=&#8221;&#8221;][vc_column_inner width=&#8221;1\/2&#8243;][vc_custom_heading heading_semantic=&#8221;h3&#8243; text_size=&#8221;&#8221; subheading=&#8221;No te descubriremos la Costa Brava, pero te diremos que no te limites a contemplarla c\u00f3mo si se tratara de una postal. Para conocerla hay que vivirla, hay que sentirla. Solo formando parte de ella entender\u00e1s porque es una de las costas m\u00e1s espectaculares del planeta. Te esperamos en Palam\u00f3s porque lo corrobores t\u00fa mismo. Cuatro recorridos para dar vida al Trail Costa Brava.<\/p>\n<p>\u00bfQuieres saber porque le llaman la Brava?&#8221; uncode_shortcode_id=&#8221;112208&#8243; text_color_type=&#8221;uncode-palette&#8221; text_color_solid=&#8221;#ff0000&#8243;]<strong>Descubre la autentica Costa<\/strong>[\/vc_custom_heading][vc_empty_space empty_h=&#8221;1&#8243;][vc_button button_color=&#8221;accent&#8221; border_width=&#8221;0&#8243; display=&#8221;inline&#8221; link=&#8221;url:https%3A%2F%2Fwww.rockthesport.com%2Fes%2Fevento%2Ftrail-costabrava%2Finscripcion%2Fselecciona-tarifa|target:_blank&#8221; uncode_shortcode_id=&#8221;180575&#8243; button_color_type=&#8221;uncode-palette&#8221;]INSCRIPCIONES[\/vc_button][vc_button border_width=&#8221;0&#8243; display=&#8221;inline&#8221; link=&#8221;url:https%3A%2F%2Fwww.klassmark.com%2Fes%2Ftrail-costa-brava-programa%2F|&#8221; uncode_shortcode_id=&#8221;169488&#8243;]Programa[\/vc_button][vc_empty_space empty_h=&#8221;1&#8243;][vc_button size=&#8221;btn-sm&#8221; outline=&#8221;yes&#8221; text_skin=&#8221;yes&#8221; border_width=&#8221;0&#8243; display=&#8221;inline&#8221; link=&#8221;url:https%3A%2F%2Fwww.google.com%2Fmaps%2F%4041.8883005%2C3.1049402%2C14966m%2Fdata%3D%213m1%211e3%214m2%216m1%211s1lZCM8HcKLN74zO-BpPK_c2Dr6dVRI4sy%3Fauthuser%3D6%26entry%3Dttu%26g_ep%3DEgoyMDI1MDEwMS4wIKXMDSoASAFQAw%253D%253D|target:_blank|&#8221; uncode_shortcode_id=&#8221;991939&#8243; width=&#8221;20&#8243;]Localizaciones[\/vc_button][vc_empty_space empty_h=&#8221;1&#8243;][\/vc_column_inner][vc_column_inner column_width_percent=&#8221;100&#8243; gutter_size=&#8221;3&#8243; overlay_alpha=&#8221;49&#8243; shift_x=&#8221;0&#8243; shift_y=&#8221;0&#8243; shift_y_down=&#8221;0&#8243; z_index=&#8221;0&#8243; medium_width=&#8221;0&#8243; mobile_width=&#8221;0&#8243; width=&#8221;1\/2&#8243; uncode_shortcode_id=&#8221;474970&#8243;][vc_gallery el_id=&#8221;gallery-613838&#8243; medias=&#8221;122832,122829,122826,122817&#8243; gutter_size=&#8221;3&#8243; media_items=&#8221;&#8221; screen_lg=&#8221;1000&#8243; screen_md=&#8221;600&#8243; screen_sm=&#8221;480&#8243; single_overlay_opacity=&#8221;50&#8243; single_padding=&#8221;2&#8243; uncode_shortcode_id=&#8221;893866&#8243; gallery_back_color_type=&#8221;uncode-palette&#8221; gallery_back_color_solid=&#8221;#ff0000&#8243;][\/vc_column_inner][\/vc_row_inner][vc_separator sep_color=&#8221;color-gyho&#8221; uncode_shortcode_id=&#8221;193674&#8243; sep_color_type=&#8221;uncode-palette&#8221;][vc_row_inner limit_content=&#8221;&#8221;][vc_column_inner column_width_percent=&#8221;100&#8243; position_vertical=&#8221;middle&#8221; align_horizontal=&#8221;align_center&#8221; gutter_size=&#8221;3&#8243; overlay_alpha=&#8221;50&#8243; shift_x=&#8221;0&#8243; shift_y=&#8221;0&#8243; shift_y_down=&#8221;0&#8243; z_index=&#8221;0&#8243; medium_width=&#8221;0&#8243; mobile_width=&#8221;0&#8243; width=&#8221;1\/4&#8243; uncode_shortcode_id=&#8221;158316&#8243;][vc_custom_heading heading_semantic=&#8221;h3&#8243; text_size=&#8221;h3&#8243; uncode_shortcode_id=&#8221;221209&#8243; subheading=&#8221;79,5K +2190M&#8221;]ULTRA[\/vc_custom_heading][vc_button outline=&#8221;yes&#8221; text_skin=&#8221;yes&#8221; border_width=&#8221;0&#8243; display=&#8221;inline&#8221; link=&#8221;url:https%3A%2F%2Fwww.klassmark.com%2Fes%2Ftrail-costa-brava-ultra%2F|title:Trail%20Costa%20Brava%20%E2%80%93%20Ultra|&#8221; uncode_shortcode_id=&#8221;112260&#8243;]Ver m\u00e1s[\/vc_button][\/vc_column_inner][vc_column_inner column_width_percent=&#8221;100&#8243; align_horizontal=&#8221;align_center&#8221; gutter_size=&#8221;3&#8243; overlay_alpha=&#8221;50&#8243; shift_x=&#8221;0&#8243; shift_y=&#8221;0&#8243; shift_y_down=&#8221;0&#8243; z_index=&#8221;0&#8243; medium_width=&#8221;0&#8243; mobile_width=&#8221;0&#8243; width=&#8221;1\/4&#8243; uncode_shortcode_id=&#8221;262347&#8243;][vc_custom_heading heading_semantic=&#8221;h3&#8243; text_size=&#8221;h3&#8243; uncode_shortcode_id=&#8221;100740&#8243; subheading=&#8221;43,9K +1150M&#8221;]MARATHON[\/vc_custom_heading][vc_button outline=&#8221;yes&#8221; text_skin=&#8221;yes&#8221; border_width=&#8221;0&#8243; display=&#8221;inline&#8221; link=&#8221;url:https%3A%2F%2Fwww.klassmark.com%2Fes%2Ftrail-costa-brava-marathon%2F|title:Trail%20Costa%20Brava%20%E2%80%93%20Marathon|&#8221; uncode_shortcode_id=&#8221;679139&#8243;]Ver m\u00e1s[\/vc_button][\/vc_column_inner][vc_column_inner column_width_percent=&#8221;100&#8243; position_vertical=&#8221;middle&#8221; align_horizontal=&#8221;align_center&#8221; gutter_size=&#8221;3&#8243; overlay_alpha=&#8221;50&#8243; shift_x=&#8221;0&#8243; shift_y=&#8221;0&#8243; shift_y_down=&#8221;0&#8243; z_index=&#8221;0&#8243; medium_width=&#8221;0&#8243; mobile_width=&#8221;0&#8243; width=&#8221;1\/4&#8243; uncode_shortcode_id=&#8221;742226&#8243;][vc_custom_heading heading_semantic=&#8221;h3&#8243; text_size=&#8221;h3&#8243; uncode_shortcode_id=&#8221;200532&#8243; subheading=&#8221;21,7K +600M&#8221;]TRAIL[\/vc_custom_heading][vc_button outline=&#8221;yes&#8221; text_skin=&#8221;yes&#8221; border_width=&#8221;0&#8243; display=&#8221;inline&#8221; link=&#8221;url:https%3A%2F%2Fwww.klassmark.com%2Fes%2Ftrail-costa-brava-trail%2F|title:Trail%20Costa%20Brava%20%E2%80%93%20Trail|target:_blank|&#8221; uncode_shortcode_id=&#8221;101618&#8243;]Ver m\u00e1s[\/vc_button][\/vc_column_inner][vc_column_inner column_width_percent=&#8221;100&#8243; position_vertical=&#8221;middle&#8221; align_horizontal=&#8221;align_center&#8221; gutter_size=&#8221;3&#8243; overlay_alpha=&#8221;50&#8243; shift_x=&#8221;0&#8243; shift_y=&#8221;0&#8243; shift_y_down=&#8221;0&#8243; z_index=&#8221;0&#8243; medium_width=&#8221;0&#8243; mobile_width=&#8221;0&#8243; width=&#8221;1\/4&#8243; uncode_shortcode_id=&#8221;177997&#8243;][vc_custom_heading heading_semantic=&#8221;h3&#8243; text_size=&#8221;h3&#8243; uncode_shortcode_id=&#8221;755398&#8243; subheading=&#8221;12,8K +300M&#8221;]EXPRESS[\/vc_custom_heading][vc_button outline=&#8221;yes&#8221; text_skin=&#8221;yes&#8221; border_width=&#8221;0&#8243; display=&#8221;inline&#8221; link=&#8221;url:https%3A%2F%2Fwww.klassmark.com%2Fes%2Ftrail-costa-brava-express%2F|title:Trail%20Costa%20Brava%20%E2%80%93%20Express|target:_blank|&#8221; uncode_shortcode_id=&#8221;312998&#8243;]Ver m\u00e1s[\/vc_button][\/vc_column_inner][\/vc_row_inner][vc_separator sep_color=&#8221;color-gyho&#8221; uncode_shortcode_id=&#8221;193674&#8243; sep_color_type=&#8221;uncode-palette&#8221;][vc_row_inner limit_content=&#8221;&#8221;][vc_column_inner width=&#8221;1\/2&#8243;][vc_custom_heading heading_semantic=&#8221;h3&#8243; text_size=&#8221;&#8221; sub_lead=&#8221;yes&#8221; subheading=&#8221;Tus amigos, compa\u00f1eros y familiares pueden seguir tus pasos durante toda la carrera. S\u00f3lo deben descargarse la aplicaci\u00f3n, de forma totalmente gratuita, para vivir el Trail Costa Brava en directo. Clasificaciones instant\u00e1neas, controles de paso, estimaci\u00f3n de tiempo, selecci\u00f3n de tus corredores favoritos\u2026&#8221; uncode_shortcode_id=&#8221;158764&#8243;]La carrera en directo[\/vc_custom_heading][vc_button button_color=&#8221;color-uydo&#8221; size=&#8221;btn-sm&#8221; outline=&#8221;yes&#8221; text_skin=&#8221;yes&#8221; custom_typo=&#8221;yes&#8221; font_family=&#8221;font-458189&#8243; font_weight=&#8221;600&#8243; border_width=&#8221;0&#8243; link=&#8221;url:https%3A%2F%2Fplay.google.com%2Fstore%2Fapps%2Fdetails%3Fid%3Dcom.sportmaniac_live_app_android.lasttiming%26hl%3Des|title:link%20last%20timing%20google%20play|target:_blank|&#8221; button_color_type=&#8221;uncode-palette&#8221; uncode_shortcode_id=&#8221;159286&#8243;]ANDROID[\/vc_button][vc_button button_color=&#8221;color-uydo&#8221; size=&#8221;btn-sm&#8221; outline=&#8221;yes&#8221; text_skin=&#8221;yes&#8221; custom_typo=&#8221;yes&#8221; font_family=&#8221;font-458189&#8243; font_weight=&#8221;600&#8243; border_width=&#8221;0&#8243; link=&#8221;url:https%3A%2F%2Fapps.apple.com%2Fau%2Fapp%2Flasttiming%2Fid6476139305|title:link%20app%20store%20last%20timing|target:_blank|&#8221; button_color_type=&#8221;uncode-palette&#8221; uncode_shortcode_id=&#8221;880371&#8243;]APPLE[\/vc_button][vc_button button_color=&#8221;color-uydo&#8221; size=&#8221;btn-sm&#8221; outline=&#8221;yes&#8221; text_skin=&#8221;yes&#8221; custom_typo=&#8221;yes&#8221; font_family=&#8221;font-458189&#8243; font_weight=&#8221;600&#8243; border_width=&#8221;0&#8243; link=&#8221;url:https%3A%2F%2Fsportmaniacs.com%2Fc%2Ftrail-costa-brava-2024|title:link%20seguiment%20costa%20brava%2025|target:_blank|&#8221; button_color_type=&#8221;uncode-palette&#8221; uncode_shortcode_id=&#8221;129662&#8243;]ONLINE[\/vc_button][\/vc_column_inner][vc_column_inner column_width_percent=&#8221;100&#8243; gutter_size=&#8221;3&#8243; overlay_alpha=&#8221;50&#8243; shift_x=&#8221;0&#8243; shift_y=&#8221;0&#8243; shift_y_down=&#8221;0&#8243; z_index=&#8221;0&#8243; medium_width=&#8221;0&#8243; mobile_width=&#8221;0&#8243; width=&#8221;1\/2&#8243; uncode_shortcode_id=&#8221;461087&#8243;][vc_gallery el_id=&#8221;gallery-279896&#8243; medias=&#8221;122823,122835&#8243; gutter_size=&#8221;3&#8243; screen_lg=&#8221;1000&#8243; screen_md=&#8221;600&#8243; screen_sm=&#8221;480&#8243; single_overlay_opacity=&#8221;50&#8243; single_padding=&#8221;2&#8243; uncode_shortcode_id=&#8221;205554&#8243; gallery_back_color_type=&#8221;uncode-palette&#8221; gallery_back_color_solid=&#8221;#ff0000&#8243;][\/vc_column_inner][\/vc_row_inner][\/vc_column][\/vc_row]<\/p>\n<\/div>","protected":false},"excerpt":{"rendered":"<p>[vc_row row_height_percent=&#8221;0&#8243; back_color=&#8221;color-jevc&#8221; overlay_color=&#8221;color-jevc&#8221; overlay_alpha=&#8221;100&#8243; gutter_size=&#8221;3&#8243; column_width_percent=&#8221;100&#8243; shift_y=&#8221;0&#8243; z_index=&#8221;1&#8243; enable_bottom_divider=&#8221;default&#8221; bottom_divider=&#8221;gradient&#8221; shape_bottom_h_use_pixel=&#8221;true&#8221; shape_bottom_height_percent=&#8221;100&#8243; shape_bottom_color=&#8221;color-jevc&#8221; shape_bottom_opacity=&#8221;50&#8243; shape_bottom_index=&#8221;0&#8243; sticky=&#8221;yes&#8221; changer_back_color=&#8221;yes&#8221; uncode_shortcode_id=&#8221;870747&#8243; back_color_type=&#8221;uncode-palette&#8221; [&hellip;]<\/p>\n","protected":false},"author":3,"featured_media":0,"parent":0,"menu_order":0,"comment_status":"closed","ping_status":"closed","template":"","meta":{"footnotes":""},"class_list":["post-114307","page","type-page","status-publish","hentry"],"yoast_head":"<!-- This site is optimized with the Yoast SEO plugin v27.1.1 - https:\/\/yoast.com\/product\/yoast-seo-wordpress\/ -->\n<title>Trail Costa Brava - KLASSMARK<\/title>\n<meta name=\"robots\" content=\"index, follow, max-snippet:-1, max-image-preview:large, max-video-preview:-1\" \/>\n<link rel=\"canonical\" href=\"https:\/\/www.klassmark.com\/es\/trail-costa-brava\/\" \/>\n<meta property=\"og:locale\" content=\"es_ES\" \/>\n<meta property=\"og:type\" content=\"article\" \/>\n<meta property=\"og:title\" content=\"Trail Costa Brava - KLASSMARK\" \/>\n<meta property=\"og:description\" content=\"[vc_row row_height_percent=&#8221;0&#8243; back_color=&#8221;color-jevc&#8221; overlay_color=&#8221;color-jevc&#8221; overlay_alpha=&#8221;100&#8243; gutter_size=&#8221;3&#8243; column_width_percent=&#8221;100&#8243; shift_y=&#8221;0&#8243; z_index=&#8221;1&#8243; enable_bottom_divider=&#8221;default&#8221; bottom_divider=&#8221;gradient&#8221; shape_bottom_h_use_pixel=&#8221;true&#8221; shape_bottom_height_percent=&#8221;100&#8243; shape_bottom_color=&#8221;color-jevc&#8221; shape_bottom_opacity=&#8221;50&#8243; shape_bottom_index=&#8221;0&#8243; sticky=&#8221;yes&#8221; changer_back_color=&#8221;yes&#8221; uncode_shortcode_id=&#8221;870747&#8243; back_color_type=&#8221;uncode-palette&#8221; [&hellip;]\" \/>\n<meta property=\"og:url\" content=\"https:\/\/www.klassmark.com\/es\/trail-costa-brava\/\" \/>\n<meta property=\"og:site_name\" content=\"KLASSMARK\" \/>\n<meta property=\"article:modified_time\" content=\"2026-03-23T11:22:18+00:00\" \/>\n<meta name=\"twitter:card\" content=\"summary_large_image\" \/>\n<meta name=\"twitter:label1\" content=\"Est. reading time\" \/>\n\t<meta name=\"twitter:data1\" content=\"3 minutes\" \/>\n<script type=\"application\/ld+json\" class=\"yoast-schema-graph\">{\"@context\":\"https:\/\/schema.org\",\"@graph\":[{\"@type\":\"WebPage\",\"@id\":\"https:\/\/www.klassmark.com\/es\/trail-costa-brava\/\",\"url\":\"https:\/\/www.klassmark.com\/es\/trail-costa-brava\/\",\"name\":\"Trail Costa Brava - KLASSMARK\",\"isPartOf\":{\"@id\":\"https:\/\/www.klassmark.com\/es\/#website\"},\"datePublished\":\"2023-10-05T09:56:03+00:00\",\"dateModified\":\"2026-03-23T11:22:18+00:00\",\"breadcrumb\":{\"@id\":\"https:\/\/www.klassmark.com\/es\/trail-costa-brava\/#breadcrumb\"},\"inLanguage\":\"es\",\"potentialAction\":[{\"@type\":\"ReadAction\",\"target\":[\"https:\/\/www.klassmark.com\/es\/trail-costa-brava\/\"]}]},{\"@type\":\"BreadcrumbList\",\"@id\":\"https:\/\/www.klassmark.com\/es\/trail-costa-brava\/#breadcrumb\",\"itemListElement\":[{\"@type\":\"ListItem\",\"position\":1,\"name\":\"Portada\",\"item\":\"https:\/\/www.klassmark.com\/es\/klassmark-carreras-de-trail-mtb-y-gravel\/\"},{\"@type\":\"ListItem\",\"position\":2,\"name\":\"Trail Costa Brava\"}]},{\"@type\":\"WebSite\",\"@id\":\"https:\/\/www.klassmark.com\/es\/#website\",\"url\":\"https:\/\/www.klassmark.com\/es\/\",\"name\":\"KLASSMARK\",\"description\":\"Curses de Trail, Mtb i Gravel\",\"publisher\":{\"@id\":\"https:\/\/www.klassmark.com\/es\/#organization\"},\"potentialAction\":[{\"@type\":\"SearchAction\",\"target\":{\"@type\":\"EntryPoint\",\"urlTemplate\":\"https:\/\/www.klassmark.com\/es\/?s={search_term_string}\"},\"query-input\":{\"@type\":\"PropertyValueSpecification\",\"valueRequired\":true,\"valueName\":\"search_term_string\"}}],\"inLanguage\":\"es\"},{\"@type\":\"Organization\",\"@id\":\"https:\/\/www.klassmark.com\/es\/#organization\",\"name\":\"KLASSMARK\",\"url\":\"https:\/\/www.klassmark.com\/es\/\",\"logo\":{\"@type\":\"ImageObject\",\"inLanguage\":\"es\",\"@id\":\"https:\/\/www.klassmark.com\/es\/#\/schema\/logo\/image\/\",\"url\":\"https:\/\/www.klassmark.com\/wp-content\/uploads\/2022\/09\/KLASSMARK-quadrat-white_Mesa-de-trabajo-1.png\",\"contentUrl\":\"https:\/\/www.klassmark.com\/wp-content\/uploads\/2022\/09\/KLASSMARK-quadrat-white_Mesa-de-trabajo-1.png\",\"width\":659,\"height\":667,\"caption\":\"KLASSMARK\"},\"image\":{\"@id\":\"https:\/\/www.klassmark.com\/es\/#\/schema\/logo\/image\/\"}}]}<\/script>\n<!-- \/ Yoast SEO plugin. -->","yoast_head_json":{"title":"Trail Costa Brava - KLASSMARK","robots":{"index":"index","follow":"follow","max-snippet":"max-snippet:-1","max-image-preview":"max-image-preview:large","max-video-preview":"max-video-preview:-1"},"canonical":"https:\/\/www.klassmark.com\/es\/trail-costa-brava\/","og_locale":"es_ES","og_type":"article","og_title":"Trail Costa Brava - KLASSMARK","og_description":"[vc_row row_height_percent=&#8221;0&#8243; back_color=&#8221;color-jevc&#8221; overlay_color=&#8221;color-jevc&#8221; overlay_alpha=&#8221;100&#8243; gutter_size=&#8221;3&#8243; column_width_percent=&#8221;100&#8243; shift_y=&#8221;0&#8243; z_index=&#8221;1&#8243; enable_bottom_divider=&#8221;default&#8221; bottom_divider=&#8221;gradient&#8221; shape_bottom_h_use_pixel=&#8221;true&#8221; shape_bottom_height_percent=&#8221;100&#8243; shape_bottom_color=&#8221;color-jevc&#8221; shape_bottom_opacity=&#8221;50&#8243; shape_bottom_index=&#8221;0&#8243; sticky=&#8221;yes&#8221; changer_back_color=&#8221;yes&#8221; uncode_shortcode_id=&#8221;870747&#8243; back_color_type=&#8221;uncode-palette&#8221; [&hellip;]","og_url":"https:\/\/www.klassmark.com\/es\/trail-costa-brava\/","og_site_name":"KLASSMARK","article_modified_time":"2026-03-23T11:22:18+00:00","twitter_card":"summary_large_image","twitter_misc":{"Est. reading time":"3 minutes"},"schema":{"@context":"https:\/\/schema.org","@graph":[{"@type":"WebPage","@id":"https:\/\/www.klassmark.com\/es\/trail-costa-brava\/","url":"https:\/\/www.klassmark.com\/es\/trail-costa-brava\/","name":"Trail Costa Brava - KLASSMARK","isPartOf":{"@id":"https:\/\/www.klassmark.com\/es\/#website"},"datePublished":"2023-10-05T09:56:03+00:00","dateModified":"2026-03-23T11:22:18+00:00","breadcrumb":{"@id":"https:\/\/www.klassmark.com\/es\/trail-costa-brava\/#breadcrumb"},"inLanguage":"es","potentialAction":[{"@type":"ReadAction","target":["https:\/\/www.klassmark.com\/es\/trail-costa-brava\/"]}]},{"@type":"BreadcrumbList","@id":"https:\/\/www.klassmark.com\/es\/trail-costa-brava\/#breadcrumb","itemListElement":[{"@type":"ListItem","position":1,"name":"Portada","item":"https:\/\/www.klassmark.com\/es\/klassmark-carreras-de-trail-mtb-y-gravel\/"},{"@type":"ListItem","position":2,"name":"Trail Costa Brava"}]},{"@type":"WebSite","@id":"https:\/\/www.klassmark.com\/es\/#website","url":"https:\/\/www.klassmark.com\/es\/","name":"KLASSMARK","description":"Curses de Trail, Mtb i Gravel","publisher":{"@id":"https:\/\/www.klassmark.com\/es\/#organization"},"potentialAction":[{"@type":"SearchAction","target":{"@type":"EntryPoint","urlTemplate":"https:\/\/www.klassmark.com\/es\/?s={search_term_string}"},"query-input":{"@type":"PropertyValueSpecification","valueRequired":true,"valueName":"search_term_string"}}],"inLanguage":"es"},{"@type":"Organization","@id":"https:\/\/www.klassmark.com\/es\/#organization","name":"KLASSMARK","url":"https:\/\/www.klassmark.com\/es\/","logo":{"@type":"ImageObject","inLanguage":"es","@id":"https:\/\/www.klassmark.com\/es\/#\/schema\/logo\/image\/","url":"https:\/\/www.klassmark.com\/wp-content\/uploads\/2022\/09\/KLASSMARK-quadrat-white_Mesa-de-trabajo-1.png","contentUrl":"https:\/\/www.klassmark.com\/wp-content\/uploads\/2022\/09\/KLASSMARK-quadrat-white_Mesa-de-trabajo-1.png","width":659,"height":667,"caption":"KLASSMARK"},"image":{"@id":"https:\/\/www.klassmark.com\/es\/#\/schema\/logo\/image\/"}}]}},"_links":{"self":[{"href":"https:\/\/www.klassmark.com\/es\/wp-json\/wp\/v2\/pages\/114307","targetHints":{"allow":["GET"]}}],"collection":[{"href":"https:\/\/www.klassmark.com\/es\/wp-json\/wp\/v2\/pages"}],"about":[{"href":"https:\/\/www.klassmark.com\/es\/wp-json\/wp\/v2\/types\/page"}],"author":[{"embeddable":true,"href":"https:\/\/www.klassmark.com\/es\/wp-json\/wp\/v2\/users\/3"}],"replies":[{"embeddable":true,"href":"https:\/\/www.klassmark.com\/es\/wp-json\/wp\/v2\/comments?post=114307"}],"version-history":[{"count":44,"href":"https:\/\/www.klassmark.com\/es\/wp-json\/wp\/v2\/pages\/114307\/revisions"}],"predecessor-version":[{"id":122837,"href":"https:\/\/www.klassmark.com\/es\/wp-json\/wp\/v2\/pages\/114307\/revisions\/122837"}],"wp:attachment":[{"href":"https:\/\/www.klassmark.com\/es\/wp-json\/wp\/v2\/media?parent=114307"}],"curies":[{"name":"wp","href":"https:\/\/api.w.org\/{rel}","templated":true}]}}