{"id":113509,"date":"2023-08-02T21:08:09","date_gmt":"2023-08-02T21:08:09","guid":{"rendered":"https:\/\/www.klassmark.com\/?page_id=113509"},"modified":"2023-08-02T21:10:56","modified_gmt":"2023-08-02T21:10:56","slug":"aviso-legal","status":"publish","type":"page","link":"https:\/\/www.klassmark.com\/es\/aviso-legal\/","title":{"rendered":"Aviso legal"},"content":{"rendered":"<p>El sitio web y el dominio klassmark.com corresponden a Gerard Freixes Tarragona, actuando como profesional aut\u00f3nomo, titular de KLASSMARK (en adelante KLASSMARK), con NIF ***3652*-*, direcci\u00f3n postal en Calle Can Pau Birol, 35 de Girona (CP 17005) y correo electr\u00f3nico info @ klassmark.com.<\/p>\n<p>PROPIEDAD INTELECTUAL E INDUSTRIAL<br \/>\nLos derechos sobre los contenidos de este sitio, incluyendo los textos, im\u00e1genes, dise\u00f1os gr\u00e1ficos, marcas y otros signos distintivos (en adelante los contenidos), pertenecen a KLASSMARK oa terceros que han autorizado su uso. KLASSMARK presenta estos contenidos para informar de sus actividades y servicios. KLASSMARK autoriza la utilizaci\u00f3n de los contenidos para usos no comerciales siempre que se indique de forma clara la fuente. Si los contenidos se utilizan en entornos web ser\u00e1 necesario incluir un enlace a la p\u00e1gina de inicio del sitio web https:\/\/www.klassmark.com. KLASSMARK se reserva el derecho a iniciar las acciones legales oportunas en defensa de sus derechos de propiedad intelectual o industrial.<br \/>\nNo se autorizan presentaciones de los contenidos de este sitio en una ventana ajena a https:\/\/www.klassmark.com (framing).<\/p>\n<p>RESPONSABILIDAD SOBRE LOS CONTENIDOS<br \/>\nAunque KLASSMARK act\u00faa con el m\u00e1ximo de diligencia posible, puede darse el caso de que alguna donaci\u00f3n o informaci\u00f3n no est\u00e9 del todo actualizada en el momento que el usuario del sitio web lo consulte. Por eso KLASSMARK manifiesta que las referencias de los eventos, actividades y servicios que se presentan en su sitio web tienen una funci\u00f3n orientativa y no obliguen a KLASSMARK hasta la formalizaci\u00f3n expresa de una inscripci\u00f3n.<br \/>\nKLASSMARK se reserva el derecho a modificar unilateralmente, en cualquier momento y sin previo aviso, la presentaci\u00f3n, configuraci\u00f3n y contenidos de la web.<br \/>\nKLASSMARK no ser\u00e1 responsable de la informaci\u00f3n que pueda obtenerse a trav\u00e9s de enlaces incluidos en el sitio web.<\/p>\n<p>CONDICIONES DE USO<br \/>\nEl uso de esta web implica la plena aceptaci\u00f3n de los t\u00e9rminos y condiciones del presente aviso legal. Los posibles conflictos relativos a este sitio web se regir\u00e1n exclusivamente por el derecho del Estado espa\u00f1ol. Toda persona usuaria de la web, independientemente de la jurisdicci\u00f3n territorial desde la que se produzca su acceso, acepta el cumplimiento y respeto de estas cl\u00e1usulas con renuncia expresa a cualquier otro fuero que pudiera corresponderle.<\/p>\n","protected":false},"excerpt":{"rendered":"<p>El sitio web y el dominio klassmark.com corresponden a Gerard Freixes Tarragona, actuando como profesional aut\u00f3nomo, titular de KLASSMARK (en [&hellip;]<\/p>\n","protected":false},"author":8,"featured_media":0,"parent":0,"menu_order":0,"comment_status":"closed","ping_status":"closed","template":"","meta":{"footnotes":""},"class_list":["post-113509","page","type-page","status-publish","hentry"],"yoast_head":"<!-- This site is optimized with the Yoast SEO plugin v27.1.1 - https:\/\/yoast.com\/product\/yoast-seo-wordpress\/ -->\n<title>Aviso legal - KLASSMARK<\/title>\n<meta name=\"robots\" content=\"index, follow, max-snippet:-1, max-image-preview:large, max-video-preview:-1\" \/>\n<link rel=\"canonical\" href=\"https:\/\/www.klassmark.com\/es\/aviso-legal\/\" \/>\n<meta property=\"og:locale\" content=\"es_ES\" \/>\n<meta property=\"og:type\" content=\"article\" \/>\n<meta property=\"og:title\" content=\"Aviso legal - KLASSMARK\" \/>\n<meta property=\"og:description\" content=\"El sitio web y el dominio klassmark.com corresponden a Gerard Freixes Tarragona, actuando como profesional aut\u00f3nomo, titular de KLASSMARK (en [&hellip;]\" \/>\n<meta property=\"og:url\" content=\"https:\/\/www.klassmark.com\/es\/aviso-legal\/\" \/>\n<meta property=\"og:site_name\" content=\"KLASSMARK\" \/>\n<meta property=\"article:modified_time\" content=\"2023-08-02T21:10:56+00:00\" \/>\n<meta name=\"twitter:card\" content=\"summary_large_image\" \/>\n<meta name=\"twitter:label1\" content=\"Est. reading time\" \/>\n\t<meta name=\"twitter:data1\" content=\"2 minutes\" \/>\n<script type=\"application\/ld+json\" class=\"yoast-schema-graph\">{\"@context\":\"https:\/\/schema.org\",\"@graph\":[{\"@type\":\"WebPage\",\"@id\":\"https:\/\/www.klassmark.com\/es\/aviso-legal\/\",\"url\":\"https:\/\/www.klassmark.com\/es\/aviso-legal\/\",\"name\":\"Aviso legal - KLASSMARK\",\"isPartOf\":{\"@id\":\"https:\/\/www.klassmark.com\/es\/#website\"},\"datePublished\":\"2023-08-02T21:08:09+00:00\",\"dateModified\":\"2023-08-02T21:10:56+00:00\",\"breadcrumb\":{\"@id\":\"https:\/\/www.klassmark.com\/es\/aviso-legal\/#breadcrumb\"},\"inLanguage\":\"es\",\"potentialAction\":[{\"@type\":\"ReadAction\",\"target\":[\"https:\/\/www.klassmark.com\/es\/aviso-legal\/\"]}]},{\"@type\":\"BreadcrumbList\",\"@id\":\"https:\/\/www.klassmark.com\/es\/aviso-legal\/#breadcrumb\",\"itemListElement\":[{\"@type\":\"ListItem\",\"position\":1,\"name\":\"Portada\",\"item\":\"https:\/\/www.klassmark.com\/es\/klassmark-carreras-de-trail-mtb-y-gravel\/\"},{\"@type\":\"ListItem\",\"position\":2,\"name\":\"Aviso legal\"}]},{\"@type\":\"WebSite\",\"@id\":\"https:\/\/www.klassmark.com\/es\/#website\",\"url\":\"https:\/\/www.klassmark.com\/es\/\",\"name\":\"KLASSMARK\",\"description\":\"Curses de Trail, Mtb i Gravel\",\"publisher\":{\"@id\":\"https:\/\/www.klassmark.com\/es\/#organization\"},\"potentialAction\":[{\"@type\":\"SearchAction\",\"target\":{\"@type\":\"EntryPoint\",\"urlTemplate\":\"https:\/\/www.klassmark.com\/es\/?s={search_term_string}\"},\"query-input\":{\"@type\":\"PropertyValueSpecification\",\"valueRequired\":true,\"valueName\":\"search_term_string\"}}],\"inLanguage\":\"es\"},{\"@type\":\"Organization\",\"@id\":\"https:\/\/www.klassmark.com\/es\/#organization\",\"name\":\"KLASSMARK\",\"url\":\"https:\/\/www.klassmark.com\/es\/\",\"logo\":{\"@type\":\"ImageObject\",\"inLanguage\":\"es\",\"@id\":\"https:\/\/www.klassmark.com\/es\/#\/schema\/logo\/image\/\",\"url\":\"https:\/\/www.klassmark.com\/wp-content\/uploads\/2022\/09\/KLASSMARK-quadrat-white_Mesa-de-trabajo-1.png\",\"contentUrl\":\"https:\/\/www.klassmark.com\/wp-content\/uploads\/2022\/09\/KLASSMARK-quadrat-white_Mesa-de-trabajo-1.png\",\"width\":659,\"height\":667,\"caption\":\"KLASSMARK\"},\"image\":{\"@id\":\"https:\/\/www.klassmark.com\/es\/#\/schema\/logo\/image\/\"}}]}<\/script>\n<!-- \/ Yoast SEO plugin. -->","yoast_head_json":{"title":"Aviso legal - KLASSMARK","robots":{"index":"index","follow":"follow","max-snippet":"max-snippet:-1","max-image-preview":"max-image-preview:large","max-video-preview":"max-video-preview:-1"},"canonical":"https:\/\/www.klassmark.com\/es\/aviso-legal\/","og_locale":"es_ES","og_type":"article","og_title":"Aviso legal - KLASSMARK","og_description":"El sitio web y el dominio klassmark.com corresponden a Gerard Freixes Tarragona, actuando como profesional aut\u00f3nomo, titular de KLASSMARK (en [&hellip;]","og_url":"https:\/\/www.klassmark.com\/es\/aviso-legal\/","og_site_name":"KLASSMARK","article_modified_time":"2023-08-02T21:10:56+00:00","twitter_card":"summary_large_image","twitter_misc":{"Est. reading time":"2 minutes"},"schema":{"@context":"https:\/\/schema.org","@graph":[{"@type":"WebPage","@id":"https:\/\/www.klassmark.com\/es\/aviso-legal\/","url":"https:\/\/www.klassmark.com\/es\/aviso-legal\/","name":"Aviso legal - KLASSMARK","isPartOf":{"@id":"https:\/\/www.klassmark.com\/es\/#website"},"datePublished":"2023-08-02T21:08:09+00:00","dateModified":"2023-08-02T21:10:56+00:00","breadcrumb":{"@id":"https:\/\/www.klassmark.com\/es\/aviso-legal\/#breadcrumb"},"inLanguage":"es","potentialAction":[{"@type":"ReadAction","target":["https:\/\/www.klassmark.com\/es\/aviso-legal\/"]}]},{"@type":"BreadcrumbList","@id":"https:\/\/www.klassmark.com\/es\/aviso-legal\/#breadcrumb","itemListElement":[{"@type":"ListItem","position":1,"name":"Portada","item":"https:\/\/www.klassmark.com\/es\/klassmark-carreras-de-trail-mtb-y-gravel\/"},{"@type":"ListItem","position":2,"name":"Aviso legal"}]},{"@type":"WebSite","@id":"https:\/\/www.klassmark.com\/es\/#website","url":"https:\/\/www.klassmark.com\/es\/","name":"KLASSMARK","description":"Curses de Trail, Mtb i Gravel","publisher":{"@id":"https:\/\/www.klassmark.com\/es\/#organization"},"potentialAction":[{"@type":"SearchAction","target":{"@type":"EntryPoint","urlTemplate":"https:\/\/www.klassmark.com\/es\/?s={search_term_string}"},"query-input":{"@type":"PropertyValueSpecification","valueRequired":true,"valueName":"search_term_string"}}],"inLanguage":"es"},{"@type":"Organization","@id":"https:\/\/www.klassmark.com\/es\/#organization","name":"KLASSMARK","url":"https:\/\/www.klassmark.com\/es\/","logo":{"@type":"ImageObject","inLanguage":"es","@id":"https:\/\/www.klassmark.com\/es\/#\/schema\/logo\/image\/","url":"https:\/\/www.klassmark.com\/wp-content\/uploads\/2022\/09\/KLASSMARK-quadrat-white_Mesa-de-trabajo-1.png","contentUrl":"https:\/\/www.klassmark.com\/wp-content\/uploads\/2022\/09\/KLASSMARK-quadrat-white_Mesa-de-trabajo-1.png","width":659,"height":667,"caption":"KLASSMARK"},"image":{"@id":"https:\/\/www.klassmark.com\/es\/#\/schema\/logo\/image\/"}}]}},"_links":{"self":[{"href":"https:\/\/www.klassmark.com\/es\/wp-json\/wp\/v2\/pages\/113509","targetHints":{"allow":["GET"]}}],"collection":[{"href":"https:\/\/www.klassmark.com\/es\/wp-json\/wp\/v2\/pages"}],"about":[{"href":"https:\/\/www.klassmark.com\/es\/wp-json\/wp\/v2\/types\/page"}],"author":[{"embeddable":true,"href":"https:\/\/www.klassmark.com\/es\/wp-json\/wp\/v2\/users\/8"}],"replies":[{"embeddable":true,"href":"https:\/\/www.klassmark.com\/es\/wp-json\/wp\/v2\/comments?post=113509"}],"version-history":[{"count":4,"href":"https:\/\/www.klassmark.com\/es\/wp-json\/wp\/v2\/pages\/113509\/revisions"}],"predecessor-version":[{"id":113513,"href":"https:\/\/www.klassmark.com\/es\/wp-json\/wp\/v2\/pages\/113509\/revisions\/113513"}],"wp:attachment":[{"href":"https:\/\/www.klassmark.com\/es\/wp-json\/wp\/v2\/media?parent=113509"}],"curies":[{"name":"wp","href":"https:\/\/api.w.org\/{rel}","templated":true}]}}