{"id":111976,"date":"2022-09-22T20:20:00","date_gmt":"2022-09-22T20:20:00","guid":{"rendered":"https:\/\/www.klassmark.com\/cmg-girona\/"},"modified":"2026-03-24T09:08:25","modified_gmt":"2026-03-24T09:08:25","slug":"cmg-girona","status":"publish","type":"page","link":"https:\/\/www.klassmark.com\/es\/cmg-girona\/","title":{"rendered":"CMG Girona"},"content":{"rendered":"<div class=\"wpb-content-wrapper\"><p>[vc_row row_height_percent=&#8221;0&#8243; back_color=&#8221;color-jevc&#8221; overlay_color=&#8221;color-jevc&#8221; overlay_alpha=&#8221;100&#8243; gutter_size=&#8221;3&#8243; column_width_percent=&#8221;100&#8243; shift_y=&#8221;0&#8243; z_index=&#8221;1&#8243; enable_bottom_divider=&#8221;default&#8221; bottom_divider=&#8221;gradient&#8221; shape_bottom_h_use_pixel=&#8221;true&#8221; shape_bottom_height_percent=&#8221;100&#8243; shape_bottom_color=&#8221;color-jevc&#8221; shape_bottom_opacity=&#8221;50&#8243; shape_bottom_index=&#8221;0&#8243; sticky=&#8221;yes&#8221; changer_back_color=&#8221;yes&#8221; uncode_shortcode_id=&#8221;870747&#8243; back_color_type=&#8221;uncode-palette&#8221; overlay_color_type=&#8221;uncode-palette&#8221; shape_bottom_color_type=&#8221;uncode-palette&#8221; el_class=&#8221;sticky-trigger&#8221;][vc_column column_width_percent=&#8221;100&#8243; position_vertical=&#8221;middle&#8221; align_horizontal=&#8221;align_center&#8221; gutter_size=&#8221;3&#8243; style=&#8221;dark&#8221; overlay_alpha=&#8221;50&#8243; shift_x=&#8221;0&#8243; shift_y=&#8221;0&#8243; shift_y_down=&#8221;0&#8243; z_index=&#8221;0&#8243; medium_width=&#8221;0&#8243; align_mobile=&#8221;align_center_mobile&#8221; mobile_width=&#8221;0&#8243; css_animation=&#8221;alpha-anim&#8221; animation_speed=&#8221;1000&#8243; animation_delay=&#8221;400&#8243; width=&#8221;1\/1&#8243; uncode_shortcode_id=&#8221;200831&#8243;][vc_row_inner row_inner_height_percent=&#8221;0&#8243; overlay_alpha=&#8221;50&#8243; gutter_size=&#8221;3&#8243; shift_y=&#8221;0&#8243; z_index=&#8221;0&#8243; uncode_shortcode_id=&#8221;201786&#8243; limit_content=&#8221;&#8221;][vc_column_inner column_width_percent=&#8221;100&#8243; gutter_size=&#8221;3&#8243; style=&#8221;dark&#8221; overlay_alpha=&#8221;50&#8243; shift_x=&#8221;0&#8243; shift_y=&#8221;0&#8243; shift_y_down=&#8221;0&#8243; z_index=&#8221;0&#8243; medium_width=&#8221;0&#8243; mobile_width=&#8221;0&#8243; width=&#8221;1\/4&#8243; uncode_shortcode_id=&#8221;165830&#8243;][vc_custom_heading heading_semantic=&#8221;h1&#8243; text_size=&#8221;h6&#8243; uncode_shortcode_id=&#8221;917115&#8243;]Carrera de Monta\u00f1a de Girona[\/vc_custom_heading][\/vc_column_inner][vc_column_inner column_width_percent=&#8221;100&#8243; position_horizontal=&#8221;right&#8221; align_horizontal=&#8221;align_right&#8221; gutter_size=&#8221;0&#8243; style=&#8221;dark&#8221; overlay_alpha=&#8221;0&#8243; shift_x=&#8221;0&#8243; shift_y=&#8221;0&#8243; shift_y_down=&#8221;0&#8243; z_index=&#8221;0&#8243; medium_width=&#8221;0&#8243; mobile_width=&#8221;0&#8243; width=&#8221;3\/4&#8243; uncode_shortcode_id=&#8221;606312&#8243;][vc_wp_custommenu nav_menu=&#8221;103&#8243; nav_menu_horizontal=&#8221;1&#8243; use_widget_style=&#8221;yes&#8221; widget_collapse=&#8221;yes&#8221;][\/vc_column_inner][\/vc_row_inner][\/vc_column][\/vc_row][vc_row row_height_percent=&#8221;0&#8243; override_padding=&#8221;yes&#8221; h_padding=&#8221;2&#8243; top_padding=&#8221;5&#8243; bottom_padding=&#8221;3&#8243; back_color=&#8221;color-xsdn&#8221; overlay_alpha=&#8221;50&#8243; gutter_size=&#8221;4&#8243; column_width_percent=&#8221;100&#8243; shift_y=&#8221;0&#8243; z_index=&#8221;0&#8243; uncode_shortcode_id=&#8221;266542&#8243; back_color_type=&#8221;uncode-palette&#8221; row_name=&#8221;info&#8221;][vc_column column_width_percent=&#8221;100&#8243; gutter_size=&#8221;3&#8243; overlay_alpha=&#8221;50&#8243; shift_x=&#8221;0&#8243; shift_y=&#8221;0&#8243; shift_y_down=&#8221;0&#8243; z_index=&#8221;0&#8243; medium_width=&#8221;4&#8243; mobile_width=&#8221;0&#8243; width=&#8221;1\/1&#8243; el_class=&#8221;image-card image-card-triple&#8221; uncode_shortcode_id=&#8221;386809&#8243;][vc_row_inner row_inner_height_percent=&#8221;0&#8243; overlay_alpha=&#8221;50&#8243; gutter_size=&#8221;3&#8243; shift_y=&#8221;0&#8243; z_index=&#8221;0&#8243; uncode_shortcode_id=&#8221;491636&#8243; limit_content=&#8221;&#8221;][vc_column_inner column_width_percent=&#8221;100&#8243; gutter_size=&#8221;3&#8243; overlay_alpha=&#8221;50&#8243; shift_x=&#8221;0&#8243; shift_y=&#8221;0&#8243; shift_y_down=&#8221;0&#8243; z_index=&#8221;0&#8243; medium_width=&#8221;0&#8243; mobile_width=&#8221;0&#8243; width=&#8221;1\/2&#8243; uncode_shortcode_id=&#8221;839750&#8243;][vc_gallery el_id=&#8221;gallery-987495&#8243; medias=&#8221;122876,122873,122870,122867&#8243; gutter_size=&#8221;3&#8243; screen_lg=&#8221;1000&#8243; screen_md=&#8221;600&#8243; screen_sm=&#8221;480&#8243; single_overlay_opacity=&#8221;50&#8243; single_padding=&#8221;2&#8243; uncode_shortcode_id=&#8221;199646&#8243; gallery_back_color_type=&#8221;uncode-palette&#8221; gallery_back_color_solid=&#8221;#ff0000&#8243;][\/vc_column_inner][vc_column_inner width=&#8221;1\/2&#8243;][vc_custom_heading heading_semantic=&#8221;h3&#8243; text_size=&#8221;&#8221; subheading=&#8221;El fin de semana de la CMG no es un fin de semana cualquiera para Girona. A la ciudad se respira trail running a los cuatro rios. Los corredores gerundenses tienen marcada en rojo la fecha y reciben orgullosos a toda la familia de las carreras de monta\u00f1a por reivindicar el macizo de las Gavarres. Desde el coraz\u00f3n del casco antiguo de Girona o desde la orilla del mar de Palam\u00f3s. Escoge uno de los cuatro recorridos y descubre una de las carreras m\u00e1s r\u00e1pidas y sorprendentes del calendario.&#8221; uncode_shortcode_id=&#8221;117781&#8243;]<strong>El idilio amor del trail running y Girona contin\u00faa<\/strong>[\/vc_custom_heading][vc_empty_space empty_h=&#8221;1&#8243;][vc_button button_color=&#8221;accent&#8221; text_skin=&#8221;yes&#8221; border_width=&#8221;0&#8243; display=&#8221;inline&#8221; link=&#8221;url:https%3A%2F%2Fwww.rockthesport.com%2Fca%2Fesdeveniment%2Fcmg-girona%2Finscripcio%2Fselecciona-tarifa|target:_blank|&#8221; uncode_shortcode_id=&#8221;649359&#8243; button_color_type=&#8221;uncode-palette&#8221; icon=&#8221;fa fa-chevron-right&#8221;]INSCRIPCIONES[\/vc_button][vc_button border_width=&#8221;0&#8243; display=&#8221;inline&#8221; link=&#8221;url:https%3A%2F%2Fwww.klassmark.com%2Fes%2Fcmg-programa%2F|target:_blank|&#8221; uncode_shortcode_id=&#8221;874625&#8243;]Programa[\/vc_button][\/vc_column_inner][\/vc_row_inner][vc_empty_space empty_h=&#8221;2&#8243;][vc_row_inner limit_content=&#8221;&#8221;][vc_column_inner column_width_percent=&#8221;100&#8243; align_horizontal=&#8221;align_center&#8221; gutter_size=&#8221;3&#8243; overlay_alpha=&#8221;50&#8243; shift_x=&#8221;0&#8243; shift_y=&#8221;0&#8243; shift_y_down=&#8221;0&#8243; z_index=&#8221;0&#8243; medium_width=&#8221;0&#8243; mobile_width=&#8221;0&#8243; width=&#8221;1\/4&#8243; uncode_shortcode_id=&#8221;138800&#8243;][vc_custom_heading heading_semantic=&#8221;h3&#8243; text_size=&#8221;h3&#8243; uncode_shortcode_id=&#8221;115343&#8243; subheading=&#8221;50,3K +1600M&#8221;]<\/p>\n<h4>TRANSGAVARRES<\/h4>\n<p>[\/vc_custom_heading][vc_button outline=&#8221;yes&#8221; text_skin=&#8221;yes&#8221; border_width=&#8221;0&#8243; display=&#8221;inline&#8221; link=&#8221;url:https%3A%2F%2Fwww.klassmark.com%2Fes%2Fcmg-transgavarres%2F|title:CMG%20Transgavarres|&#8221; uncode_shortcode_id=&#8221;403247&#8243;]Ver m\u00e1s[\/vc_button][\/vc_column_inner][vc_column_inner column_width_percent=&#8221;100&#8243; align_horizontal=&#8221;align_center&#8221; gutter_size=&#8221;3&#8243; overlay_alpha=&#8221;50&#8243; shift_x=&#8221;0&#8243; shift_y=&#8221;0&#8243; shift_y_down=&#8221;0&#8243; z_index=&#8221;0&#8243; medium_width=&#8221;0&#8243; mobile_width=&#8221;0&#8243; width=&#8221;1\/4&#8243; uncode_shortcode_id=&#8221;116798&#8243;][vc_custom_heading heading_semantic=&#8221;h3&#8243; text_size=&#8221;h3&#8243; uncode_shortcode_id=&#8221;335403&#8243; subheading=&#8221;21K +800M&#8221;]<\/p>\n<h4>TRAIL<\/h4>\n<p>[\/vc_custom_heading][vc_button outline=&#8221;yes&#8221; text_skin=&#8221;yes&#8221; border_width=&#8221;0&#8243; display=&#8221;inline&#8221; link=&#8221;url:https%3A%2F%2Fwww.klassmark.com%2Fes%2Fcmg-trail%2F|title:CMG%20Trail|&#8221; uncode_shortcode_id=&#8221;216074&#8243;]Ver m\u00e1s[\/vc_button][\/vc_column_inner][vc_column_inner column_width_percent=&#8221;100&#8243; align_horizontal=&#8221;align_center&#8221; gutter_size=&#8221;3&#8243; overlay_alpha=&#8221;50&#8243; shift_x=&#8221;0&#8243; shift_y=&#8221;0&#8243; shift_y_down=&#8221;0&#8243; z_index=&#8221;0&#8243; medium_width=&#8221;0&#8243; mobile_width=&#8221;0&#8243; width=&#8221;1\/4&#8243; uncode_shortcode_id=&#8221;210769&#8243;][vc_custom_heading heading_semantic=&#8221;h3&#8243; text_size=&#8221;h3&#8243; uncode_shortcode_id=&#8221;631603&#8243; subheading=&#8221;13K +500M&#8221;]<\/p>\n<h4>EXPRESS<\/h4>\n<p>[\/vc_custom_heading][vc_button outline=&#8221;yes&#8221; text_skin=&#8221;yes&#8221; border_width=&#8221;0&#8243; display=&#8221;inline&#8221; link=&#8221;url:https%3A%2F%2Fwww.klassmark.com%2Fes%2Fcmg-express%2F|title:CMG%20Express|&#8221; uncode_shortcode_id=&#8221;107148&#8243;]Ver m\u00e1s[\/vc_button][\/vc_column_inner][vc_column_inner column_width_percent=&#8221;100&#8243; align_horizontal=&#8221;align_center&#8221; gutter_size=&#8221;3&#8243; overlay_alpha=&#8221;50&#8243; shift_x=&#8221;0&#8243; shift_y=&#8221;0&#8243; shift_y_down=&#8221;0&#8243; z_index=&#8221;0&#8243; medium_width=&#8221;0&#8243; mobile_width=&#8221;0&#8243; width=&#8221;1\/4&#8243; uncode_shortcode_id=&#8221;173247&#8243;][vc_custom_heading heading_semantic=&#8221;h3&#8243; text_size=&#8221;h3&#8243; uncode_shortcode_id=&#8221;212319&#8243; subheading=&#8221;30,8K +1.000M&#8221;]<\/p>\n<h4>GRAVEL RUN<\/h4>\n<p>[\/vc_custom_heading][vc_button outline=&#8221;yes&#8221; text_skin=&#8221;yes&#8221; border_width=&#8221;0&#8243; display=&#8221;inline&#8221; link=&#8221;url:https%3A%2F%2Fwww.klassmark.com%2Fes%2Fcmg-gravel-run%2F|title:GRAVEL%20RUN|&#8221; uncode_shortcode_id=&#8221;190294&#8243;]Ver m\u00e1s[\/vc_button][\/vc_column_inner][\/vc_row_inner][vc_empty_space empty_h=&#8221;2&#8243;][vc_row_inner limit_content=&#8221;&#8221;][vc_column_inner width=&#8221;1\/2&#8243;][vc_custom_heading heading_semantic=&#8221;h3&#8243; text_size=&#8221;&#8221; sub_lead=&#8221;yes&#8221; subheading=&#8221;Tus amigos, compa\u00f1eros y familiares pueden seguir tus pasos durante toda la carrera. Tan s\u00f3lo deben descargarse la aplicaci\u00f3n, de forma totalmente gratuita, para vivir el Trail Rocacorba en directo. Clasificaciones instant\u00e1neas, controles de paso, estimaci\u00f3n de tiempo, selecci\u00f3n de tus corredores favoritos\u2026&#8221; uncode_shortcode_id=&#8221;748008&#8243;]La carrera en directo[\/vc_custom_heading][vc_button outline=&#8221;yes&#8221; border_width=&#8221;0&#8243; uncode_shortcode_id=&#8221;136217&#8243; link=&#8221;url:https%3A%2F%2Fapps.apple.com%2Fus%2Fapp%2Flasttiming%2Fid6476139305|target:_blank|&#8221;]APPLE STORE[\/vc_button][vc_button outline=&#8221;yes&#8221; border_width=&#8221;0&#8243; uncode_shortcode_id=&#8221;110536&#8243; link=&#8221;url:https%3A%2F%2Fplay.google.com%2Fstore%2Fapps%2Fdetails%3Fid%3Dcom.sportmaniac_live_app_android.lasttiming%26pli%3D1|target:_blank|&#8221;]GOOGLE PLAY[\/vc_button][\/vc_column_inner][vc_column_inner width=&#8221;1\/2&#8243;][vc_single_image media=&#8221;122879&#8243; media_width_percent=&#8221;100&#8243; alignment=&#8221;center&#8221; uncode_shortcode_id=&#8221;668780&#8243;][\/vc_column_inner][\/vc_row_inner][\/vc_column][\/vc_row][vc_row row_height_percent=&#8221;0&#8243; override_padding=&#8221;yes&#8221; h_padding=&#8221;2&#8243; top_padding=&#8221;4&#8243; bottom_padding=&#8221;4&#8243; back_color=&#8221;color-xsdn&#8221; overlay_alpha=&#8221;100&#8243; gutter_size=&#8221;100&#8243; column_width_percent=&#8221;100&#8243; shift_y=&#8221;0&#8243; z_index=&#8221;0&#8243; style=&#8221;inherited&#8221; uncode_shortcode_id=&#8221;137731&#8243; back_color_type=&#8221;uncode-palette&#8221;][vc_column column_width_percent=&#8221;100&#8243; gutter_size=&#8221;3&#8243; overlay_alpha=&#8221;50&#8243; shift_x=&#8221;0&#8243; shift_y=&#8221;0&#8243; shift_y_down=&#8221;0&#8243; z_index=&#8221;0&#8243; medium_width=&#8221;0&#8243; mobile_width=&#8221;0&#8243; zoom_width=&#8221;0&#8243; zoom_height=&#8221;0&#8243; width=&#8221;1\/1&#8243; uncode_shortcode_id=&#8221;790384&#8243;][vc_custom_heading heading_semantic=&#8221;h1&#8243; text_size=&#8221;h1&#8243; uncode_shortcode_id=&#8221;763734&#8243;]FAQS[\/vc_custom_heading][vc_accordion typography=&#8221;yes&#8221; sign=&#8221;plus&#8221; active_tab=&#8221;0&#8243;][vc_accordion_tab gutter_size=&#8221;2&#8243; column_padding=&#8221;2&#8243; title=&#8221;\u00bfHay servicio de guardarropa?&#8221; tab_id=&#8221;24a731b5-e185-31687253898749&#8243;][vc_column_text uncode_shortcode_id=&#8221;285600&#8243;]Si, en todas las carreras hay servicio de guardarropa en la misma zona de recogida de dorsales o check in[\/vc_column_text][\/vc_accordion_tab][vc_accordion_tab gutter_size=&#8221;2&#8243; column_padding=&#8221;2&#8243; title=&#8221;\u00bfHay servicio de bolsa de vida?&#8221; tab_id=&#8221;51669b3a-8e8e-21687253898749&#8243;][vc_column_text uncode_shortcode_id=&#8221;811278&#8243;]Dependiendo del evento si, en el apartado de avituallamientos de cada distancia sale si existe o no el servicio y si la bolsa de vida es retornable o no[\/vc_column_text][\/vc_accordion_tab][vc_accordion_tab gutter_size=&#8221;2&#8243; column_padding=&#8221;2&#8243; title=&#8221;\u00bfExiste zona para pernoctar con la furgoneta o autocaravana?&#8221; tab_id=&#8221;ef5915c9-1af0-21687253898749&#8243;][vc_column_text uncode_shortcode_id=&#8221;108893&#8243;]Si, si accede en el bot\u00f3n de localizaciones, all\u00ed encontrar\u00e1 donde se sit\u00faan todos los servicios[\/vc_column_text][\/vc_accordion_tab][vc_accordion_tab gutter_size=&#8221;2&#8243; column_padding=&#8221;2&#8243; title=&#8221;\u00bfPuedo recoger el dorsal o hacer el check in por otra persona?&#8221; tab_id=&#8221;0a882431-6c4b-01687253898749&#8243;][vc_column_text uncode_shortcode_id=&#8221;106168&#8243;]Si, siempre y cuando dispongas de fotograf\u00eda del DNI y tarjeta federativa o seguro en caso de haber marcado su disposici\u00f3n[\/vc_column_text][\/vc_accordion_tab][vc_accordion_tab gutter_size=&#8221;2&#8243; column_padding=&#8221;2&#8243; title=&#8221;\u00bfNecesito contratar el seguro de la carrera?&#8221; tab_id=&#8221;1664233944406-4-01687253898749&#8243;][vc_column_text uncode_shortcode_id=&#8221;582754&#8243;]Si dispones de un seguro, gestionado por federaciones o empresas privadas, que cubra accidentes deportivos, no es necesario que contrates el seguro de la carrera. Aseg\u00farate de que incluya la actividad del evento. Deber\u00e1s presentar el documento del seguro durante la entrega de dorsales, pero ser\u00e1 tu responsabilidad que cumpla con todos los requisitos. Si no dispones de ning\u00fan seguro, deber\u00e1s contratar el de la carrera para cubrir todas las necesidades.[\/vc_column_text][\/vc_accordion_tab][vc_accordion_tab gutter_size=&#8221;2&#8243; column_padding=&#8221;2&#8243; title=&#8221;Si no puedo venir al evento, \u00bfse devuelve el dinero?&#8221; tab_id=&#8221;1664234008421-6-101687253898749&#8243;][vc_column_text uncode_shortcode_id=&#8221;128735&#8243;]En el punto 4 del reglamento se encuentra expuesta nuestra pol\u00edtica de cancelaci\u00f3n.[\/vc_column_text][\/vc_accordion_tab][\/vc_accordion][\/vc_column][\/vc_row]<\/p>\n<\/div>","protected":false},"excerpt":{"rendered":"<p>[vc_row row_height_percent=&#8221;0&#8243; back_color=&#8221;color-jevc&#8221; overlay_color=&#8221;color-jevc&#8221; overlay_alpha=&#8221;100&#8243; gutter_size=&#8221;3&#8243; column_width_percent=&#8221;100&#8243; shift_y=&#8221;0&#8243; z_index=&#8221;1&#8243; enable_bottom_divider=&#8221;default&#8221; bottom_divider=&#8221;gradient&#8221; shape_bottom_h_use_pixel=&#8221;true&#8221; shape_bottom_height_percent=&#8221;100&#8243; shape_bottom_color=&#8221;color-jevc&#8221; shape_bottom_opacity=&#8221;50&#8243; shape_bottom_index=&#8221;0&#8243; sticky=&#8221;yes&#8221; changer_back_color=&#8221;yes&#8221; uncode_shortcode_id=&#8221;870747&#8243; back_color_type=&#8221;uncode-palette&#8221; [&hellip;]<\/p>\n","protected":false},"author":8,"featured_media":0,"parent":0,"menu_order":0,"comment_status":"closed","ping_status":"closed","template":"","meta":{"footnotes":""},"class_list":["post-111976","page","type-page","status-publish","hentry"],"yoast_head":"<!-- This site is optimized with the Yoast SEO plugin v27.1.1 - https:\/\/yoast.com\/product\/yoast-seo-wordpress\/ -->\n<title>CMG Girona - KLASSMARK<\/title>\n<meta name=\"robots\" content=\"index, follow, max-snippet:-1, max-image-preview:large, max-video-preview:-1\" \/>\n<link rel=\"canonical\" href=\"https:\/\/www.klassmark.com\/es\/cmg-girona\/\" \/>\n<meta property=\"og:locale\" content=\"es_ES\" \/>\n<meta property=\"og:type\" content=\"article\" \/>\n<meta property=\"og:title\" content=\"CMG Girona - KLASSMARK\" \/>\n<meta property=\"og:description\" content=\"[vc_row row_height_percent=&#8221;0&#8243; back_color=&#8221;color-jevc&#8221; overlay_color=&#8221;color-jevc&#8221; overlay_alpha=&#8221;100&#8243; gutter_size=&#8221;3&#8243; column_width_percent=&#8221;100&#8243; shift_y=&#8221;0&#8243; z_index=&#8221;1&#8243; enable_bottom_divider=&#8221;default&#8221; bottom_divider=&#8221;gradient&#8221; shape_bottom_h_use_pixel=&#8221;true&#8221; shape_bottom_height_percent=&#8221;100&#8243; shape_bottom_color=&#8221;color-jevc&#8221; shape_bottom_opacity=&#8221;50&#8243; shape_bottom_index=&#8221;0&#8243; sticky=&#8221;yes&#8221; changer_back_color=&#8221;yes&#8221; uncode_shortcode_id=&#8221;870747&#8243; back_color_type=&#8221;uncode-palette&#8221; [&hellip;]\" \/>\n<meta property=\"og:url\" content=\"https:\/\/www.klassmark.com\/es\/cmg-girona\/\" \/>\n<meta property=\"og:site_name\" content=\"KLASSMARK\" \/>\n<meta property=\"article:modified_time\" content=\"2026-03-24T09:08:25+00:00\" \/>\n<meta name=\"twitter:card\" content=\"summary_large_image\" \/>\n<meta name=\"twitter:label1\" content=\"Est. reading time\" \/>\n\t<meta name=\"twitter:data1\" content=\"4 minutes\" \/>\n<script type=\"application\/ld+json\" class=\"yoast-schema-graph\">{\"@context\":\"https:\/\/schema.org\",\"@graph\":[{\"@type\":\"WebPage\",\"@id\":\"https:\/\/www.klassmark.com\/es\/cmg-girona\/\",\"url\":\"https:\/\/www.klassmark.com\/es\/cmg-girona\/\",\"name\":\"CMG Girona - KLASSMARK\",\"isPartOf\":{\"@id\":\"https:\/\/www.klassmark.com\/es\/#website\"},\"datePublished\":\"2022-09-22T20:20:00+00:00\",\"dateModified\":\"2026-03-24T09:08:25+00:00\",\"breadcrumb\":{\"@id\":\"https:\/\/www.klassmark.com\/es\/cmg-girona\/#breadcrumb\"},\"inLanguage\":\"es\",\"potentialAction\":[{\"@type\":\"ReadAction\",\"target\":[\"https:\/\/www.klassmark.com\/es\/cmg-girona\/\"]}]},{\"@type\":\"BreadcrumbList\",\"@id\":\"https:\/\/www.klassmark.com\/es\/cmg-girona\/#breadcrumb\",\"itemListElement\":[{\"@type\":\"ListItem\",\"position\":1,\"name\":\"Portada\",\"item\":\"https:\/\/www.klassmark.com\/es\/klassmark-carreras-de-trail-mtb-y-gravel\/\"},{\"@type\":\"ListItem\",\"position\":2,\"name\":\"CMG Girona\"}]},{\"@type\":\"WebSite\",\"@id\":\"https:\/\/www.klassmark.com\/es\/#website\",\"url\":\"https:\/\/www.klassmark.com\/es\/\",\"name\":\"KLASSMARK\",\"description\":\"Curses de Trail, Mtb i Gravel\",\"publisher\":{\"@id\":\"https:\/\/www.klassmark.com\/es\/#organization\"},\"potentialAction\":[{\"@type\":\"SearchAction\",\"target\":{\"@type\":\"EntryPoint\",\"urlTemplate\":\"https:\/\/www.klassmark.com\/es\/?s={search_term_string}\"},\"query-input\":{\"@type\":\"PropertyValueSpecification\",\"valueRequired\":true,\"valueName\":\"search_term_string\"}}],\"inLanguage\":\"es\"},{\"@type\":\"Organization\",\"@id\":\"https:\/\/www.klassmark.com\/es\/#organization\",\"name\":\"KLASSMARK\",\"url\":\"https:\/\/www.klassmark.com\/es\/\",\"logo\":{\"@type\":\"ImageObject\",\"inLanguage\":\"es\",\"@id\":\"https:\/\/www.klassmark.com\/es\/#\/schema\/logo\/image\/\",\"url\":\"https:\/\/www.klassmark.com\/wp-content\/uploads\/2022\/09\/KLASSMARK-quadrat-white_Mesa-de-trabajo-1.png\",\"contentUrl\":\"https:\/\/www.klassmark.com\/wp-content\/uploads\/2022\/09\/KLASSMARK-quadrat-white_Mesa-de-trabajo-1.png\",\"width\":659,\"height\":667,\"caption\":\"KLASSMARK\"},\"image\":{\"@id\":\"https:\/\/www.klassmark.com\/es\/#\/schema\/logo\/image\/\"}}]}<\/script>\n<!-- \/ Yoast SEO plugin. -->","yoast_head_json":{"title":"CMG Girona - KLASSMARK","robots":{"index":"index","follow":"follow","max-snippet":"max-snippet:-1","max-image-preview":"max-image-preview:large","max-video-preview":"max-video-preview:-1"},"canonical":"https:\/\/www.klassmark.com\/es\/cmg-girona\/","og_locale":"es_ES","og_type":"article","og_title":"CMG Girona - KLASSMARK","og_description":"[vc_row row_height_percent=&#8221;0&#8243; back_color=&#8221;color-jevc&#8221; overlay_color=&#8221;color-jevc&#8221; overlay_alpha=&#8221;100&#8243; gutter_size=&#8221;3&#8243; column_width_percent=&#8221;100&#8243; shift_y=&#8221;0&#8243; z_index=&#8221;1&#8243; enable_bottom_divider=&#8221;default&#8221; bottom_divider=&#8221;gradient&#8221; shape_bottom_h_use_pixel=&#8221;true&#8221; shape_bottom_height_percent=&#8221;100&#8243; shape_bottom_color=&#8221;color-jevc&#8221; shape_bottom_opacity=&#8221;50&#8243; shape_bottom_index=&#8221;0&#8243; sticky=&#8221;yes&#8221; changer_back_color=&#8221;yes&#8221; uncode_shortcode_id=&#8221;870747&#8243; back_color_type=&#8221;uncode-palette&#8221; [&hellip;]","og_url":"https:\/\/www.klassmark.com\/es\/cmg-girona\/","og_site_name":"KLASSMARK","article_modified_time":"2026-03-24T09:08:25+00:00","twitter_card":"summary_large_image","twitter_misc":{"Est. reading time":"4 minutes"},"schema":{"@context":"https:\/\/schema.org","@graph":[{"@type":"WebPage","@id":"https:\/\/www.klassmark.com\/es\/cmg-girona\/","url":"https:\/\/www.klassmark.com\/es\/cmg-girona\/","name":"CMG Girona - KLASSMARK","isPartOf":{"@id":"https:\/\/www.klassmark.com\/es\/#website"},"datePublished":"2022-09-22T20:20:00+00:00","dateModified":"2026-03-24T09:08:25+00:00","breadcrumb":{"@id":"https:\/\/www.klassmark.com\/es\/cmg-girona\/#breadcrumb"},"inLanguage":"es","potentialAction":[{"@type":"ReadAction","target":["https:\/\/www.klassmark.com\/es\/cmg-girona\/"]}]},{"@type":"BreadcrumbList","@id":"https:\/\/www.klassmark.com\/es\/cmg-girona\/#breadcrumb","itemListElement":[{"@type":"ListItem","position":1,"name":"Portada","item":"https:\/\/www.klassmark.com\/es\/klassmark-carreras-de-trail-mtb-y-gravel\/"},{"@type":"ListItem","position":2,"name":"CMG Girona"}]},{"@type":"WebSite","@id":"https:\/\/www.klassmark.com\/es\/#website","url":"https:\/\/www.klassmark.com\/es\/","name":"KLASSMARK","description":"Curses de Trail, Mtb i Gravel","publisher":{"@id":"https:\/\/www.klassmark.com\/es\/#organization"},"potentialAction":[{"@type":"SearchAction","target":{"@type":"EntryPoint","urlTemplate":"https:\/\/www.klassmark.com\/es\/?s={search_term_string}"},"query-input":{"@type":"PropertyValueSpecification","valueRequired":true,"valueName":"search_term_string"}}],"inLanguage":"es"},{"@type":"Organization","@id":"https:\/\/www.klassmark.com\/es\/#organization","name":"KLASSMARK","url":"https:\/\/www.klassmark.com\/es\/","logo":{"@type":"ImageObject","inLanguage":"es","@id":"https:\/\/www.klassmark.com\/es\/#\/schema\/logo\/image\/","url":"https:\/\/www.klassmark.com\/wp-content\/uploads\/2022\/09\/KLASSMARK-quadrat-white_Mesa-de-trabajo-1.png","contentUrl":"https:\/\/www.klassmark.com\/wp-content\/uploads\/2022\/09\/KLASSMARK-quadrat-white_Mesa-de-trabajo-1.png","width":659,"height":667,"caption":"KLASSMARK"},"image":{"@id":"https:\/\/www.klassmark.com\/es\/#\/schema\/logo\/image\/"}}]}},"_links":{"self":[{"href":"https:\/\/www.klassmark.com\/es\/wp-json\/wp\/v2\/pages\/111976","targetHints":{"allow":["GET"]}}],"collection":[{"href":"https:\/\/www.klassmark.com\/es\/wp-json\/wp\/v2\/pages"}],"about":[{"href":"https:\/\/www.klassmark.com\/es\/wp-json\/wp\/v2\/types\/page"}],"author":[{"embeddable":true,"href":"https:\/\/www.klassmark.com\/es\/wp-json\/wp\/v2\/users\/8"}],"replies":[{"embeddable":true,"href":"https:\/\/www.klassmark.com\/es\/wp-json\/wp\/v2\/comments?post=111976"}],"version-history":[{"count":86,"href":"https:\/\/www.klassmark.com\/es\/wp-json\/wp\/v2\/pages\/111976\/revisions"}],"predecessor-version":[{"id":122881,"href":"https:\/\/www.klassmark.com\/es\/wp-json\/wp\/v2\/pages\/111976\/revisions\/122881"}],"wp:attachment":[{"href":"https:\/\/www.klassmark.com\/es\/wp-json\/wp\/v2\/media?parent=111976"}],"curies":[{"name":"wp","href":"https:\/\/api.w.org\/{rel}","templated":true}]}}