{"id":111939,"date":"2022-09-20T20:52:25","date_gmt":"2022-09-20T20:52:25","guid":{"rendered":"https:\/\/www.klassmark.com\/nosotros\/"},"modified":"2025-07-04T10:33:50","modified_gmt":"2025-07-04T10:33:50","slug":"nosotros","status":"publish","type":"page","link":"https:\/\/www.klassmark.com\/es\/nosotros\/","title":{"rendered":"Nosotros"},"content":{"rendered":"<div class=\"wpb-content-wrapper\"><p>[vc_row row_height_percent=&#8221;0&#8243; override_padding=&#8221;yes&#8221; h_padding=&#8221;5&#8243; top_padding=&#8221;0&#8243; bottom_padding=&#8221;5&#8243; overlay_alpha=&#8221;100&#8243; gutter_size=&#8221;100&#8243; column_width_percent=&#8221;100&#8243; shift_y=&#8221;0&#8243; z_index=&#8221;0&#8243; style=&#8221;inherited&#8221; uncode_shortcode_id=&#8221;105157&#8243; css=&#8221;.vc_custom_1663707127770{padding-top: 20px !important;}&#8221;][vc_column width=&#8221;1\/1&#8243;][vc_column_text css_animation=&#8221;bottom-t-top&#8221; uncode_shortcode_id=&#8221;196824&#8243; css=&#8221;.vc_custom_1687424413333{padding-right: 15% !important;padding-left: 15% !important;}&#8221;]<\/p>\n<div class=\"flex_column av_one_half flex_column_div av-zero-column-padding avia-builder-el-1 el_after_av_one_fourth el_before_av_one_fourth \">\n<section class=\"av_textblock_section \">\n<div class=\"avia_textblock \">\n<div id=\"comp-jm6i97h9\" class=\"txtNew\" data-packed=\"false\" data-min-height=\"54\">\n<h2 style=\"text-align: center;\">Tu mente, nuesto limite<\/h2>\n<p class=\"font_7\" style=\"text-align: center;\">Deportistas comprometidos con el medio ambiente al servicio de los deportistas. Klassmark es experiencia contrastada desde 2010 organizando mas de 100 eventos deportivos. Somos un grupo de profesionales que fusionan conocimientos para impulsar proyectos de \u00e1mbito deportivo sostenibles y respetuosos con el medio, alzando los recursos naturales y el valor del territorio. Reflectamos nuestra pasi\u00f3n por la natura y el deporte en cada una de nuestras acciones. Vivir en constante evoluci\u00f3n es el camino a seguir para encontrar las herramientas necesarias para desarrollar nuevas estrategias de innovaci\u00f3n socialmente responsables.<\/p>\n<\/div>\n<\/div>\n<\/section>\n<\/div>\n<p>[\/vc_column_text][\/vc_column][\/vc_row][vc_row row_height_percent=&#8221;0&#8243; override_padding=&#8221;yes&#8221; h_padding=&#8221;2&#8243; top_padding=&#8221;0&#8243; bottom_padding=&#8221;5&#8243; overlay_alpha=&#8221;50&#8243; gutter_size=&#8221;100&#8243; column_width_percent=&#8221;100&#8243; shift_y=&#8221;0&#8243; z_index=&#8221;0&#8243; style=&#8221;inherited&#8221;][vc_column column_width_percent=&#8221;100&#8243; align_horizontal=&#8221;align_center&#8221; gutter_size=&#8221;3&#8243; overlay_alpha=&#8221;50&#8243; shift_x=&#8221;0&#8243; shift_y=&#8221;0&#8243; shift_y_down=&#8221;0&#8243; z_index=&#8221;0&#8243; medium_width=&#8221;0&#8243; mobile_width=&#8221;0&#8243; zoom_width=&#8221;0&#8243; zoom_height=&#8221;0&#8243; width=&#8221;1\/1&#8243;][vc_gallery el_id=&#8221;gallery-3184624&#8243; medias=&#8221;116896,120912,116911,120921,120918,120915,116905,119956&#8243; gutter_size=&#8221;2&#8243; media_items=&#8221;media|nolink|original,title,caption,sep-one|full,team-social&#8221; screen_lg=&#8221;1000&#8243; screen_md=&#8221;600&#8243; screen_sm=&#8221;480&#8243; single_text=&#8221;under&#8221; single_width=&#8221;3&#8243; single_back_color=&#8221;color-xsdn&#8221; single_shape=&#8221;round&#8221; single_overlay_opacity=&#8221;65&#8243; single_overlay_anim=&#8221;no&#8221; single_text_anim=&#8221;no&#8221; single_image_anim=&#8221;no&#8221; single_padding=&#8221;2&#8243; single_text_reduced=&#8221;yes&#8221; single_title_dimension=&#8221;h6&#8243; single_title_weight=&#8221;700&#8243; single_title_transform=&#8221;uppercase&#8221; single_shadow=&#8221;yes&#8221; shadow_weight=&#8221;std&#8221; lbox_title=&#8221;yes&#8221; lbox_caption=&#8221;yes&#8221; carousel_rtl=&#8221;&#8221; single_half_padding=&#8221;yes&#8221; single_title_serif=&#8221;&#8221; single_no_background=&#8221;yes&#8221; items=&#8221;eyIxMzc2M19pIjp7InNpbmdsZV9saW5rIjoidXJsOmh0dHA6Ly93d3cudW5kc2duLmNvbXx8dGFyZ2V0OiBfYmxhbmsifSwiMTM3NjlfaSI6eyJzaW5nbGVfbGluayI6InVybDpodHRwOi8vd3d3LnVuZHNnbi5jb218fHRhcmdldDogX2JsYW5rIn0sIjEzNzcwX2kiOnsic2luZ2xlX2xpbmsiOiJ1cmw6aHR0cDovL3d3dy51bmRzZ24uY29tfHx0YXJnZXQ6IF9ibGFuayJ9LCIxMzc2Nl9pIjp7InNpbmdsZV9saW5rIjoidXJsOmh0dHA6Ly93d3cudW5kc2duLmNvbXx8dGFyZ2V0OiBfYmxhbmsifSwiMTM3NjJfaSI6eyJzaW5nbGVfbGF5b3V0X21lZGlhX2l0ZW1zIjoibWVkaWF8bm9saW5rfG9yaWdpbmFsLHRpdGxlLGNhcHRpb24sc2VwLW9uZXxmdWxsIn0sIjEyMTY5X2kiOnsic2luZ2xlX2xheW91dF9tZWRpYV9pdGVtcyI6Im1lZGlhfG5vbGlua3xvcmlnaW5hbCx0aXRsZSxjYXB0aW9uLHNlcC1vbmV8ZnVsbCJ9fQ==&#8221; uncode_shortcode_id=&#8221;155087&#8243;][\/vc_column][\/vc_row]<\/p>\n<\/div>","protected":false},"excerpt":{"rendered":"<p>[vc_row row_height_percent=&#8221;0&#8243; override_padding=&#8221;yes&#8221; h_padding=&#8221;5&#8243; top_padding=&#8221;0&#8243; bottom_padding=&#8221;5&#8243; overlay_alpha=&#8221;100&#8243; gutter_size=&#8221;100&#8243; column_width_percent=&#8221;100&#8243; shift_y=&#8221;0&#8243; z_index=&#8221;0&#8243; style=&#8221;inherited&#8221; uncode_shortcode_id=&#8221;105157&#8243; css=&#8221;.vc_custom_1663707127770{padding-top: 20px !important;}&#8221;][vc_column width=&#8221;1\/1&#8243;][vc_column_text css_animation=&#8221;bottom-t-top&#8221; uncode_shortcode_id=&#8221;196824&#8243; css=&#8221;.vc_custom_1687424413333{padding-right: [&hellip;]<\/p>\n","protected":false},"author":8,"featured_media":0,"parent":0,"menu_order":0,"comment_status":"closed","ping_status":"closed","template":"","meta":{"footnotes":""},"class_list":["post-111939","page","type-page","status-publish","hentry"],"yoast_head":"<!-- This site is optimized with the Yoast SEO plugin v27.1.1 - https:\/\/yoast.com\/product\/yoast-seo-wordpress\/ -->\n<title>Nosotros - KLASSMARK<\/title>\n<meta name=\"description\" content=\"Somos un grupo de profesionales que fusionamos conocimientos para impulsar proyectos de \u00e1mbito deportivo sostenibles y respetuosos con el medio.\" \/>\n<meta name=\"robots\" content=\"index, follow, max-snippet:-1, max-image-preview:large, max-video-preview:-1\" \/>\n<link rel=\"canonical\" href=\"https:\/\/www.klassmark.com\/es\/nosotros\/\" \/>\n<meta property=\"og:locale\" content=\"es_ES\" \/>\n<meta property=\"og:type\" content=\"article\" \/>\n<meta property=\"og:title\" content=\"Nosotros - KLASSMARK\" \/>\n<meta property=\"og:description\" content=\"Somos un grupo de profesionales que fusionamos conocimientos para impulsar proyectos de \u00e1mbito deportivo sostenibles y respetuosos con el medio.\" \/>\n<meta property=\"og:url\" content=\"https:\/\/www.klassmark.com\/es\/nosotros\/\" \/>\n<meta property=\"og:site_name\" content=\"KLASSMARK\" \/>\n<meta property=\"article:modified_time\" content=\"2025-07-04T10:33:50+00:00\" \/>\n<meta name=\"twitter:card\" content=\"summary_large_image\" \/>\n<meta name=\"twitter:label1\" content=\"Est. reading time\" \/>\n\t<meta name=\"twitter:data1\" content=\"1 minute\" \/>\n<script type=\"application\/ld+json\" class=\"yoast-schema-graph\">{\"@context\":\"https:\/\/schema.org\",\"@graph\":[{\"@type\":\"WebPage\",\"@id\":\"https:\/\/www.klassmark.com\/es\/nosotros\/\",\"url\":\"https:\/\/www.klassmark.com\/es\/nosotros\/\",\"name\":\"Nosotros - KLASSMARK\",\"isPartOf\":{\"@id\":\"https:\/\/www.klassmark.com\/es\/#website\"},\"datePublished\":\"2022-09-20T20:52:25+00:00\",\"dateModified\":\"2025-07-04T10:33:50+00:00\",\"description\":\"Somos un grupo de profesionales que fusionamos conocimientos para impulsar proyectos de \u00e1mbito deportivo sostenibles y respetuosos con el medio.\",\"breadcrumb\":{\"@id\":\"https:\/\/www.klassmark.com\/es\/nosotros\/#breadcrumb\"},\"inLanguage\":\"es\",\"potentialAction\":[{\"@type\":\"ReadAction\",\"target\":[\"https:\/\/www.klassmark.com\/es\/nosotros\/\"]}]},{\"@type\":\"BreadcrumbList\",\"@id\":\"https:\/\/www.klassmark.com\/es\/nosotros\/#breadcrumb\",\"itemListElement\":[{\"@type\":\"ListItem\",\"position\":1,\"name\":\"Portada\",\"item\":\"https:\/\/www.klassmark.com\/es\/klassmark-carreras-de-trail-mtb-y-gravel\/\"},{\"@type\":\"ListItem\",\"position\":2,\"name\":\"Nosotros\"}]},{\"@type\":\"WebSite\",\"@id\":\"https:\/\/www.klassmark.com\/es\/#website\",\"url\":\"https:\/\/www.klassmark.com\/es\/\",\"name\":\"KLASSMARK\",\"description\":\"Curses de Trail, Mtb i Gravel\",\"publisher\":{\"@id\":\"https:\/\/www.klassmark.com\/es\/#organization\"},\"potentialAction\":[{\"@type\":\"SearchAction\",\"target\":{\"@type\":\"EntryPoint\",\"urlTemplate\":\"https:\/\/www.klassmark.com\/es\/?s={search_term_string}\"},\"query-input\":{\"@type\":\"PropertyValueSpecification\",\"valueRequired\":true,\"valueName\":\"search_term_string\"}}],\"inLanguage\":\"es\"},{\"@type\":\"Organization\",\"@id\":\"https:\/\/www.klassmark.com\/es\/#organization\",\"name\":\"KLASSMARK\",\"url\":\"https:\/\/www.klassmark.com\/es\/\",\"logo\":{\"@type\":\"ImageObject\",\"inLanguage\":\"es\",\"@id\":\"https:\/\/www.klassmark.com\/es\/#\/schema\/logo\/image\/\",\"url\":\"https:\/\/www.klassmark.com\/wp-content\/uploads\/2022\/09\/KLASSMARK-quadrat-white_Mesa-de-trabajo-1.png\",\"contentUrl\":\"https:\/\/www.klassmark.com\/wp-content\/uploads\/2022\/09\/KLASSMARK-quadrat-white_Mesa-de-trabajo-1.png\",\"width\":659,\"height\":667,\"caption\":\"KLASSMARK\"},\"image\":{\"@id\":\"https:\/\/www.klassmark.com\/es\/#\/schema\/logo\/image\/\"}}]}<\/script>\n<!-- \/ Yoast SEO plugin. -->","yoast_head_json":{"title":"Nosotros - KLASSMARK","description":"Somos un grupo de profesionales que fusionamos conocimientos para impulsar proyectos de \u00e1mbito deportivo sostenibles y respetuosos con el medio.","robots":{"index":"index","follow":"follow","max-snippet":"max-snippet:-1","max-image-preview":"max-image-preview:large","max-video-preview":"max-video-preview:-1"},"canonical":"https:\/\/www.klassmark.com\/es\/nosotros\/","og_locale":"es_ES","og_type":"article","og_title":"Nosotros - KLASSMARK","og_description":"Somos un grupo de profesionales que fusionamos conocimientos para impulsar proyectos de \u00e1mbito deportivo sostenibles y respetuosos con el medio.","og_url":"https:\/\/www.klassmark.com\/es\/nosotros\/","og_site_name":"KLASSMARK","article_modified_time":"2025-07-04T10:33:50+00:00","twitter_card":"summary_large_image","twitter_misc":{"Est. reading time":"1 minute"},"schema":{"@context":"https:\/\/schema.org","@graph":[{"@type":"WebPage","@id":"https:\/\/www.klassmark.com\/es\/nosotros\/","url":"https:\/\/www.klassmark.com\/es\/nosotros\/","name":"Nosotros - KLASSMARK","isPartOf":{"@id":"https:\/\/www.klassmark.com\/es\/#website"},"datePublished":"2022-09-20T20:52:25+00:00","dateModified":"2025-07-04T10:33:50+00:00","description":"Somos un grupo de profesionales que fusionamos conocimientos para impulsar proyectos de \u00e1mbito deportivo sostenibles y respetuosos con el medio.","breadcrumb":{"@id":"https:\/\/www.klassmark.com\/es\/nosotros\/#breadcrumb"},"inLanguage":"es","potentialAction":[{"@type":"ReadAction","target":["https:\/\/www.klassmark.com\/es\/nosotros\/"]}]},{"@type":"BreadcrumbList","@id":"https:\/\/www.klassmark.com\/es\/nosotros\/#breadcrumb","itemListElement":[{"@type":"ListItem","position":1,"name":"Portada","item":"https:\/\/www.klassmark.com\/es\/klassmark-carreras-de-trail-mtb-y-gravel\/"},{"@type":"ListItem","position":2,"name":"Nosotros"}]},{"@type":"WebSite","@id":"https:\/\/www.klassmark.com\/es\/#website","url":"https:\/\/www.klassmark.com\/es\/","name":"KLASSMARK","description":"Curses de Trail, Mtb i Gravel","publisher":{"@id":"https:\/\/www.klassmark.com\/es\/#organization"},"potentialAction":[{"@type":"SearchAction","target":{"@type":"EntryPoint","urlTemplate":"https:\/\/www.klassmark.com\/es\/?s={search_term_string}"},"query-input":{"@type":"PropertyValueSpecification","valueRequired":true,"valueName":"search_term_string"}}],"inLanguage":"es"},{"@type":"Organization","@id":"https:\/\/www.klassmark.com\/es\/#organization","name":"KLASSMARK","url":"https:\/\/www.klassmark.com\/es\/","logo":{"@type":"ImageObject","inLanguage":"es","@id":"https:\/\/www.klassmark.com\/es\/#\/schema\/logo\/image\/","url":"https:\/\/www.klassmark.com\/wp-content\/uploads\/2022\/09\/KLASSMARK-quadrat-white_Mesa-de-trabajo-1.png","contentUrl":"https:\/\/www.klassmark.com\/wp-content\/uploads\/2022\/09\/KLASSMARK-quadrat-white_Mesa-de-trabajo-1.png","width":659,"height":667,"caption":"KLASSMARK"},"image":{"@id":"https:\/\/www.klassmark.com\/es\/#\/schema\/logo\/image\/"}}]}},"_links":{"self":[{"href":"https:\/\/www.klassmark.com\/es\/wp-json\/wp\/v2\/pages\/111939","targetHints":{"allow":["GET"]}}],"collection":[{"href":"https:\/\/www.klassmark.com\/es\/wp-json\/wp\/v2\/pages"}],"about":[{"href":"https:\/\/www.klassmark.com\/es\/wp-json\/wp\/v2\/types\/page"}],"author":[{"embeddable":true,"href":"https:\/\/www.klassmark.com\/es\/wp-json\/wp\/v2\/users\/8"}],"replies":[{"embeddable":true,"href":"https:\/\/www.klassmark.com\/es\/wp-json\/wp\/v2\/comments?post=111939"}],"version-history":[{"count":127,"href":"https:\/\/www.klassmark.com\/es\/wp-json\/wp\/v2\/pages\/111939\/revisions"}],"predecessor-version":[{"id":120926,"href":"https:\/\/www.klassmark.com\/es\/wp-json\/wp\/v2\/pages\/111939\/revisions\/120926"}],"wp:attachment":[{"href":"https:\/\/www.klassmark.com\/es\/wp-json\/wp\/v2\/media?parent=111939"}],"curies":[{"name":"wp","href":"https:\/\/api.w.org\/{rel}","templated":true}]}}