{"id":112634,"date":"2023-02-20T09:30:20","date_gmt":"2023-02-20T09:30:20","guid":{"rendered":"https:\/\/www.klassmark.com\/trail-cap-de-creus-trail\/"},"modified":"2026-01-13T07:11:58","modified_gmt":"2026-01-13T07:11:58","slug":"trail-cap-de-creus-trail","status":"publish","type":"page","link":"https:\/\/www.klassmark.com\/en\/trail-cap-de-creus-trail\/","title":{"rendered":"Trail Cap de Creus &#8211; 20K"},"content":{"rendered":"<div class=\"wpb-content-wrapper\"><p>[vc_row row_height_percent=&#8221;0&#8243; back_color=&#8221;color-jevc&#8221; overlay_color=&#8221;color-jevc&#8221; overlay_alpha=&#8221;100&#8243; gutter_size=&#8221;3&#8243; column_width_percent=&#8221;100&#8243; shift_y=&#8221;0&#8243; z_index=&#8221;1&#8243; enable_bottom_divider=&#8221;default&#8221; bottom_divider=&#8221;gradient&#8221; shape_bottom_h_use_pixel=&#8221;true&#8221; shape_bottom_height_percent=&#8221;100&#8243; shape_bottom_color=&#8221;color-jevc&#8221; shape_bottom_opacity=&#8221;50&#8243; shape_bottom_index=&#8221;0&#8243; sticky=&#8221;yes&#8221; changer_back_color=&#8221;yes&#8221; uncode_shortcode_id=&#8221;559065&#8243; back_color_type=&#8221;uncode-palette&#8221; overlay_color_type=&#8221;uncode-palette&#8221; shape_bottom_color_type=&#8221;uncode-palette&#8221; el_class=&#8221;sticky-trigger menu&#8221;][vc_column column_width_percent=&#8221;100&#8243; position_vertical=&#8221;middle&#8221; align_horizontal=&#8221;align_center&#8221; gutter_size=&#8221;3&#8243; style=&#8221;dark&#8221; overlay_alpha=&#8221;50&#8243; shift_x=&#8221;0&#8243; shift_y=&#8221;0&#8243; shift_y_down=&#8221;0&#8243; z_index=&#8221;0&#8243; medium_width=&#8221;0&#8243; align_mobile=&#8221;align_center_mobile&#8221; mobile_width=&#8221;0&#8243; css_animation=&#8221;alpha-anim&#8221; animation_speed=&#8221;1000&#8243; animation_delay=&#8221;400&#8243; width=&#8221;1\/1&#8243; uncode_shortcode_id=&#8221;174301&#8243;][vc_row_inner row_inner_height_percent=&#8221;0&#8243; overlay_alpha=&#8221;50&#8243; gutter_size=&#8221;3&#8243; shift_y=&#8221;0&#8243; z_index=&#8221;0&#8243; uncode_shortcode_id=&#8221;184968&#8243; limit_content=&#8221;&#8221;][vc_column_inner column_width_percent=&#8221;100&#8243; align_horizontal=&#8221;align_right&#8221; gutter_size=&#8221;3&#8243; style=&#8221;dark&#8221; overlay_alpha=&#8221;50&#8243; shift_x=&#8221;0&#8243; shift_y=&#8221;0&#8243; shift_y_down=&#8221;0&#8243; z_index=&#8221;0&#8243; medium_width=&#8221;0&#8243; mobile_width=&#8221;0&#8243; width=&#8221;1\/1&#8243; uncode_shortcode_id=&#8221;138618&#8243;][vc_wp_custommenu nav_menu=&#8221;148&#8243; nav_menu_horizontal=&#8221;1&#8243; use_widget_style=&#8221;yes&#8221; widget_collapse=&#8221;yes&#8221;][\/vc_column_inner][\/vc_row_inner][\/vc_column][\/vc_row][vc_row row_height_percent=&#8221;0&#8243; back_color=&#8221;color-xsdn&#8221; overlay_alpha=&#8221;50&#8243; gutter_size=&#8221;3&#8243; column_width_percent=&#8221;100&#8243; shift_y=&#8221;0&#8243; z_index=&#8221;0&#8243; uncode_shortcode_id=&#8221;587546&#8243; back_color_type=&#8221;uncode-palette&#8221;][vc_column width=&#8221;1\/1&#8243;][vc_row_inner row_inner_height_percent=&#8221;0&#8243; overlay_alpha=&#8221;50&#8243; gutter_size=&#8221;3&#8243; shift_y=&#8221;0&#8243; z_index=&#8221;0&#8243; uncode_shortcode_id=&#8221;198498&#8243; css=&#8221;.vc_custom_1664230696070{padding-top: 30px !important;padding-bottom: 50px !important;}&#8221; limit_content=&#8221;&#8221;][vc_column_inner column_width_percent=&#8221;100&#8243; align_horizontal=&#8221;align_right&#8221; gutter_size=&#8221;3&#8243; overlay_alpha=&#8221;50&#8243; shift_x=&#8221;0&#8243; shift_y=&#8221;0&#8243; shift_y_down=&#8221;0&#8243; z_index=&#8221;0&#8243; medium_width=&#8221;0&#8243; mobile_width=&#8221;0&#8243; width=&#8221;1\/2&#8243; uncode_shortcode_id=&#8221;162984&#8243;][vc_custom_heading text_color=&#8221;accent&#8221; heading_semantic=&#8221;h1&#8243; text_font=&#8221;font-156658&#8243; text_size=&#8221;h1&#8243; text_italic=&#8221;yes&#8221; uncode_shortcode_id=&#8221;578136&#8243; text_color_type=&#8221;uncode-palette&#8221; el_class=&#8221;no-margin&#8221;]20K[\/vc_custom_heading][vc_custom_heading heading_semantic=&#8221;h3&#8243; text_size=&#8221;h1&#8243; separator=&#8221;yes&#8221; separator_color=&#8221;yes&#8221; sub_lead=&#8221;yes&#8221; uncode_shortcode_id=&#8221;204474&#8243; text_color_type=&#8221;uncode-palette&#8221; text_color_solid=&#8221;#ff0000&#8243; subheading=&#8221;INDIVIDUAL<br \/>\n1 ITRA POINT&#8221; el_class=&#8221;no-margin&#8221;]20K +1.000M[\/vc_custom_heading][\/vc_column_inner][vc_column_inner column_width_percent=&#8221;100&#8243; position_horizontal=&#8221;left&#8221; gutter_size=&#8221;3&#8243; overlay_alpha=&#8221;50&#8243; shift_x=&#8221;0&#8243; shift_y=&#8221;0&#8243; shift_y_down=&#8221;0&#8243; z_index=&#8221;0&#8243; medium_width=&#8221;0&#8243; mobile_width=&#8221;0&#8243; width=&#8221;1\/2&#8243; uncode_shortcode_id=&#8221;197328&#8243;][vc_icon position=&#8221;left&#8221; space_reduced=&#8221;yes&#8221; title_aligned_icon=&#8221;yes&#8221; display=&#8221;inline&#8221; icon=&#8221;fa fa-calendar&#8221; icon_color=&#8221;color-jevc&#8221; heading_semantic=&#8221;h5&#8243; text_size=&#8221;h5&#8243; uncode_shortcode_id=&#8221;290774&#8243; icon_color_type=&#8221;uncode-palette&#8221; title=&#8221;18\/01\/2026&#8243;][\/vc_icon][vc_icon position=&#8221;left&#8221; space_reduced=&#8221;yes&#8221; title_aligned_icon=&#8221;yes&#8221; display=&#8221;inline&#8221; icon=&#8221;fa fa-clock&#8221; icon_color=&#8221;color-jevc&#8221; heading_semantic=&#8221;h5&#8243; text_size=&#8221;h5&#8243; uncode_shortcode_id=&#8221;169240&#8243; icon_color_type=&#8221;uncode-palette&#8221; title=&#8221;Start time: 9am&#8221;][\/vc_icon][vc_icon position=&#8221;left&#8221; space_reduced=&#8221;yes&#8221; title_aligned_icon=&#8221;yes&#8221; display=&#8221;inline&#8221; icon=&#8221;fa fa-map-marker&#8221; icon_color=&#8221;color-jevc&#8221; heading_semantic=&#8221;h5&#8243; text_size=&#8221;h5&#8243; uncode_shortcode_id=&#8221;145223&#8243; icon_color_type=&#8221;uncode-palette&#8221; title=&#8221;Roses&#8221;][\/vc_icon][vc_icon position=&#8221;left&#8221; space_reduced=&#8221;yes&#8221; title_aligned_icon=&#8221;yes&#8221; display=&#8221;inline&#8221; icon=&#8221;fa fa-history2&#8243; icon_color=&#8221;color-jevc&#8221; heading_semantic=&#8221;h5&#8243; text_size=&#8221;h5&#8243; uncode_shortcode_id=&#8221;117081&#8243; icon_color_type=&#8221;uncode-palette&#8221; title=&#8221;Time limit 5h&#8221;][\/vc_icon][vc_single_image media=&#8221;111633&#8243; media_width_percent=&#8221;21&#8243; uncode_shortcode_id=&#8221;105143&#8243;][\/vc_column_inner][\/vc_row_inner][vc_row_inner row_inner_height_percent=&#8221;0&#8243; overlay_alpha=&#8221;50&#8243; gutter_size=&#8221;3&#8243; shift_y=&#8221;0&#8243; z_index=&#8221;0&#8243; uncode_shortcode_id=&#8221;165368&#8243; limit_content=&#8221;&#8221;][vc_column_inner column_width_percent=&#8221;100&#8243; position_vertical=&#8221;middle&#8221; align_horizontal=&#8221;align_center&#8221; gutter_size=&#8221;3&#8243; overlay_alpha=&#8221;50&#8243; shift_x=&#8221;0&#8243; shift_y=&#8221;0&#8243; shift_y_down=&#8221;0&#8243; z_index=&#8221;0&#8243; medium_width=&#8221;0&#8243; mobile_width=&#8221;0&#8243; width=&#8221;1\/1&#8243; uncode_shortcode_id=&#8221;201882&#8243;][vc_button size=&#8221;btn-sm&#8221; italic=&#8221;yes&#8221; border_width=&#8221;0&#8243; display=&#8221;inline&#8221; link=&#8221;url:https%3A%2F%2Fwww.google.es%2Fmaps%2F%4042.2927103%2C3.1722122%2C12z%2Fdata%3D%213m1%214b1%214m2%216m1%211s1tBiIvRlmuZZQclvDkBX3N9ti_Aw%3Fentry%3Dttu|target:_blank|&#8221; icon=&#8221;fa fa-map3&#8243; uncode_shortcode_id=&#8221;205333&#8243; el_class=&#8221;small-btn&#8221;]Locations[\/vc_button][vc_button size=&#8221;btn-sm&#8221; border_width=&#8221;0&#8243; display=&#8221;inline&#8221; link=&#8221;url:https%3A%2F%2Fwww.komoot.com%2Fes-es%2Fcollection%2F1236904%2F-trail-cap-de-creus%3Fref%3Dcollection|target:_blank&#8221; icon=&#8221;fa fa-asterisk&#8221; uncode_shortcode_id=&#8221;417115&#8243;]Download the track[\/vc_button][vc_button size=&#8221;btn-sm&#8221; border_width=&#8221;0&#8243; display=&#8221;inline&#8221; link=&#8221;url:https%3A%2F%2Fwww.klassmark.com%2Fwp-content%2Fuploads%2F2025%2F10%2FPERFILS_CAPDECREUS_2026_Mesa-de-trabajo-1-scaled.png|target:_blank&#8221; icon=&#8221;fa fa-asterisk&#8221; uncode_shortcode_id=&#8221;371179&#8243;]Profile[\/vc_button][\/vc_column_inner][\/vc_row_inner][vc_raw_html]JTNDaWZyYW1lJTIwc3JjJTNEJTIyaHR0cHMlM0ElMkYlMkZ3d3cua29tb290LmNvbSUyRmVzLWVzJTJGdG91ciUyRjI3MjQ0NDk3ODQlMkZlbWJlZCUzRnNoYXJlX3Rva2VuJTNEYTVBQ1VBckVEZE9ZUjNDcll1VnkyMzk3NjhKWmRMa1hvbWt2V3p3UVFDa3ZhQVAyTEglMjZwcm9maWxlJTNEMSUyMiUyMHdpZHRoJTNEJTIyMTAwJTI1JTIyJTIwaGVpZ2h0JTNEJTIyNzAwJTIyJTIwZnJhbWVib3JkZXIlM0QlMjIwJTIyJTIwc2Nyb2xsaW5nJTNEJTIybm8lMjIlM0UlM0MlMkZpZnJhbWUlM0U=[\/vc_raw_html][vc_tabs vertical=&#8221;yes&#8221; history=&#8221;yes&#8221; target=&#8221;row&#8221;][vc_tab icon=&#8221;fa fa-map-signs&#8221; gutter_size=&#8221;2&#8243; column_padding=&#8221;0&#8243; title=&#8221;Track&#8221; tab_id=&#8221;1427386120260-0-1&#8243; slug=&#8221;editing&#8221;][vc_column_text uncode_shortcode_id=&#8221;154728&#8243;]<\/p>\n<p class=\"p1\"><b>DISTANCE &amp; ALTIMETRY<\/b><\/p>\n<p class=\"p1\">Real distance:<b> 20k<br \/>\n<\/b>Positive Gain: <b>+1.000 m<\/b><br \/>\nTotal elevation gain:<b><span class=\"Apple-converted-space\"> 2.0<\/span>00 m<br \/>\n<\/b>Maximum altitude: 436 m<b><br \/>\n<\/b>Minimum altitude: 12 m<\/p>\n<p class=\"p1\"><b>TERRAIN<\/b><\/p>\n<p class=\"p1\">Unpaved: 95%<\/p>\n<p class=\"p1\">Paved: 5%<\/p>\n<p class=\"p1\"><b>TIMES<\/b><\/p>\n<p class=\"p1\">1st participant: 1h40<br \/>\nCut of time: 5h<\/p>\n<p>Start &amp; finish: <strong>Roses<br \/>\n<\/strong><\/p>\n<p><strong>Mandatory material:<\/strong> it is the participant&#8217;s responsibility to assess which material is recommended to bring.<\/p>\n<p><strong>Recommended gear<\/strong>: cup or bottle, mobile phone, thermal blanket, and any other essentials to cope with sudden weather changes due to the current climate emergency.<\/p>\n<p><strong>Natural parc of Cap de Creus<br \/>\n<\/strong>Highlights: Castell de Verdera, Sant Pere de Rodes, Sant Baldiri de Taballera, Puig dels Bufadors, Cadaqu\u00e9s, Puig de Sa Cru\u00eflla, Cala J\u00f3ncols, Cala Montjoi &amp; Pla de les Gates<\/p>\n<p><span class=\"color_11\"><strong>Route marked<\/strong><\/span> <span class=\"color_11\">with red recycled<\/span> <span class=\"color_11\">Klassmark fabric and directional signs.<\/span>[\/vc_column_text][\/vc_tab][vc_tab icon=&#8221;fa fa-thumbs-up3&#8243; gutter_size=&#8221;2&#8243; column_padding=&#8221;0&#8243; title=&#8221;Services&#8221; tab_id=&#8221;1427386120778-0-5&#8243; slug=&#8221;Serveis&#8221;][vc_column_text uncode_shortcode_id=&#8221;818419&#8243;]<\/p>\n<ul>\n<li>Official gift<\/li>\n<li>Environmental tax<\/li>\n<li>Personalized bib number<\/li>\n<li>Timing and chip<\/li>\n<li>Online time<\/li>\n<li>Online photos<\/li>\n<li>Pre race feed zone (breakfast)<\/li>\n<li>Feed zone on route<\/li>\n<li>Finish feed zone<\/li>\n<li>Wardrobe service<\/li>\n<li>Route assistance<\/li>\n<li>Medical point<\/li>\n<li>Showers and toilets<\/li>\n<li>Car parking<\/li>\n<li>Motorhome and camper parking<\/li>\n<\/ul>\n<p>[\/vc_column_text][\/vc_tab][vc_tab icon=&#8221;fa fa-dinner&#8221; gutter_size=&#8221;2&#8243; column_padding=&#8221;0&#8243; title=&#8221;Feed zones&#8221; tab_id=&#8221;1664230864618-3-1&#8243; slug=&#8221;Avituallaments&#8221;][vc_column_text uncode_shortcode_id=&#8221;153987&#8243;]<\/p>\n<p class=\"p1\">Number of feed zones (on course): 2<\/p>\n<p class=\"p1\"><span style=\"text-decoration: underline;\"><a href=\"https:\/\/www.google.com\/maps\/place\/Roses,+17480,+Girona\/@42.2768959,3.2159984,123m\/data=!3m1!1e3!4m6!3m5!1s0x12ba642cebbb9e3f:0x76cb2b6a1e2776db!8m2!3d42.2765034!4d3.2166172!16s%2Fg%2F11t2gwghs8?entry=tts&amp;g_ep=EgoyMDI1MDcwNi4wIPu8ASoASAFQAw%3D%3D&amp;skid=1beb19e6-ae3b-4501-a42c-e745a201ae7c\"><span class=\"s1\">FZ1. Pla d\u2019en Causa<\/span><\/a><\/span>\u2013 KM<b>5,3<\/b> \u2013 1st participant: 9:28am \u2013 Cut of time: 10:15am<\/p>\n<p class=\"p1\"><span class=\"s1\"><a href=\"https:\/\/www.google.com\/maps\/d\/edit?hl=en&amp;mid=14R2nCxsmI_tdPy10-GIuyNmDmddRkgs&amp;ll=41.96929519513603%2C2.319920644902118&amp;z=12\"><span style=\"text-decoration: underline;\">FZ2. Cala Montjoi<\/span> <\/a><\/span>\u2013 KM<b>14<\/b> \u2013 1st participant: 10:15am \u2013 Cut-off time: 12:00pm \u2013 <strong>IMPORTANT!<\/strong> If you are a companion and want to go to this feed zone, you must park in <span style=\"text-decoration: underline;\"><a href=\"https:\/\/maps.app.goo.gl\/owLexfeMo2dehqPr6\"><span class=\"s1\">THIS PARKING<\/span><\/a><\/span> <span class=\"s1\">.<\/span><\/p>\n<p class=\"p1\"><span style=\"text-decoration: underline;\"><a href=\"https:\/\/maps.app.goo.gl\/pDHprouqemmPEFnU9\">FZ. Finish Roses <\/a><\/span> \u2013 KM<b>20<\/b>\u00a0\u2013 1st participant: 10:40am \u2013 Cut of time: 2pm<\/p>\n<p class=\"p1\"><b>Feed Zone products:<\/b><br \/>\n1 &amp; 2: water, Green Cola, isotonic drink, banana, orange, gummies, nuts, omelette, fuet (cured sausage), olives, and quince paste. All gluten-free.<br \/>\nFinish line: water, Green Cola, isotonic drink, beer, coffee, banana, orange, nuts, olives, Spanish omelette (all gluten-free), and sandwich.<\/p>\n<p class=\"p1\"><span style=\"text-decoration: underline;\"><span class=\"s1\">* Please remember that no single-use containers are provided at the feed zones.<\/span><\/span><\/p>\n<p>[\/vc_column_text][\/vc_tab][vc_tab icon=&#8221;fa fa-user2&#8243; gutter_size=&#8221;2&#8243; column_padding=&#8221;0&#8243; title=&#8221;Format and categories&#8221; tab_id=&#8221;1664230914355-4-2&#8243;][vc_column_text uncode_shortcode_id=&#8221;203586&#8243;]<\/p>\n<ul>\n<li style=\"list-style-type: none;\">\n<ul>\n<li><strong>Oficial Categories<\/strong>\n<ul>\n<li><strong>Absolute<br \/>\n<\/strong>Feminine<br \/>\nMasculine<br \/>\nNon-binary<\/li>\n<li><strong>Sub23<br \/>\n<\/strong>Female up to 23 years<br \/>\nMale up to 23 years<\/li>\n<li><strong>Master 40<br \/>\n<\/strong>Female from 40 to 49 years old<br \/>\nMale from 40 to 49 years<\/li>\n<li><strong>Master 50<br \/>\n<\/strong>Female from 50 years old<br \/>\nMale from 50 years old<\/li>\n<\/ul>\n<\/li>\n<\/ul>\n<p>* The age of the participant on December 31 of the current year will be taken into account.<br \/>\n* Prizes are cumulative.<br \/>\n* It will be essential to be present at the award ceremony to receive the trophy, medal or gift.<\/p>\n<ul>\n<li><strong>Honorary categories<\/strong>\n<ul>\n<li><strong>Master 60<br \/>\n<\/strong>Female from 60 to 69 years old<br \/>\nMale from 60 to 69 years old<\/li>\n<li><strong>Master 70<br \/>\n<\/strong>Feminine from 70 to 79 years<br \/>\nMale from 70 to 79 years old<\/li>\n<li><strong>Master 80<br \/>\n<\/strong>Female from 80 years old<br \/>\nMale from 80 years old<\/li>\n<\/ul>\n<\/li>\n<\/ul>\n<p>* The age of the participant on December 31 of the current year will be taken into account.<br \/>\n* The honorary categories will not be awarded prizes, but will appear in the classification of the event with the rest of the officials.<br \/>\n* No trophies, medals or gifts will be awarded.<\/li>\n<\/ul>\n<div id=\"gtx-trans\" style=\"position: absolute; left: 15px; top: 305.278px;\">\n<div class=\"gtx-trans-icon\"><\/div>\n<\/div>\n<p>[\/vc_column_text][\/vc_tab][vc_tab icon=&#8221;fa fa-document-text&#8221; gutter_size=&#8221;2&#8243; column_padding=&#8221;0&#8243; title=&#8221;Documents&#8221; tab_id=&#8221;1664230960164-5-8&#8243; slug=&#8221;Documents&#8221;][vc_column_text uncode_shortcode_id=&#8221;885504&#8243;]<\/p>\n<ul>\n<li><strong>Documents<\/strong>\n<ul>\n<li>Regultaion<strong> <a href=\"https:\/\/www.klassmark.com\/wp-content\/uploads\/2025\/02\/REGLAMENT-TRAIL-CAP-DE-CREUS_CAT.pdf\">CAT<\/a><\/strong> \/\/ <strong><a href=\"https:\/\/www.klassmark.com\/wp-content\/uploads\/2025\/02\/REGLAMENTO-TRAIL-CAP-DE-CREUS_ESP.pdf\">ESP<\/a><\/strong> \/\/ <strong><a href=\"https:\/\/www.klassmark.com\/wp-content\/uploads\/2025\/02\/TRAIL-CAP-DE-CREUS-REGULATION_ENG.pdf\">ENG<\/a><\/strong><\/li>\n<li>Minors authorization <a href=\"https:\/\/www.klassmark.com\/wp-content\/uploads\/2023\/10\/AUTORITZACIO-MENORS-KLASSMARK.pdf\" target=\"_blank\" rel=\"noopener\">CAT<\/a> \/\/ <a href=\"https:\/\/www.klassmark.com\/wp-content\/uploads\/2024\/07\/AUTORIZACION-MENORES-KLASSMARK-ES.pdf\" target=\"_blank\" rel=\"noopener\">ESP<\/a> \/\/ <a href=\"https:\/\/www.klassmark.com\/wp-content\/uploads\/2021\/09\/Autoritzation-for-minors.pdf\" target=\"_blank\" rel=\"noopener\">ENG<\/a> \/\/ <a href=\"https:\/\/www.klassmark.com\/wp-content\/uploads\/2024\/07\/AUTORISATION-POUR-MINEURS-FR.pdf\" target=\"_blank\" rel=\"noopener\">FR<\/a><\/li>\n<li>Responsibility document <a href=\"https:\/\/www.klassmark.com\/wp-content\/uploads\/2023\/10\/insc.-PLEC-DE-DESCARREC-DE-RESPONSABILITATS-KLASSMARK.pdf\" target=\"_blank\" rel=\"noopener\">CAT<\/a> \/\/ <a href=\"https:\/\/www.klassmark.com\/wp-content\/uploads\/2023\/10\/insc.-DESCARGO-DE-RESPONSABILIDADES-KLASSMARK.pdf\" target=\"_blank\" rel=\"noopener\">ESP<\/a> \/\/ <a href=\"https:\/\/www.klassmark.com\/wp-content\/uploads\/2023\/10\/Disclaimer.pdf\" target=\"_blank\" rel=\"noopener\">ENG<\/a> \/\/ <a href=\"https:\/\/www.klassmark.com\/wp-content\/uploads\/2023\/10\/insc.-CLAUSE-DE-NON-RESPONSABILITE-KLASSMARK.pdf\" target=\"_blank\" rel=\"noopener\">FR<\/a><\/li>\n<\/ul>\n<\/li>\n<\/ul>\n<p>[\/vc_column_text][\/vc_tab][\/vc_tabs][vc_empty_space empty_h=&#8221;4&#8243;][\/vc_column][\/vc_row]<\/p>\n<\/div>","protected":false},"excerpt":{"rendered":"<p>[vc_row row_height_percent=&#8221;0&#8243; back_color=&#8221;color-jevc&#8221; overlay_color=&#8221;color-jevc&#8221; overlay_alpha=&#8221;100&#8243; gutter_size=&#8221;3&#8243; column_width_percent=&#8221;100&#8243; shift_y=&#8221;0&#8243; z_index=&#8221;1&#8243; enable_bottom_divider=&#8221;default&#8221; bottom_divider=&#8221;gradient&#8221; shape_bottom_h_use_pixel=&#8221;true&#8221; shape_bottom_height_percent=&#8221;100&#8243; shape_bottom_color=&#8221;color-jevc&#8221; shape_bottom_opacity=&#8221;50&#8243; shape_bottom_index=&#8221;0&#8243; sticky=&#8221;yes&#8221; changer_back_color=&#8221;yes&#8221; uncode_shortcode_id=&#8221;559065&#8243; back_color_type=&#8221;uncode-palette&#8221; [&hellip;]<\/p>\n","protected":false},"author":8,"featured_media":0,"parent":0,"menu_order":0,"comment_status":"closed","ping_status":"closed","template":"","meta":{"footnotes":""},"class_list":["post-112634","page","type-page","status-publish","hentry"],"yoast_head":"<!-- This site is optimized with the Yoast SEO plugin v27.1.1 - https:\/\/yoast.com\/product\/yoast-seo-wordpress\/ -->\n<title>Trail Cap de Creus - 20K - KLASSMARK<\/title>\n<meta name=\"robots\" content=\"index, follow, max-snippet:-1, max-image-preview:large, max-video-preview:-1\" \/>\n<link rel=\"canonical\" href=\"https:\/\/www.klassmark.com\/en\/trail-cap-de-creus-trail\/\" \/>\n<meta property=\"og:locale\" content=\"en_US\" \/>\n<meta property=\"og:type\" content=\"article\" \/>\n<meta property=\"og:title\" content=\"Trail Cap de Creus - 20K - KLASSMARK\" \/>\n<meta property=\"og:description\" content=\"[vc_row row_height_percent=&#8221;0&#8243; back_color=&#8221;color-jevc&#8221; overlay_color=&#8221;color-jevc&#8221; overlay_alpha=&#8221;100&#8243; gutter_size=&#8221;3&#8243; column_width_percent=&#8221;100&#8243; shift_y=&#8221;0&#8243; z_index=&#8221;1&#8243; enable_bottom_divider=&#8221;default&#8221; bottom_divider=&#8221;gradient&#8221; shape_bottom_h_use_pixel=&#8221;true&#8221; shape_bottom_height_percent=&#8221;100&#8243; shape_bottom_color=&#8221;color-jevc&#8221; shape_bottom_opacity=&#8221;50&#8243; shape_bottom_index=&#8221;0&#8243; sticky=&#8221;yes&#8221; changer_back_color=&#8221;yes&#8221; uncode_shortcode_id=&#8221;559065&#8243; back_color_type=&#8221;uncode-palette&#8221; [&hellip;]\" \/>\n<meta property=\"og:url\" content=\"https:\/\/www.klassmark.com\/en\/trail-cap-de-creus-trail\/\" \/>\n<meta property=\"og:site_name\" content=\"KLASSMARK\" \/>\n<meta property=\"article:modified_time\" content=\"2026-01-13T07:11:58+00:00\" \/>\n<meta name=\"twitter:card\" content=\"summary_large_image\" \/>\n<meta name=\"twitter:label1\" content=\"Est. reading time\" \/>\n\t<meta name=\"twitter:data1\" content=\"5 minutes\" \/>\n<script type=\"application\/ld+json\" class=\"yoast-schema-graph\">{\"@context\":\"https:\/\/schema.org\",\"@graph\":[{\"@type\":\"WebPage\",\"@id\":\"https:\/\/www.klassmark.com\/en\/trail-cap-de-creus-trail\/\",\"url\":\"https:\/\/www.klassmark.com\/en\/trail-cap-de-creus-trail\/\",\"name\":\"Trail Cap de Creus - 20K - KLASSMARK\",\"isPartOf\":{\"@id\":\"https:\/\/www.klassmark.com\/en\/#website\"},\"datePublished\":\"2023-02-20T09:30:20+00:00\",\"dateModified\":\"2026-01-13T07:11:58+00:00\",\"breadcrumb\":{\"@id\":\"https:\/\/www.klassmark.com\/en\/trail-cap-de-creus-trail\/#breadcrumb\"},\"inLanguage\":\"en\",\"potentialAction\":[{\"@type\":\"ReadAction\",\"target\":[\"https:\/\/www.klassmark.com\/en\/trail-cap-de-creus-trail\/\"]}]},{\"@type\":\"BreadcrumbList\",\"@id\":\"https:\/\/www.klassmark.com\/en\/trail-cap-de-creus-trail\/#breadcrumb\",\"itemListElement\":[{\"@type\":\"ListItem\",\"position\":1,\"name\":\"Portada\",\"item\":\"https:\/\/www.klassmark.com\/en\/\"},{\"@type\":\"ListItem\",\"position\":2,\"name\":\"Trail Cap de Creus &#8211; 20K\"}]},{\"@type\":\"WebSite\",\"@id\":\"https:\/\/www.klassmark.com\/en\/#website\",\"url\":\"https:\/\/www.klassmark.com\/en\/\",\"name\":\"KLASSMARK\",\"description\":\"Curses de Trail, Mtb i Gravel\",\"publisher\":{\"@id\":\"https:\/\/www.klassmark.com\/en\/#organization\"},\"potentialAction\":[{\"@type\":\"SearchAction\",\"target\":{\"@type\":\"EntryPoint\",\"urlTemplate\":\"https:\/\/www.klassmark.com\/en\/?s={search_term_string}\"},\"query-input\":{\"@type\":\"PropertyValueSpecification\",\"valueRequired\":true,\"valueName\":\"search_term_string\"}}],\"inLanguage\":\"en\"},{\"@type\":\"Organization\",\"@id\":\"https:\/\/www.klassmark.com\/en\/#organization\",\"name\":\"KLASSMARK\",\"url\":\"https:\/\/www.klassmark.com\/en\/\",\"logo\":{\"@type\":\"ImageObject\",\"inLanguage\":\"en\",\"@id\":\"https:\/\/www.klassmark.com\/en\/#\/schema\/logo\/image\/\",\"url\":\"https:\/\/www.klassmark.com\/wp-content\/uploads\/2022\/09\/KLASSMARK-quadrat-white_Mesa-de-trabajo-1.png\",\"contentUrl\":\"https:\/\/www.klassmark.com\/wp-content\/uploads\/2022\/09\/KLASSMARK-quadrat-white_Mesa-de-trabajo-1.png\",\"width\":659,\"height\":667,\"caption\":\"KLASSMARK\"},\"image\":{\"@id\":\"https:\/\/www.klassmark.com\/en\/#\/schema\/logo\/image\/\"}}]}<\/script>\n<!-- \/ Yoast SEO plugin. -->","yoast_head_json":{"title":"Trail Cap de Creus - 20K - KLASSMARK","robots":{"index":"index","follow":"follow","max-snippet":"max-snippet:-1","max-image-preview":"max-image-preview:large","max-video-preview":"max-video-preview:-1"},"canonical":"https:\/\/www.klassmark.com\/en\/trail-cap-de-creus-trail\/","og_locale":"en_US","og_type":"article","og_title":"Trail Cap de Creus - 20K - KLASSMARK","og_description":"[vc_row row_height_percent=&#8221;0&#8243; back_color=&#8221;color-jevc&#8221; overlay_color=&#8221;color-jevc&#8221; overlay_alpha=&#8221;100&#8243; gutter_size=&#8221;3&#8243; column_width_percent=&#8221;100&#8243; shift_y=&#8221;0&#8243; z_index=&#8221;1&#8243; enable_bottom_divider=&#8221;default&#8221; bottom_divider=&#8221;gradient&#8221; shape_bottom_h_use_pixel=&#8221;true&#8221; shape_bottom_height_percent=&#8221;100&#8243; shape_bottom_color=&#8221;color-jevc&#8221; shape_bottom_opacity=&#8221;50&#8243; shape_bottom_index=&#8221;0&#8243; sticky=&#8221;yes&#8221; changer_back_color=&#8221;yes&#8221; uncode_shortcode_id=&#8221;559065&#8243; back_color_type=&#8221;uncode-palette&#8221; [&hellip;]","og_url":"https:\/\/www.klassmark.com\/en\/trail-cap-de-creus-trail\/","og_site_name":"KLASSMARK","article_modified_time":"2026-01-13T07:11:58+00:00","twitter_card":"summary_large_image","twitter_misc":{"Est. reading time":"5 minutes"},"schema":{"@context":"https:\/\/schema.org","@graph":[{"@type":"WebPage","@id":"https:\/\/www.klassmark.com\/en\/trail-cap-de-creus-trail\/","url":"https:\/\/www.klassmark.com\/en\/trail-cap-de-creus-trail\/","name":"Trail Cap de Creus - 20K - KLASSMARK","isPartOf":{"@id":"https:\/\/www.klassmark.com\/en\/#website"},"datePublished":"2023-02-20T09:30:20+00:00","dateModified":"2026-01-13T07:11:58+00:00","breadcrumb":{"@id":"https:\/\/www.klassmark.com\/en\/trail-cap-de-creus-trail\/#breadcrumb"},"inLanguage":"en","potentialAction":[{"@type":"ReadAction","target":["https:\/\/www.klassmark.com\/en\/trail-cap-de-creus-trail\/"]}]},{"@type":"BreadcrumbList","@id":"https:\/\/www.klassmark.com\/en\/trail-cap-de-creus-trail\/#breadcrumb","itemListElement":[{"@type":"ListItem","position":1,"name":"Portada","item":"https:\/\/www.klassmark.com\/en\/"},{"@type":"ListItem","position":2,"name":"Trail Cap de Creus &#8211; 20K"}]},{"@type":"WebSite","@id":"https:\/\/www.klassmark.com\/en\/#website","url":"https:\/\/www.klassmark.com\/en\/","name":"KLASSMARK","description":"Curses de Trail, Mtb i Gravel","publisher":{"@id":"https:\/\/www.klassmark.com\/en\/#organization"},"potentialAction":[{"@type":"SearchAction","target":{"@type":"EntryPoint","urlTemplate":"https:\/\/www.klassmark.com\/en\/?s={search_term_string}"},"query-input":{"@type":"PropertyValueSpecification","valueRequired":true,"valueName":"search_term_string"}}],"inLanguage":"en"},{"@type":"Organization","@id":"https:\/\/www.klassmark.com\/en\/#organization","name":"KLASSMARK","url":"https:\/\/www.klassmark.com\/en\/","logo":{"@type":"ImageObject","inLanguage":"en","@id":"https:\/\/www.klassmark.com\/en\/#\/schema\/logo\/image\/","url":"https:\/\/www.klassmark.com\/wp-content\/uploads\/2022\/09\/KLASSMARK-quadrat-white_Mesa-de-trabajo-1.png","contentUrl":"https:\/\/www.klassmark.com\/wp-content\/uploads\/2022\/09\/KLASSMARK-quadrat-white_Mesa-de-trabajo-1.png","width":659,"height":667,"caption":"KLASSMARK"},"image":{"@id":"https:\/\/www.klassmark.com\/en\/#\/schema\/logo\/image\/"}}]}},"_links":{"self":[{"href":"https:\/\/www.klassmark.com\/en\/wp-json\/wp\/v2\/pages\/112634","targetHints":{"allow":["GET"]}}],"collection":[{"href":"https:\/\/www.klassmark.com\/en\/wp-json\/wp\/v2\/pages"}],"about":[{"href":"https:\/\/www.klassmark.com\/en\/wp-json\/wp\/v2\/types\/page"}],"author":[{"embeddable":true,"href":"https:\/\/www.klassmark.com\/en\/wp-json\/wp\/v2\/users\/8"}],"replies":[{"embeddable":true,"href":"https:\/\/www.klassmark.com\/en\/wp-json\/wp\/v2\/comments?post=112634"}],"version-history":[{"count":134,"href":"https:\/\/www.klassmark.com\/en\/wp-json\/wp\/v2\/pages\/112634\/revisions"}],"predecessor-version":[{"id":122500,"href":"https:\/\/www.klassmark.com\/en\/wp-json\/wp\/v2\/pages\/112634\/revisions\/122500"}],"wp:attachment":[{"href":"https:\/\/www.klassmark.com\/en\/wp-json\/wp\/v2\/media?parent=112634"}],"curies":[{"name":"wp","href":"https:\/\/api.w.org\/{rel}","templated":true}]}}